{"id":5559,"date":"2017-08-08T12:44:14","date_gmt":"2017-08-08T12:44:14","guid":{"rendered":"https:\/\/www.rossignolbxl.be\/la-societe\/"},"modified":"2017-08-08T12:44:15","modified_gmt":"2017-08-08T12:44:15","slug":"la-societe","status":"publish","type":"page","link":"https:\/\/www.rossignolbxl.be\/fr\/la-societe\/","title":{"rendered":"La soci\u00e9t\u00e9"},"content":{"rendered":"<p>[et_pb_section bb_built=\u00a0\u00bb1&Prime; fullwidth=\u00a0\u00bbon\u00a0\u00bb specialty=\u00a0\u00bboff\u00a0\u00bb _builder_version=\u00a0\u00bb3.0.62&Prime;][et_pb_fullwidth_header _builder_version=\u00a0\u00bb3.0.62&Prime; title=\u00a0\u00bbla soci\u00e9t\u00e9\u00a0\u00bb background_image=\u00a0\u00bbhttps:\/\/www.rossignolbxl.be\/wp-content\/uploads\/2017\/07\/group-insurance.jpg\u00a0\u00bb text_orientation=\u00a0\u00bbleft\u00a0\u00bb header_fullscreen=\u00a0\u00bboff\u00a0\u00bb header_scroll_down=\u00a0\u00bboff\u00a0\u00bb image_orientation=\u00a0\u00bbcenter\u00a0\u00bb background_layout=\u00a0\u00bbdark\u00a0\u00bb content_orientation=\u00a0\u00bbcenter\u00a0\u00bb custom_button_one=\u00a0\u00bboff\u00a0\u00bb button_one_letter_spacing=\u00a0\u00bb0&Prime; button_one_icon_placement=\u00a0\u00bbright\u00a0\u00bb button_one_letter_spacing_hover=\u00a0\u00bb0&Prime; custom_button_two=\u00a0\u00bboff\u00a0\u00bb button_two_letter_spacing=\u00a0\u00bb0&Prime; button_two_icon_placement=\u00a0\u00bbright\u00a0\u00bb button_two_letter_spacing_hover=\u00a0\u00bb0&Prime; title_font_color=\u00a0\u00bb#ffffff\u00a0\u00bb custom_css_main_element=\u00a0\u00bbheight: 300px;\u00a0\u00bb custom_css_title=\u00a0\u00bbmargin-top: 40px;\u00a0\u00bb background_position=\u00a0\u00bbtop_left\u00a0\u00bb background_repeat=\u00a0\u00bbrepeat\u00a0\u00bb background_size=\u00a0\u00bbinitial\u00a0\u00bb \/][\/et_pb_section][et_pb_section bb_built=\u00a0\u00bb1&Prime;][et_pb_row][et_pb_column type=\u00a0\u00bb4_4&Prime;][et_pb_text _builder_version=\u00a0\u00bb3.0.62&Prime; background_layout=\u00a0\u00bblight\u00a0\u00bb text_orientation=\u00a0\u00bbleft\u00a0\u00bb border_style=\u00a0\u00bbsolid\u00a0\u00bb]<\/p>\n<h3><span style=\"font-family: Verdana, Arial, Helvetica, sans-serif;\">Sp\u00e9cialisation<\/span><\/h3>\n<p><span style=\"font-family: Verdana, Arial, Helvetica, sans-serif;\">De part sa longue exp\u00e9rience, notre bureau s&rsquo;est sp\u00e9cialis\u00e9 dans l&rsquo;assurance de l&rsquo;ind\u00e9pendant, des PME, des entreprises en g\u00e9n\u00e9rales et des copropri\u00e9t\u00e9s.<\/span><\/p>\n<p><span style=\"font-family: Verdana, Arial, Helvetica, sans-serif;\">Ce genre de client\u00e8le demande une grande attention et des connaissances sp\u00e9cifiques en mati\u00e8re d&rsquo;assurance, de droit et de pr\u00e9vention.<\/span><\/p>\n<h3><span style=\"font-family: Verdana, Arial, Helvetica, sans-serif;\">Service<\/span><\/h3>\n<p><span style=\"font-family: Verdana, Arial, Helvetica, sans-serif;\">Les plus grandes entreprises d&rsquo;assurances de Belgique nous octroient leurs confiances, aussi bien pour la souscription des contrats que le r\u00e8glement de sinistres. Ceci est un avantage pour le client, aussi bien en ce qui concerne le paiement de la prime que la rapidit\u00e9 de l&rsquo;indemnisation dans le cas d&rsquo;un sinistre.<\/span>[\/et_pb_text][\/et_pb_column][\/et_pb_row][\/et_pb_section]<\/p>\n","protected":false},"excerpt":{"rendered":"<p><div class=\"et_pb_row et_pb_row_0 et_pb_row_empty\">\n\t\t\t\t\n\t\t\t\t\n\t\t\t\t\n\t\t\t\t\n\t\t\t\t\n\t\t\t<\/div>Sp\u00e9cialisation De part sa longue exp\u00e9rience, notre bureau s&rsquo;est sp\u00e9cialis\u00e9 dans l&rsquo;assurance de l&rsquo;ind\u00e9pendant, des PME, des entreprises en g\u00e9n\u00e9rales et des copropri\u00e9t\u00e9s. Ce genre de client\u00e8le demande une grande attention et des connaissances sp\u00e9cifiques en mati\u00e8re d&rsquo;assurance, de droit et de pr\u00e9vention. Service Les plus grandes entreprises d&rsquo;assurances de Belgique nous octroient leurs confiances, [&hellip;]<\/p>\n","protected":false},"author":2,"featured_media":0,"parent":0,"menu_order":0,"comment_status":"closed","ping_status":"closed","template":"","meta":{"_et_pb_use_builder":"on","_et_pb_old_content":"","_et_gb_content_width":"","footnotes":""},"_links":{"self":[{"href":"https:\/\/www.rossignolbxl.be\/fr\/wp-json\/wp\/v2\/pages\/5559"}],"collection":[{"href":"https:\/\/www.rossignolbxl.be\/fr\/wp-json\/wp\/v2\/pages"}],"about":[{"href":"https:\/\/www.rossignolbxl.be\/fr\/wp-json\/wp\/v2\/types\/page"}],"author":[{"embeddable":true,"href":"https:\/\/www.rossignolbxl.be\/fr\/wp-json\/wp\/v2\/users\/2"}],"replies":[{"embeddable":true,"href":"https:\/\/www.rossignolbxl.be\/fr\/wp-json\/wp\/v2\/comments?post=5559"}],"version-history":[{"count":2,"href":"https:\/\/www.rossignolbxl.be\/fr\/wp-json\/wp\/v2\/pages\/5559\/revisions"}],"predecessor-version":[{"id":5561,"href":"https:\/\/www.rossignolbxl.be\/fr\/wp-json\/wp\/v2\/pages\/5559\/revisions\/5561"}],"wp:attachment":[{"href":"https:\/\/www.rossignolbxl.be\/fr\/wp-json\/wp\/v2\/media?parent=5559"}],"curies":[{"name":"wp","href":"https:\/\/api.w.org\/{rel}","templated":true}]}}