{"id":5578,"date":"2017-08-12T12:26:06","date_gmt":"2017-08-12T12:26:06","guid":{"rendered":"https:\/\/www.rossignolbxl.be\/assurance-incendie-entreprises-et-pme\/"},"modified":"2017-08-12T12:26:06","modified_gmt":"2017-08-12T12:26:06","slug":"assurance-incendie-entreprises-et-pme","status":"publish","type":"page","link":"https:\/\/www.rossignolbxl.be\/fr\/entreprises\/assurance-incendie-entreprises-et-pme\/","title":{"rendered":"Assurance incendie entreprises et PME"},"content":{"rendered":"<p>[et_pb_section bb_built=\u00a0\u00bb1&Prime; fullwidth=\u00a0\u00bbon\u00a0\u00bb specialty=\u00a0\u00bboff\u00a0\u00bb _builder_version=\u00a0\u00bb3.0.62&Prime;][et_pb_fullwidth_header _builder_version=\u00a0\u00bb3.0.62&Prime; title=\u00a0\u00bbAssurance incendie entreprises et PME\u00a0\u00bb background_image=\u00a0\u00bbhttps:\/\/www.rossignolbxl.be\/wp-content\/uploads\/2017\/07\/group-insurance.jpg\u00a0\u00bb text_orientation=\u00a0\u00bbleft\u00a0\u00bb header_fullscreen=\u00a0\u00bboff\u00a0\u00bb header_scroll_down=\u00a0\u00bboff\u00a0\u00bb image_orientation=\u00a0\u00bbcenter\u00a0\u00bb background_layout=\u00a0\u00bbdark\u00a0\u00bb content_orientation=\u00a0\u00bbcenter\u00a0\u00bb custom_button_one=\u00a0\u00bboff\u00a0\u00bb button_one_letter_spacing=\u00a0\u00bb0&Prime; button_one_icon_placement=\u00a0\u00bbright\u00a0\u00bb button_one_letter_spacing_hover=\u00a0\u00bb0&Prime; custom_button_two=\u00a0\u00bboff\u00a0\u00bb button_two_letter_spacing=\u00a0\u00bb0&Prime; button_two_icon_placement=\u00a0\u00bbright\u00a0\u00bb button_two_letter_spacing_hover=\u00a0\u00bb0&Prime; title_font_color=\u00a0\u00bb#ffffff\u00a0\u00bb custom_css_main_element=\u00a0\u00bbheight: 300px;\u00a0\u00bb custom_css_title=\u00a0\u00bbmargin-top: 40px;\u00a0\u00bb \/][\/et_pb_section][et_pb_section bb_built=\u00a0\u00bb1&Prime;][et_pb_row][et_pb_column type=\u00a0\u00bb4_4&Prime;][et_pb_text _builder_version=\u00a0\u00bb3.0.62&Prime; background_layout=\u00a0\u00bblight\u00a0\u00bb text_orientation=\u00a0\u00bbleft\u00a0\u00bb border_style=\u00a0\u00bbsolid\u00a0\u00bb custom_padding=\u00a0\u00bb15px|15px|15px|15px\u00a0\u00bb custom_css_main_element=\u00a0\u00bbbox-shadow: 0 6px 20px rgba(0, 0, 0, 0.23), 0 6px 20px rgba(0, 0, 0, 0.16);||\u00a0\u00bb saved_tabs=\u00a0\u00bball\u00a0\u00bb]Les d\u00e9g\u00e2ts caus\u00e9s par un incendie, parfois consid\u00e9rables, concernent, non seulement les locaux que vous occupez en tant que propri\u00e9taire ou locataire mais aussi leur contenu (mat\u00e9riels professionnels, marchandises).<br \/>\nQue couvre cette assurance?<\/p>\n<p>Prot\u00e9ger vos locaux, stocks de mati\u00e8res premi\u00e8res et de produits finis, vos biens ou ceux qui vous sont confi\u00e9s, c\u00b4est en fait prot\u00e9ger votre activit\u00e9, contre les risques les plus connus bien s\u00fbr :<\/p>\n<p>&#8211; l\u00b4 incendie ; une explosion (gaz), une implosion (ordinateurs\u2026) ; la fum\u00e9e avec ou sans feu; et les dommages \u00e9lectriques ;<br \/>\n&#8211; les cons\u00e9quences de la chute de la foudre et des courts-circuits sur la partie immobili\u00e8re des biens assur\u00e9s ainsi que sur les installations \u00e9lectriques qui y sont rattach\u00e9es ;<br \/>\n&#8211; les d\u00e9gats des eaux<br \/>\n&#8211; la temp\u00eate, la gr\u00eale, la neige ;<br \/>\n&#8211; le vol, le vandalisme ;<br \/>\n&#8211; le bris de glaces ;<\/p>\n<p>mais \u00e9galement, contre des risques moins \u00e9vidents<\/p>\n<p>&#8211; La perte de liquides ;<br \/>\n&#8211; Les autres \u00e9v\u00e9nements (effondrement&#8230;).<\/p>\n<p>En outre, le feu peut se propager, occasionnant des dommages importants aux locaux de vos voisins. La garantie incendie vous couvre aussi pour ces dommages dont vous pourriez \u00eatre reconnu responsable et que vous seriez contraint d\u2019assumer.<\/p>\n<p>Les questions pos\u00e9es par l\u2019assureur<\/p>\n<p>Outre les questions plus g\u00e9n\u00e9rales concernant votre activit\u00e9, la superficie d\u00e9velopp\u00e9e des locaux et le type de biens \u00e0 assurer, votre assureur va se renseigner sur des \u00e9l\u00e9ments pouvant constituer des facteurs d\u2019aggravation du risque incendie.<\/p>\n<p>&#8211; stockez-vous des mati\u00e8res inflammables en quantit\u00e9 importante?<br \/>\n&#8211; certains \u00e9l\u00e9ments de construction de votre b\u00e2timent sont-ils constitu\u00e9s par des mat\u00e9riaux pr\u00e9sentant certaines vuln\u00e9rabilit\u00e9s ?<br \/>\n&#8211; y a-t-il une pr\u00e9sence importante d\u2019emballages : bois (carton\/papier), mati\u00e8re plastique, polystyr\u00e8ne\u2026 ?<br \/>\n&#8211; vos locaux professionnels sont-ils situ\u00e9s \u00e0 proximit\u00e9 d\u2019un commerce pr\u00e9sentant un risque \u00e9lev\u00e9 d\u2019incendie (station-service, armurerie\u2026) ?<\/p>\n<p>A contrario, la pr\u00e9sence de dispositifs de pr\u00e9vention tels que les sprinkleurs, permettant \u00e0 la fois de r\u00e9duire la probabilit\u00e9 de la survenance et les cons\u00e9quences d\u2019un incendie, sera prise en consid\u00e9ration par votre assureur pour \u00e9tablir le contrat.<\/p>\n<p><strong>La pr\u00e9vention<\/strong><\/p>\n<p>Si votre assureur ne vous impose pas en incendie-explosion, contrairement \u00e0 d\u2019autres garanties, la mise en place de moyens de pr\u00e9vention et de protection, il para\u00eet important de rappeler quelques mesures de bon sens qui permettent de r\u00e9duire le risque, tant au niveau de la probabilit\u00e9 de survenance que de l\u2019importance des dommages :<\/p>\n<p>&#8211; faire entretenir r\u00e9guli\u00e8rement vos installations de gaz et d\u2019\u00e9lectricit\u00e9 ;<br \/>\n&#8211; \u00e9viter de surcharger les circuits sur une m\u00eame prise ;<br \/>\n&#8211; \u00e9viter les mat\u00e9riaux inflammables pour isoler, d\u00e9corer ou meubler ;<br \/>\n&#8211; d\u00e9tenir un dispositif d\u2019extinction appropri\u00e9, v\u00e9rifi\u00e9 et entretenu et s\u2019assurer que vous-m\u00eame et votre personnel savez l\u2019utiliser. Enfin, pour \u00e9viter les probl\u00e8mes \u00e0 la suite d\u2019un sinistre, mettez \u00e0 l\u2019abri dans un coffre-fort les preuves d\u2019achat et de valeur de vos biens ou conservez une copie chez une tierce personne.<\/p>\n<p>ATTENTION ! Apr\u00e8s un incendie, les dur\u00e9es de reconstruction, de r\u00e9installation et de reprise d\u2019activit\u00e9 moyenne s\u2019\u00e9tendent sur plusieurs mois, entra\u00eenant une r\u00e9duction totale ou du moins significative de votre chiffre d\u2019affaires, d\u2019o\u00f9 l\u2019importance de la garantie des pertes d\u2019exploitation. Cette garantie compl\u00e9mentaire vous offre une indemnit\u00e9 correspondant au revenu qui aurait \u00e9t\u00e9 le v\u00f4tre si l\u2019incendie n\u2019avait pas eu lieu.[\/et_pb_text][et_pb_button _builder_version=\u00a0\u00bb3.0.62&Prime; button_text=\u00a0\u00bbDemandez votre devis\u00a0\u00bb button_url=\u00a0\u00bb\/fr\/contact\u00a0\u00bb url_new_window=\u00a0\u00bboff\u00a0\u00bb button_alignment=\u00a0\u00bbcenter\u00a0\u00bb background_layout=\u00a0\u00bbdark\u00a0\u00bb custom_button=\u00a0\u00bbon\u00a0\u00bb button_text_color=\u00a0\u00bb#ffffff\u00a0\u00bb button_bg_color=\u00a0\u00bb#c12e1b\u00a0\u00bb button_border_width=\u00a0\u00bb0&Prime; button_border_radius=\u00a0\u00bb0&Prime; button_letter_spacing=\u00a0\u00bb0&Prime; button_icon=\u00a0\u00bb%%30%%\u00a0\u00bb button_icon_placement=\u00a0\u00bbright\u00a0\u00bb button_on_hover=\u00a0\u00bboff\u00a0\u00bb button_letter_spacing_hover=\u00a0\u00bb0&Prime; module_class=\u00a0\u00bbofferte\u00a0\u00bb button_font=\u00a0\u00bb|||on|\u00a0\u00bb saved_tabs=\u00a0\u00bball\u00a0\u00bb global_module=\u00a0\u00bb5367&Prime; \/][\/et_pb_column][\/et_pb_row][\/et_pb_section]<\/p>\n","protected":false},"excerpt":{"rendered":"<p><div class=\"et_pb_row et_pb_row_0 et_pb_row_empty\">\n\t\t\t\t\n\t\t\t\t\n\t\t\t\t\n\t\t\t\t\n\t\t\t\t\n\t\t\t<\/div>Les d\u00e9g\u00e2ts caus\u00e9s par un incendie, parfois consid\u00e9rables, concernent, non seulement les locaux que vous occupez en tant que propri\u00e9taire ou locataire mais aussi leur contenu (mat\u00e9riels professionnels, marchandises). Que couvre cette assurance? Prot\u00e9ger vos locaux, stocks de mati\u00e8res premi\u00e8res et de produits finis, vos biens ou ceux qui vous sont confi\u00e9s, c\u00b4est en fait [&hellip;]<\/p>\n","protected":false},"author":2,"featured_media":0,"parent":5659,"menu_order":0,"comment_status":"closed","ping_status":"closed","template":"","meta":{"_et_pb_use_builder":"on","_et_pb_old_content":"","_et_gb_content_width":"","footnotes":""},"_links":{"self":[{"href":"https:\/\/www.rossignolbxl.be\/fr\/wp-json\/wp\/v2\/pages\/5578"}],"collection":[{"href":"https:\/\/www.rossignolbxl.be\/fr\/wp-json\/wp\/v2\/pages"}],"about":[{"href":"https:\/\/www.rossignolbxl.be\/fr\/wp-json\/wp\/v2\/types\/page"}],"author":[{"embeddable":true,"href":"https:\/\/www.rossignolbxl.be\/fr\/wp-json\/wp\/v2\/users\/2"}],"replies":[{"embeddable":true,"href":"https:\/\/www.rossignolbxl.be\/fr\/wp-json\/wp\/v2\/comments?post=5578"}],"version-history":[{"count":4,"href":"https:\/\/www.rossignolbxl.be\/fr\/wp-json\/wp\/v2\/pages\/5578\/revisions"}],"predecessor-version":[{"id":5582,"href":"https:\/\/www.rossignolbxl.be\/fr\/wp-json\/wp\/v2\/pages\/5578\/revisions\/5582"}],"up":[{"embeddable":true,"href":"https:\/\/www.rossignolbxl.be\/fr\/wp-json\/wp\/v2\/pages\/5659"}],"wp:attachment":[{"href":"https:\/\/www.rossignolbxl.be\/fr\/wp-json\/wp\/v2\/media?parent=5578"}],"curies":[{"name":"wp","href":"https:\/\/api.w.org\/{rel}","templated":true}]}}