{"id":5583,"date":"2017-08-12T12:26:50","date_gmt":"2017-08-12T12:26:50","guid":{"rendered":"https:\/\/www.rossignolbxl.be\/assurance-hospitalisation-entreprises\/"},"modified":"2017-08-12T12:26:51","modified_gmt":"2017-08-12T12:26:51","slug":"assurance-hospitalisation-entreprises","status":"publish","type":"page","link":"https:\/\/www.rossignolbxl.be\/fr\/entreprises\/assurance-hospitalisation-entreprises\/","title":{"rendered":"Assurance hospitalisation entreprises"},"content":{"rendered":"<p>[et_pb_section bb_built=\u00a0\u00bb1&Prime; fullwidth=\u00a0\u00bbon\u00a0\u00bb specialty=\u00a0\u00bboff\u00a0\u00bb _builder_version=\u00a0\u00bb3.0.62&Prime;][et_pb_fullwidth_header _builder_version=\u00a0\u00bb3.0.62&Prime; title=\u00a0\u00bbAssurance hospitalisation entreprises\u00a0\u00bb background_image=\u00a0\u00bbhttps:\/\/www.rossignolbxl.be\/wp-content\/uploads\/2017\/07\/group-insurance.jpg\u00a0\u00bb text_orientation=\u00a0\u00bbleft\u00a0\u00bb header_fullscreen=\u00a0\u00bboff\u00a0\u00bb header_scroll_down=\u00a0\u00bboff\u00a0\u00bb image_orientation=\u00a0\u00bbcenter\u00a0\u00bb background_layout=\u00a0\u00bbdark\u00a0\u00bb content_orientation=\u00a0\u00bbcenter\u00a0\u00bb custom_button_one=\u00a0\u00bboff\u00a0\u00bb button_one_letter_spacing=\u00a0\u00bb0&Prime; button_one_icon_placement=\u00a0\u00bbright\u00a0\u00bb button_one_letter_spacing_hover=\u00a0\u00bb0&Prime; custom_button_two=\u00a0\u00bboff\u00a0\u00bb button_two_letter_spacing=\u00a0\u00bb0&Prime; button_two_icon_placement=\u00a0\u00bbright\u00a0\u00bb button_two_letter_spacing_hover=\u00a0\u00bb0&Prime; title_font_color=\u00a0\u00bb#ffffff\u00a0\u00bb custom_css_main_element=\u00a0\u00bbheight: 300px;\u00a0\u00bb custom_css_title=\u00a0\u00bbmargin-top: 40px;\u00a0\u00bb \/][\/et_pb_section][et_pb_section bb_built=\u00a0\u00bb1&Prime;][et_pb_row][et_pb_column type=\u00a0\u00bb2_3&Prime;][et_pb_text _builder_version=\u00a0\u00bb3.0.62&Prime; background_layout=\u00a0\u00bblight\u00a0\u00bb text_orientation=\u00a0\u00bbleft\u00a0\u00bb border_style=\u00a0\u00bbsolid\u00a0\u00bb custom_padding=\u00a0\u00bb15px|15px|15px|15px\u00a0\u00bb custom_css_main_element=\u00a0\u00bbbox-shadow: 0 6px 20px rgba(0, 0, 0, 0.23), 0 6px 20px rgba(0, 0, 0, 0.16);||\u00a0\u00bb saved_tabs=\u00a0\u00bball\u00a0\u00bb]Aujourd\u00b4hui, les employeurs ont de plus en plus de responsabilit\u00e9s sociales.<br \/>\nLe concept d\u00b4 &#8217;employee benefits&rsquo; fait partie int\u00e9grante de la politique de r\u00e9mun\u00e9ration d\u00b4un grand nombre d\u00b4entreprises.<\/p>\n<p>Cette assurance rembourse non seulement tous les frais li\u00e9s au s\u00e9jour hospitalier en Belgique et \u00e0 l\u00b4\u00e9tranger, les frais ambulatoires pr\u00e9 et post hospitaliers, mais encore\u00a0les frais ambulatoires li\u00e9s aux maladies graves.<br \/>\nLes employ\u00e9s et les membres de leur famille peuvent souscrire ces garanties sans formalit\u00e9s m\u00e9dicales et sans stage. Une assurance collective hospitalisation est un avantage consid\u00e9rable pour les employ\u00e9s.[\/et_pb_text][\/et_pb_column][et_pb_column type=\u00a0\u00bb1_3&Prime;][et_pb_button _builder_version=\u00a0\u00bb3.0.62&Prime; button_text=\u00a0\u00bbDemandez votre devis\u00a0\u00bb button_url=\u00a0\u00bb\/fr\/contact\u00a0\u00bb url_new_window=\u00a0\u00bboff\u00a0\u00bb button_alignment=\u00a0\u00bbcenter\u00a0\u00bb background_layout=\u00a0\u00bbdark\u00a0\u00bb custom_button=\u00a0\u00bbon\u00a0\u00bb button_text_color=\u00a0\u00bb#ffffff\u00a0\u00bb button_bg_color=\u00a0\u00bb#c12e1b\u00a0\u00bb button_border_width=\u00a0\u00bb0&Prime; button_border_radius=\u00a0\u00bb0&Prime; button_letter_spacing=\u00a0\u00bb0&Prime; button_icon=\u00a0\u00bb%%30%%\u00a0\u00bb button_icon_placement=\u00a0\u00bbright\u00a0\u00bb button_on_hover=\u00a0\u00bboff\u00a0\u00bb button_letter_spacing_hover=\u00a0\u00bb0&Prime; module_class=\u00a0\u00bbofferte\u00a0\u00bb button_font=\u00a0\u00bb|||on|\u00a0\u00bb saved_tabs=\u00a0\u00bball\u00a0\u00bb global_module=\u00a0\u00bb5367&Prime; \/][\/et_pb_column][\/et_pb_row][\/et_pb_section]<\/p>\n","protected":false},"excerpt":{"rendered":"<p><div class=\"et_pb_row et_pb_row_0 et_pb_row_empty\">\n\t\t\t\t\n\t\t\t\t\n\t\t\t\t\n\t\t\t\t\n\t\t\t\t\n\t\t\t<\/div>Aujourd\u00b4hui, les employeurs ont de plus en plus de responsabilit\u00e9s sociales. Le concept d\u00b4 &#8217;employee benefits&rsquo; fait partie int\u00e9grante de la politique de r\u00e9mun\u00e9ration d\u00b4un grand nombre d\u00b4entreprises. Cette assurance rembourse non seulement tous les frais li\u00e9s au s\u00e9jour hospitalier en Belgique et \u00e0 l\u00b4\u00e9tranger, les frais ambulatoires pr\u00e9 et post hospitaliers, mais encore\u00a0les frais [&hellip;]<\/p>\n","protected":false},"author":2,"featured_media":0,"parent":5659,"menu_order":0,"comment_status":"closed","ping_status":"closed","template":"","meta":{"_et_pb_use_builder":"on","_et_pb_old_content":"","_et_gb_content_width":"","footnotes":""},"_links":{"self":[{"href":"https:\/\/www.rossignolbxl.be\/fr\/wp-json\/wp\/v2\/pages\/5583"}],"collection":[{"href":"https:\/\/www.rossignolbxl.be\/fr\/wp-json\/wp\/v2\/pages"}],"about":[{"href":"https:\/\/www.rossignolbxl.be\/fr\/wp-json\/wp\/v2\/types\/page"}],"author":[{"embeddable":true,"href":"https:\/\/www.rossignolbxl.be\/fr\/wp-json\/wp\/v2\/users\/2"}],"replies":[{"embeddable":true,"href":"https:\/\/www.rossignolbxl.be\/fr\/wp-json\/wp\/v2\/comments?post=5583"}],"version-history":[{"count":4,"href":"https:\/\/www.rossignolbxl.be\/fr\/wp-json\/wp\/v2\/pages\/5583\/revisions"}],"predecessor-version":[{"id":5587,"href":"https:\/\/www.rossignolbxl.be\/fr\/wp-json\/wp\/v2\/pages\/5583\/revisions\/5587"}],"up":[{"embeddable":true,"href":"https:\/\/www.rossignolbxl.be\/fr\/wp-json\/wp\/v2\/pages\/5659"}],"wp:attachment":[{"href":"https:\/\/www.rossignolbxl.be\/fr\/wp-json\/wp\/v2\/media?parent=5583"}],"curies":[{"name":"wp","href":"https:\/\/api.w.org\/{rel}","templated":true}]}}