{"id":5593,"date":"2017-08-12T12:28:58","date_gmt":"2017-08-12T12:28:58","guid":{"rendered":"https:\/\/www.rossignolbxl.be\/assurance-responsabilite-civile-exploitation\/"},"modified":"2017-08-12T12:28:59","modified_gmt":"2017-08-12T12:28:59","slug":"assurance-responsabilite-civile-exploitation","status":"publish","type":"page","link":"https:\/\/www.rossignolbxl.be\/fr\/entreprises\/assurance-responsabilite-civile-exploitation\/","title":{"rendered":"Assurance responsabilit\u00e9 civile exploitation"},"content":{"rendered":"<p>[et_pb_section bb_built=\u00a0\u00bb1&Prime; fullwidth=\u00a0\u00bbon\u00a0\u00bb specialty=\u00a0\u00bboff\u00a0\u00bb _builder_version=\u00a0\u00bb3.0.62&Prime;][et_pb_fullwidth_header _builder_version=\u00a0\u00bb3.0.62&Prime; title=\u00a0\u00bbAssurance responsabilit\u00e9 civile exploitation\u00a0\u00bb background_image=\u00a0\u00bbhttps:\/\/www.rossignolbxl.be\/wp-content\/uploads\/2017\/07\/group-insurance.jpg\u00a0\u00bb text_orientation=\u00a0\u00bbleft\u00a0\u00bb header_fullscreen=\u00a0\u00bboff\u00a0\u00bb header_scroll_down=\u00a0\u00bboff\u00a0\u00bb image_orientation=\u00a0\u00bbcenter\u00a0\u00bb background_layout=\u00a0\u00bbdark\u00a0\u00bb content_orientation=\u00a0\u00bbcenter\u00a0\u00bb custom_button_one=\u00a0\u00bboff\u00a0\u00bb button_one_letter_spacing=\u00a0\u00bb0&Prime; button_one_icon_placement=\u00a0\u00bbright\u00a0\u00bb button_one_letter_spacing_hover=\u00a0\u00bb0&Prime; custom_button_two=\u00a0\u00bboff\u00a0\u00bb button_two_letter_spacing=\u00a0\u00bb0&Prime; button_two_icon_placement=\u00a0\u00bbright\u00a0\u00bb button_two_letter_spacing_hover=\u00a0\u00bb0&Prime; title_font_color=\u00a0\u00bb#ffffff\u00a0\u00bb custom_css_main_element=\u00a0\u00bbheight: 300px;\u00a0\u00bb custom_css_title=\u00a0\u00bbmargin-top: 40px;\u00a0\u00bb \/][\/et_pb_section][et_pb_section bb_built=\u00a0\u00bb1&Prime;][et_pb_row][et_pb_column type=\u00a0\u00bb4_4&Prime;][et_pb_text _builder_version=\u00a0\u00bb3.0.62&Prime; background_layout=\u00a0\u00bblight\u00a0\u00bb text_orientation=\u00a0\u00bbleft\u00a0\u00bb border_style=\u00a0\u00bbsolid\u00a0\u00bb custom_padding=\u00a0\u00bb15px|15px|15px|15px\u00a0\u00bb custom_css_main_element=\u00a0\u00bbbox-shadow: 0 6px 20px rgba(0, 0, 0, 0.23), 0 6px 20px rgba(0, 0, 0, 0.16);||\u00a0\u00bb saved_tabs=\u00a0\u00bball\u00a0\u00bb]En tant que chef d\u2019entreprise, vous \u00eates responsable des dommages caus\u00e9s par vous-m\u00eame, mais aussi par votre personnel, vos locaux et votre mat\u00e9riel professionnel ainsi que par les objets que vous fabriquez, vendez, r\u00e9parez ou un client qui glisse dans votre magasin, le produit alimentaire que vous vendez qui provoque une intoxication sont autant d\u2019exemples d\u2019accidents susceptibles d\u2019engager votre responsabilit\u00e9.<\/p>\n<p>Certes, la plupart de ces accidents n\u2019ont pas de cons\u00e9quences dramatiques, mais un certain nombre d\u2019entre eux , de par leur gravit\u00e9, peuvent mettre en p\u00e9ril la viabilit\u00e9 de votre entreprise, compte tenu des indemnit\u00e9s que vous devrez verser aux victimes (exemple : une chaudi\u00e8re mal install\u00e9e qui asphyxie votre client et ses enfants).<\/p>\n<p><strong>Ainsi, la responsabilit\u00e9 civile, au m\u00eame titre que l\u2019incendie, constitue une garantie incontournable.<\/strong><\/p>\n<p>Le volet responsabilit\u00e9 du contrat multirisque offre g\u00e9n\u00e9ralement deux garanties de responsabilit\u00e9 civile.<\/p>\n<p><strong>1. La garantie de responsabilit\u00e9 civile \u00ab activit\u00e9 professionnelle \u00bb<\/strong><\/p>\n<p>qui comprend une garantie responsabilit\u00e9 civile exploitation, vous couvre pour les accidents caus\u00e9s \u00e0 des tiers, y compris \u00e0 vos clients dans le cadre de l\u2019exploitation de votre commerce. Plus pr\u00e9cis\u00e9ment, votre assureur prend en charge les cons\u00e9quences des dommages corporels, mat\u00e9riels et immat\u00e9riels que vous ou toute autre personne participant \u00e0 l\u2019exploitation de votre commerce (apprentis, employ\u00e9s, b\u00e9n\u00e9voles\u2026) pouvez causer \u00e0 autrui (clients ou non).<\/p>\n<p>2.\u00a0<strong>Responsabilit\u00e9 Civile apr\u00e8s livraison ou installation<\/strong><\/p>\n<p>Votre activit\u00e9 consiste \u00e0 installer, poser, r\u00e9parer, entretenir des biens appartenant \u00e0 vos clients. Selon vos besoins, des garanties de responsabilit\u00e9 civile sp\u00e9cifiques peuvent vous \u00eatre propos\u00e9es.[\/et_pb_text][et_pb_button _builder_version=\u00a0\u00bb3.0.62&Prime; button_text=\u00a0\u00bbDemandez votre devis\u00a0\u00bb button_url=\u00a0\u00bb\/fr\/contact\u00a0\u00bb url_new_window=\u00a0\u00bboff\u00a0\u00bb button_alignment=\u00a0\u00bbcenter\u00a0\u00bb background_layout=\u00a0\u00bbdark\u00a0\u00bb custom_button=\u00a0\u00bbon\u00a0\u00bb button_text_color=\u00a0\u00bb#ffffff\u00a0\u00bb button_bg_color=\u00a0\u00bb#c12e1b\u00a0\u00bb button_border_width=\u00a0\u00bb0&Prime; button_border_radius=\u00a0\u00bb0&Prime; button_letter_spacing=\u00a0\u00bb0&Prime; button_icon=\u00a0\u00bb%%30%%\u00a0\u00bb button_icon_placement=\u00a0\u00bbright\u00a0\u00bb button_on_hover=\u00a0\u00bboff\u00a0\u00bb button_letter_spacing_hover=\u00a0\u00bb0&Prime; module_class=\u00a0\u00bbofferte\u00a0\u00bb button_font=\u00a0\u00bb|||on|\u00a0\u00bb saved_tabs=\u00a0\u00bball\u00a0\u00bb global_module=\u00a0\u00bb5367&Prime; \/][\/et_pb_column][\/et_pb_row][\/et_pb_section]<\/p>\n","protected":false},"excerpt":{"rendered":"<p><div class=\"et_pb_row et_pb_row_0 et_pb_row_empty\">\n\t\t\t\t\n\t\t\t\t\n\t\t\t\t\n\t\t\t\t\n\t\t\t\t\n\t\t\t<\/div>En tant que chef d\u2019entreprise, vous \u00eates responsable des dommages caus\u00e9s par vous-m\u00eame, mais aussi par votre personnel, vos locaux et votre mat\u00e9riel professionnel ainsi que par les objets que vous fabriquez, vendez, r\u00e9parez ou un client qui glisse dans votre magasin, le produit alimentaire que vous vendez qui provoque une intoxication sont autant d\u2019exemples [&hellip;]<\/p>\n","protected":false},"author":2,"featured_media":0,"parent":5659,"menu_order":0,"comment_status":"closed","ping_status":"closed","template":"","meta":{"_et_pb_use_builder":"on","_et_pb_old_content":"","_et_gb_content_width":"","footnotes":""},"_links":{"self":[{"href":"https:\/\/www.rossignolbxl.be\/fr\/wp-json\/wp\/v2\/pages\/5593"}],"collection":[{"href":"https:\/\/www.rossignolbxl.be\/fr\/wp-json\/wp\/v2\/pages"}],"about":[{"href":"https:\/\/www.rossignolbxl.be\/fr\/wp-json\/wp\/v2\/types\/page"}],"author":[{"embeddable":true,"href":"https:\/\/www.rossignolbxl.be\/fr\/wp-json\/wp\/v2\/users\/2"}],"replies":[{"embeddable":true,"href":"https:\/\/www.rossignolbxl.be\/fr\/wp-json\/wp\/v2\/comments?post=5593"}],"version-history":[{"count":4,"href":"https:\/\/www.rossignolbxl.be\/fr\/wp-json\/wp\/v2\/pages\/5593\/revisions"}],"predecessor-version":[{"id":5597,"href":"https:\/\/www.rossignolbxl.be\/fr\/wp-json\/wp\/v2\/pages\/5593\/revisions\/5597"}],"up":[{"embeddable":true,"href":"https:\/\/www.rossignolbxl.be\/fr\/wp-json\/wp\/v2\/pages\/5659"}],"wp:attachment":[{"href":"https:\/\/www.rossignolbxl.be\/fr\/wp-json\/wp\/v2\/media?parent=5593"}],"curies":[{"name":"wp","href":"https:\/\/api.w.org\/{rel}","templated":true}]}}