{"id":5603,"date":"2017-08-12T12:35:12","date_gmt":"2017-08-12T12:35:12","guid":{"rendered":"https:\/\/www.rossignolbxl.be\/assurances-vie\/"},"modified":"2017-08-12T12:35:13","modified_gmt":"2017-08-12T12:35:13","slug":"assurances-vie","status":"publish","type":"page","link":"https:\/\/www.rossignolbxl.be\/fr\/particuliers\/assurances-vie\/","title":{"rendered":"Assurances Vie"},"content":{"rendered":"<p>[et_pb_section bb_built=\u00a0\u00bb1&Prime; fullwidth=\u00a0\u00bbon\u00a0\u00bb specialty=\u00a0\u00bboff\u00a0\u00bb _builder_version=\u00a0\u00bb3.0.62&Prime;][et_pb_fullwidth_header _builder_version=\u00a0\u00bb3.0.62&Prime; title=\u00a0\u00bbAssurances Vie\u00a0\u00bb background_image=\u00a0\u00bbhttps:\/\/www.rossignolbxl.be\/wp-content\/uploads\/2017\/07\/group-insurance.jpg\u00a0\u00bb text_orientation=\u00a0\u00bbleft\u00a0\u00bb header_fullscreen=\u00a0\u00bboff\u00a0\u00bb header_scroll_down=\u00a0\u00bboff\u00a0\u00bb image_orientation=\u00a0\u00bbcenter\u00a0\u00bb background_layout=\u00a0\u00bbdark\u00a0\u00bb content_orientation=\u00a0\u00bbcenter\u00a0\u00bb custom_button_one=\u00a0\u00bboff\u00a0\u00bb button_one_letter_spacing=\u00a0\u00bb0&Prime; button_one_icon_placement=\u00a0\u00bbright\u00a0\u00bb button_one_letter_spacing_hover=\u00a0\u00bb0&Prime; custom_button_two=\u00a0\u00bboff\u00a0\u00bb button_two_letter_spacing=\u00a0\u00bb0&Prime; button_two_icon_placement=\u00a0\u00bbright\u00a0\u00bb button_two_letter_spacing_hover=\u00a0\u00bb0&Prime; title_font_color=\u00a0\u00bb#ffffff\u00a0\u00bb custom_css_main_element=\u00a0\u00bbheight: 300px;\u00a0\u00bb custom_css_title=\u00a0\u00bbmargin-top: 40px;\u00a0\u00bb \/][\/et_pb_section][et_pb_section bb_built=\u00a0\u00bb1&Prime;][et_pb_row][et_pb_column type=\u00a0\u00bb4_4&Prime;][et_pb_text _builder_version=\u00a0\u00bb3.0.62&Prime; background_layout=\u00a0\u00bblight\u00a0\u00bb text_orientation=\u00a0\u00bbleft\u00a0\u00bb border_style=\u00a0\u00bbsolid\u00a0\u00bb custom_padding=\u00a0\u00bb15px|15px|15px|15px\u00a0\u00bb custom_css_main_element=\u00a0\u00bbbox-shadow: 0 6px 20px rgba(0, 0, 0, 0.23), 0 6px 20px rgba(0, 0, 0, 0.16);||\u00a0\u00bb saved_tabs=\u00a0\u00bball\u00a0\u00bb]<strong>Constitution cibl\u00e9e et s\u00fbre d\u2019un capital<\/strong><\/p>\n<p>L\u2019assurance en cas de vie est destin\u00e9e aussi bien \u00e0 l\u2019\u00e9pargne cibl\u00e9e pour la retraite qu\u2019\u00e0 l\u2019\u00e9pargne pour les gros investissements ou encore au financement des \u00e9tudes des enfants et ce, en toute s\u00e9curit\u00e9 et tranquillit\u00e9.<\/p>\n<p>En versant vos primes r\u00e9guli\u00e8rement, vous vous constituez un capital-\u00e9pargne assorti d\u00b4un taux d\u00b4int\u00e9r\u00eat garanti, dont vous disposerez au moment que vous avez choisi. En cas d\u2019incapacit\u00e9 de gain, vous b\u00e9n\u00e9ficiez de la lib\u00e9ration du paiement des primes. En cas de d\u00e9c\u00e8s, une couverture croissante du risque garantit vos \u00e9conomies \u00e0 tout moment.<\/p>\n<p>Vous pouvez souscrire une assurance en cas de vie en pr\u00e9voyance (Plan Epagrne pension\u00a0 \/ Epargne Long terme) ou en pr\u00e9voyance<\/p>\n<p><b><\/b><b>Prestations<\/b><\/p>\n<p>En cas de vie (\u00e0 l\u00b4\u00e9ch\u00e9ance du contrat): vous recevez le capital d\u2019\u00e9pargne et le bonus accumul\u00e9. En cas de d\u00e9c\u00e8s: le capital-d\u00e9c\u00e8s croissant avec le temps, convenu lors de la conclusion, et l\u2019\u00e9ventuel bonus accumul\u00e9 sont imm\u00e9diatement vers\u00e9s aux b\u00e9n\u00e9ficiaires.<\/p>\n<p><b><br \/>\nAvantages de l\u00b4assurance Vie: un outil performant de planification successorale<\/b><\/p>\n<p>Le m\u00e9canisme de la stipulation pour autrui permet au souscripteur de verser une prime \u00e0 une compagnie d\u00b4assurances qui s&rsquo;engage \u00e0 transmettre, au d\u00e9c\u00e8s de l\u00b4assur\u00e9, un capital valoris\u00e9 \u00e0 un b\u00e9n\u00e9ficiaire d\u00e9sign\u00e9 par ce souscripteur.<\/p>\n<p><b>Un investissement \u00ab\u00a0\u00e0 la carte\u00a0\u00bb<\/b>\u00a0: le capital reste disponible en permanence et est g\u00e9r\u00e9 selon les objectifs du souscripteur. Ainsi, le souscripteur ma\u00eetrise la fr\u00e9quence et le montant de ses versements.<\/p>\n<p>A tout moment :<\/p>\n<p>Le capital est disponible, par rachat partiel ou total du contrat;<br \/>\nDes arbitrages entre fonds sont possibles, parmi un large choix de supports financiers;<br \/>\nLe contrat peut \u00eatre mis en gage pour l\u2019obtention d\u2019un cr\u00e9dit<br \/>\n<b>Libert\u00e9 et souplesse de la clause b\u00e9n\u00e9ficiaire<\/b><\/p>\n<p>Le contrat d\u00b4assurance-vie autorise une grande libert\u00e9 dans la d\u00e9signation du b\u00e9n\u00e9ficiaire du contrat, ainsi,<br \/>\nla clause b\u00e9n\u00e9ficiaire du contrat d\u00b4assurance-vie, modifiable \u00e0 tout moment, permet entre autres de :<\/p>\n<ul>\n<li>privil\u00e9gier directement un h\u00e9ritier ou un tiers (en respectant les r\u00e8gles de quotit\u00e9 disponible);<\/li>\n<li>effectuer des partages entre diff\u00e9rents h\u00e9ritiers lorsque l\u00b4on est en pr\u00e9sence d\u00b4avoirs mobiliers et d\u00b4actifs professionnels \u00e0 r\u00e9partir \u00e9quitablement;<\/li>\n<li>d\u00e9signer des b\u00e9n\u00e9ficiaires multiples (ex : \u00ab\u00a0mes enfants par parts \u00e9gales\u00a0\u00bb);<\/li>\n<li>d\u00e9signer des b\u00e9n\u00e9ficiaires successifs (ex : \u00ab\u00a0mes enfants, \u00e0 d\u00e9faut mes petits-enfants\u00a0\u00bb);<\/li>\n<li>diff\u00e9rer le versement d\u00b4un capital (pour son enfant \u00e0 ses 21 ans) ;<\/li>\n<li>d\u00e9membrer le capital \u00e0 \u00e9ch\u00e9ance (son \u00e9pouse en usufruit, mon fils en nue-propri\u00e9t\u00e9\u00a0\u00bb).<\/li>\n<\/ul>\n<p>[\/et_pb_text][et_pb_button _builder_version=\u00a0\u00bb3.0.62&Prime; button_text=\u00a0\u00bbDemandez votre devis\u00a0\u00bb button_url=\u00a0\u00bb\/fr\/contact\u00a0\u00bb url_new_window=\u00a0\u00bboff\u00a0\u00bb button_alignment=\u00a0\u00bbcenter\u00a0\u00bb background_layout=\u00a0\u00bbdark\u00a0\u00bb custom_button=\u00a0\u00bbon\u00a0\u00bb button_text_color=\u00a0\u00bb#ffffff\u00a0\u00bb button_bg_color=\u00a0\u00bb#c12e1b\u00a0\u00bb button_border_width=\u00a0\u00bb0&Prime; button_border_radius=\u00a0\u00bb0&Prime; button_letter_spacing=\u00a0\u00bb0&Prime; button_icon=\u00a0\u00bb%%30%%\u00a0\u00bb button_icon_placement=\u00a0\u00bbright\u00a0\u00bb button_on_hover=\u00a0\u00bboff\u00a0\u00bb button_letter_spacing_hover=\u00a0\u00bb0&Prime; module_class=\u00a0\u00bbofferte\u00a0\u00bb button_font=\u00a0\u00bb|||on|\u00a0\u00bb saved_tabs=\u00a0\u00bball\u00a0\u00bb global_module=\u00a0\u00bb5367&Prime; \/][\/et_pb_column][\/et_pb_row][\/et_pb_section]<\/p>\n","protected":false},"excerpt":{"rendered":"<p><div class=\"et_pb_row et_pb_row_0 et_pb_row_empty\">\n\t\t\t\t\n\t\t\t\t\n\t\t\t\t\n\t\t\t\t\n\t\t\t\t\n\t\t\t<\/div>Constitution cibl\u00e9e et s\u00fbre d\u2019un capital L\u2019assurance en cas de vie est destin\u00e9e aussi bien \u00e0 l\u2019\u00e9pargne cibl\u00e9e pour la retraite qu\u2019\u00e0 l\u2019\u00e9pargne pour les gros investissements ou encore au financement des \u00e9tudes des enfants et ce, en toute s\u00e9curit\u00e9 et tranquillit\u00e9. En versant vos primes r\u00e9guli\u00e8rement, vous vous constituez un capital-\u00e9pargne assorti d\u00b4un taux [&hellip;]<\/p>\n","protected":false},"author":2,"featured_media":0,"parent":5674,"menu_order":0,"comment_status":"closed","ping_status":"closed","template":"","meta":{"_et_pb_use_builder":"on","_et_pb_old_content":"","_et_gb_content_width":"","footnotes":""},"_links":{"self":[{"href":"https:\/\/www.rossignolbxl.be\/fr\/wp-json\/wp\/v2\/pages\/5603"}],"collection":[{"href":"https:\/\/www.rossignolbxl.be\/fr\/wp-json\/wp\/v2\/pages"}],"about":[{"href":"https:\/\/www.rossignolbxl.be\/fr\/wp-json\/wp\/v2\/types\/page"}],"author":[{"embeddable":true,"href":"https:\/\/www.rossignolbxl.be\/fr\/wp-json\/wp\/v2\/users\/2"}],"replies":[{"embeddable":true,"href":"https:\/\/www.rossignolbxl.be\/fr\/wp-json\/wp\/v2\/comments?post=5603"}],"version-history":[{"count":4,"href":"https:\/\/www.rossignolbxl.be\/fr\/wp-json\/wp\/v2\/pages\/5603\/revisions"}],"predecessor-version":[{"id":5607,"href":"https:\/\/www.rossignolbxl.be\/fr\/wp-json\/wp\/v2\/pages\/5603\/revisions\/5607"}],"up":[{"embeddable":true,"href":"https:\/\/www.rossignolbxl.be\/fr\/wp-json\/wp\/v2\/pages\/5674"}],"wp:attachment":[{"href":"https:\/\/www.rossignolbxl.be\/fr\/wp-json\/wp\/v2\/media?parent=5603"}],"curies":[{"name":"wp","href":"https:\/\/api.w.org\/{rel}","templated":true}]}}