{"id":5613,"date":"2017-08-12T12:37:33","date_gmt":"2017-08-12T12:37:33","guid":{"rendered":"https:\/\/www.rossignolbxl.be\/assurance-hospitalisation\/"},"modified":"2017-08-12T12:37:34","modified_gmt":"2017-08-12T12:37:34","slug":"assurance-hospitalisation","status":"publish","type":"page","link":"https:\/\/www.rossignolbxl.be\/fr\/particuliers\/assurance-hospitalisation\/","title":{"rendered":"Assurance hospitalisation"},"content":{"rendered":"<p>[et_pb_section bb_built=\u00a0\u00bb1&Prime; fullwidth=\u00a0\u00bbon\u00a0\u00bb specialty=\u00a0\u00bboff\u00a0\u00bb _builder_version=\u00a0\u00bb3.0.62&Prime;][et_pb_fullwidth_header _builder_version=\u00a0\u00bb3.0.62&Prime; title=\u00a0\u00bbAssurance hospitalisation\u00a0\u00bb background_image=\u00a0\u00bbhttps:\/\/www.rossignolbxl.be\/wp-content\/uploads\/2017\/07\/group-insurance.jpg\u00a0\u00bb text_orientation=\u00a0\u00bbleft\u00a0\u00bb header_fullscreen=\u00a0\u00bboff\u00a0\u00bb header_scroll_down=\u00a0\u00bboff\u00a0\u00bb image_orientation=\u00a0\u00bbcenter\u00a0\u00bb background_layout=\u00a0\u00bbdark\u00a0\u00bb content_orientation=\u00a0\u00bbcenter\u00a0\u00bb custom_button_one=\u00a0\u00bboff\u00a0\u00bb button_one_letter_spacing=\u00a0\u00bb0&Prime; button_one_icon_placement=\u00a0\u00bbright\u00a0\u00bb button_one_letter_spacing_hover=\u00a0\u00bb0&Prime; custom_button_two=\u00a0\u00bboff\u00a0\u00bb button_two_letter_spacing=\u00a0\u00bb0&Prime; button_two_icon_placement=\u00a0\u00bbright\u00a0\u00bb button_two_letter_spacing_hover=\u00a0\u00bb0&Prime; title_font_color=\u00a0\u00bb#ffffff\u00a0\u00bb custom_css_main_element=\u00a0\u00bbheight: 300px;\u00a0\u00bb custom_css_title=\u00a0\u00bbmargin-top: 40px;\u00a0\u00bb \/][\/et_pb_section][et_pb_section bb_built=\u00a0\u00bb1&Prime;][et_pb_row][et_pb_column type=\u00a0\u00bb4_4&Prime;][et_pb_text _builder_version=\u00a0\u00bb3.0.62&Prime; background_layout=\u00a0\u00bblight\u00a0\u00bb text_orientation=\u00a0\u00bbleft\u00a0\u00bb border_style=\u00a0\u00bbsolid\u00a0\u00bb custom_padding=\u00a0\u00bb15px|15px|15px|15px\u00a0\u00bb custom_css_main_element=\u00a0\u00bbbox-shadow: 0 6px 20px rgba(0, 0, 0, 0.23), 0 6px 20px rgba(0, 0, 0, 0.16);||\u00a0\u00bb saved_tabs=\u00a0\u00bball\u00a0\u00bb]Une op\u00e9ration, une hospitalisation urgente, un traitement m\u00e9dical. Vous \u00eates-vous d\u00e9j\u00e0 demand\u00e9 \u00e0 combien peut s&rsquo;\u00e9lever la facture? A moins que vous n\u00b4ayez une assurance hospitalisation. Et comme cela peut arriver \u00e0 tout le monde, une assurance est un must absolu.<\/p>\n<p><strong>Une hospitalisation et pas d\u00b4assurance: une double malchance<\/strong><\/p>\n<p>Avec une assurance hospitalisation, vous pouvez dormir sur vos deux oreilles: elle couvre le risque d\u00b4hospitalisation suite \u00e0 une maladie, un accident et un accouchement avec complications.<\/p>\n<p><b>Que co\u00fbte une hospitalisation? Un exemple :<\/b><\/p>\n<p>Un homme de 36 ans est hospitalis\u00e9 pendant cinquante jours \u00e0 la suite d\u00b4un grave accident. La contribution du patient s&rsquo;\u00e9l\u00e8ve \u00e0 8.903,44 EUR. Voici un aper\u00e7u de sa facture:<\/p>\n<p>&nbsp;<\/p>\n<div align=\"center\"><center><\/p>\n<table border=\"1\" width=\"486\">\n<tbody>\n<tr>\n<td width=\"126\"><b>Frais<\/b><\/td>\n<td width=\"172\"><b>Contribution de la mutuelle\u00a0<\/b><\/td>\n<td width=\"166\"><b>Contribution du patient\u00a0<\/b><\/td>\n<\/tr>\n<tr>\n<td width=\"126\"><b>hospitalisation\u00a0<\/b><\/td>\n<td width=\"172\">11.283,95 EUR<\/td>\n<td width=\"166\">2.623,95 EUR<\/td>\n<\/tr>\n<tr>\n<td width=\"126\"><b>m\u00e9dicaments\u00a0<\/b><\/td>\n<td width=\"172\">865,27 EUR<\/td>\n<td width=\"166\">822,26 EUR<\/td>\n<\/tr>\n<tr>\n<td width=\"126\"><b>honoraires\u00a0<\/b><\/td>\n<td width=\"172\">8.253,81 EUR<\/td>\n<td width=\"166\">5.457,81 EUR<\/td>\n<\/tr>\n<tr>\n<td width=\"126\"><b>totaux\u00a0<\/b><\/td>\n<td width=\"172\">20.403,05 EUR<\/td>\n<td width=\"166\">8.903,44 EUR<\/td>\n<\/tr>\n<\/tbody>\n<\/table>\n<p><\/center><\/div>\n<p>&nbsp;<\/p>\n<p><strong>Vous percevez une indemnit\u00e9 pour:<\/strong><\/p>\n<ul>\n<li>\u00a0remboursement int\u00e9gral des frais d\u00b4hospitalisation,<\/li>\n<li>sans limitation de montant ou de dur\u00e9e,<\/li>\n<li>les s\u00e9jours dans le cadre de \u00ab\u00a0l\u00b4hospitalisation de jour\u00a0\u00bb sont \u00e9galement assur\u00e9s,<\/li>\n<li>les frais ambulatoires qui ont un lien direct avec la cause de l\u00b4hospitalisation et ce un mois avant et 3 mois apr\u00e8s,<\/li>\n<li>les frais de transport d\u00b4urgence \u00e0 l\u00b4h\u00f4pital,<\/li>\n<li>la garantie \u00ab\u00a0Maladies graves\u00a0\u00bb concerne plus de 26 maladies. Cette garantie rembourse tous les frais de soins ambulatoires m\u00e9dicalement n\u00e9cessaires qui sont en relation directe avec une de ces maladies graves,<\/li>\n<li>couverture dans le monde entier,<\/li>\n<li>votre contrat Hospitalisation est un contrat pour la vie. l\u00b4assur\u00e9 reste assur\u00e9 aussi longtemps qu&rsquo;il le d\u00e9sire. la compagnie ne r\u00e9siliera pas le contrat si la sant\u00e9 du client se d\u00e9t\u00e9riore ni apr\u00e8s un sinistre,<\/li>\n<li>indemnisation rapide,<\/li>\n<li>tarif tr\u00e8s avantageux et favorable aux familles<\/li>\n<\/ul>\n<p>[\/et_pb_text][et_pb_button _builder_version=\u00a0\u00bb3.0.62&Prime; button_text=\u00a0\u00bbDemandez votre devis\u00a0\u00bb button_url=\u00a0\u00bb\/fr\/contact\u00a0\u00bb url_new_window=\u00a0\u00bboff\u00a0\u00bb button_alignment=\u00a0\u00bbcenter\u00a0\u00bb background_layout=\u00a0\u00bbdark\u00a0\u00bb custom_button=\u00a0\u00bbon\u00a0\u00bb button_text_color=\u00a0\u00bb#ffffff\u00a0\u00bb button_bg_color=\u00a0\u00bb#c12e1b\u00a0\u00bb button_border_width=\u00a0\u00bb0&Prime; button_border_radius=\u00a0\u00bb0&Prime; button_letter_spacing=\u00a0\u00bb0&Prime; button_icon=\u00a0\u00bb%%30%%\u00a0\u00bb button_icon_placement=\u00a0\u00bbright\u00a0\u00bb button_on_hover=\u00a0\u00bboff\u00a0\u00bb button_letter_spacing_hover=\u00a0\u00bb0&Prime; module_class=\u00a0\u00bbofferte\u00a0\u00bb button_font=\u00a0\u00bb|||on|\u00a0\u00bb saved_tabs=\u00a0\u00bball\u00a0\u00bb global_module=\u00a0\u00bb5367&Prime; \/][\/et_pb_column][\/et_pb_row][\/et_pb_section]<\/p>\n","protected":false},"excerpt":{"rendered":"<p><div class=\"et_pb_row et_pb_row_0 et_pb_row_empty\">\n\t\t\t\t\n\t\t\t\t\n\t\t\t\t\n\t\t\t\t\n\t\t\t\t\n\t\t\t<\/div>Une op\u00e9ration, une hospitalisation urgente, un traitement m\u00e9dical. Vous \u00eates-vous d\u00e9j\u00e0 demand\u00e9 \u00e0 combien peut s&rsquo;\u00e9lever la facture? A moins que vous n\u00b4ayez une assurance hospitalisation. Et comme cela peut arriver \u00e0 tout le monde, une assurance est un must absolu. Une hospitalisation et pas d\u00b4assurance: une double malchance Avec une assurance hospitalisation, vous pouvez [&hellip;]<\/p>\n","protected":false},"author":2,"featured_media":0,"parent":5674,"menu_order":0,"comment_status":"closed","ping_status":"closed","template":"","meta":{"_et_pb_use_builder":"on","_et_pb_old_content":"","_et_gb_content_width":"","footnotes":""},"_links":{"self":[{"href":"https:\/\/www.rossignolbxl.be\/fr\/wp-json\/wp\/v2\/pages\/5613"}],"collection":[{"href":"https:\/\/www.rossignolbxl.be\/fr\/wp-json\/wp\/v2\/pages"}],"about":[{"href":"https:\/\/www.rossignolbxl.be\/fr\/wp-json\/wp\/v2\/types\/page"}],"author":[{"embeddable":true,"href":"https:\/\/www.rossignolbxl.be\/fr\/wp-json\/wp\/v2\/users\/2"}],"replies":[{"embeddable":true,"href":"https:\/\/www.rossignolbxl.be\/fr\/wp-json\/wp\/v2\/comments?post=5613"}],"version-history":[{"count":4,"href":"https:\/\/www.rossignolbxl.be\/fr\/wp-json\/wp\/v2\/pages\/5613\/revisions"}],"predecessor-version":[{"id":5617,"href":"https:\/\/www.rossignolbxl.be\/fr\/wp-json\/wp\/v2\/pages\/5613\/revisions\/5617"}],"up":[{"embeddable":true,"href":"https:\/\/www.rossignolbxl.be\/fr\/wp-json\/wp\/v2\/pages\/5674"}],"wp:attachment":[{"href":"https:\/\/www.rossignolbxl.be\/fr\/wp-json\/wp\/v2\/media?parent=5613"}],"curies":[{"name":"wp","href":"https:\/\/api.w.org\/{rel}","templated":true}]}}