{"id":5618,"date":"2017-08-12T12:41:05","date_gmt":"2017-08-12T12:41:05","guid":{"rendered":"https:\/\/www.rossignolbxl.be\/assurance-obseques\/"},"modified":"2017-08-12T12:41:05","modified_gmt":"2017-08-12T12:41:05","slug":"assurance-obseques","status":"publish","type":"page","link":"https:\/\/www.rossignolbxl.be\/fr\/particuliers\/assurance-obseques\/","title":{"rendered":"Assurance obs\u00e8ques"},"content":{"rendered":"<p>[et_pb_section bb_built=\u00a0\u00bb1&Prime; fullwidth=\u00a0\u00bbon\u00a0\u00bb specialty=\u00a0\u00bboff\u00a0\u00bb _builder_version=\u00a0\u00bb3.0.62&Prime;][et_pb_fullwidth_header _builder_version=\u00a0\u00bb3.0.62&Prime; title=\u00a0\u00bbAssurance obs\u00e8ques\u00a0\u00bb background_image=\u00a0\u00bbhttps:\/\/www.rossignolbxl.be\/wp-content\/uploads\/2017\/07\/group-insurance.jpg\u00a0\u00bb text_orientation=\u00a0\u00bbleft\u00a0\u00bb header_fullscreen=\u00a0\u00bboff\u00a0\u00bb header_scroll_down=\u00a0\u00bboff\u00a0\u00bb image_orientation=\u00a0\u00bbcenter\u00a0\u00bb background_layout=\u00a0\u00bbdark\u00a0\u00bb content_orientation=\u00a0\u00bbcenter\u00a0\u00bb custom_button_one=\u00a0\u00bboff\u00a0\u00bb button_one_letter_spacing=\u00a0\u00bb0&Prime; button_one_icon_placement=\u00a0\u00bbright\u00a0\u00bb button_one_letter_spacing_hover=\u00a0\u00bb0&Prime; custom_button_two=\u00a0\u00bboff\u00a0\u00bb button_two_letter_spacing=\u00a0\u00bb0&Prime; button_two_icon_placement=\u00a0\u00bbright\u00a0\u00bb button_two_letter_spacing_hover=\u00a0\u00bb0&Prime; title_font_color=\u00a0\u00bb#ffffff\u00a0\u00bb custom_css_main_element=\u00a0\u00bbheight: 300px;\u00a0\u00bb custom_css_title=\u00a0\u00bbmargin-top: 40px;\u00a0\u00bb subhead=\u00a0\u00bbVivre tranquille quand tout est pr\u00e9vu.\u00a0\u00bb \/][\/et_pb_section][et_pb_section bb_built=\u00a0\u00bb1&Prime;][et_pb_row][et_pb_column type=\u00a0\u00bb4_4&Prime;][et_pb_text _builder_version=\u00a0\u00bb3.0.62&Prime; background_layout=\u00a0\u00bblight\u00a0\u00bb text_orientation=\u00a0\u00bbleft\u00a0\u00bb border_style=\u00a0\u00bbsolid\u00a0\u00bb custom_padding=\u00a0\u00bb15px|15px|15px|15px\u00a0\u00bb custom_css_main_element=\u00a0\u00bbbox-shadow: 0 6px 20px rgba(0, 0, 0, 0.23), 0 6px 20px rgba(0, 0, 0, 0.16);||\u00a0\u00bb saved_tabs=\u00a0\u00bball\u00a0\u00bb]<\/p>\n<p align=\"left\">l\u00b4assurance Obseques, c\u00b4est la certitude d\u00b4un capital vers\u00e9 au moment de votre disparition.<\/p>\n<p>Vous choisissez vous-m\u00eame le ou les ou les b\u00e9n\u00e9ficiaires de ce capital.<\/p>\n<p align=\"left\"><strong>Les atouts<\/strong><\/p>\n<ul>\n<li>Une d\u00e9marche simple et sans surprise<\/li>\n<li>Pas de questionnaire de sant\u00e9 ni d\u2019examen m\u00e9dical.<\/li>\n<li>Vos cotisations sont payables par mois<\/li>\n<\/ul>\n<p>&nbsp;<\/p>\n<p><strong>Un capital augment\u00e9 en cas d\u2019accident\u00a0<\/strong><\/p>\n<p>Un accident peut toujours arriver et les cons\u00e9quences financi\u00e8res sont souvent importantes pour les proches.<\/p>\n<p><strong>Un accompagnement pour vos proches<\/strong><\/p>\n<p>Vos proches peuvent compter sur une assistance t\u00e9l\u00e9phonique pour faciliter leur d\u00e9marche (formalit\u00e9s administratives, conseils pour l\u2019organisation des obs\u00e8ques) ainsi que la prise en charge de frais impr\u00e9vus (transport du corps..).[\/et_pb_text][et_pb_button _builder_version=\u00a0\u00bb3.0.62&Prime; button_text=\u00a0\u00bbDemandez votre devis\u00a0\u00bb button_url=\u00a0\u00bb\/fr\/contact\u00a0\u00bb url_new_window=\u00a0\u00bboff\u00a0\u00bb button_alignment=\u00a0\u00bbcenter\u00a0\u00bb background_layout=\u00a0\u00bbdark\u00a0\u00bb custom_button=\u00a0\u00bbon\u00a0\u00bb button_text_color=\u00a0\u00bb#ffffff\u00a0\u00bb button_bg_color=\u00a0\u00bb#c12e1b\u00a0\u00bb button_border_width=\u00a0\u00bb0&Prime; button_border_radius=\u00a0\u00bb0&Prime; button_letter_spacing=\u00a0\u00bb0&Prime; button_icon=\u00a0\u00bb%%30%%\u00a0\u00bb button_icon_placement=\u00a0\u00bbright\u00a0\u00bb button_on_hover=\u00a0\u00bboff\u00a0\u00bb button_letter_spacing_hover=\u00a0\u00bb0&Prime; module_class=\u00a0\u00bbofferte\u00a0\u00bb button_font=\u00a0\u00bb|||on|\u00a0\u00bb saved_tabs=\u00a0\u00bball\u00a0\u00bb global_module=\u00a0\u00bb5367&Prime; \/][\/et_pb_column][\/et_pb_row][\/et_pb_section]<\/p>\n","protected":false},"excerpt":{"rendered":"<p><div class=\"et_pb_row et_pb_row_0 et_pb_row_empty\">\n\t\t\t\t\n\t\t\t\t\n\t\t\t\t\n\t\t\t\t\n\t\t\t\t\n\t\t\t<\/div>l\u00b4assurance Obseques, c\u00b4est la certitude d\u00b4un capital vers\u00e9 au moment de votre disparition. Vous choisissez vous-m\u00eame le ou les ou les b\u00e9n\u00e9ficiaires de ce capital. Les atouts Une d\u00e9marche simple et sans surprise Pas de questionnaire de sant\u00e9 ni d\u2019examen m\u00e9dical. Vos cotisations sont payables par mois &nbsp; Un capital augment\u00e9 en cas d\u2019accident\u00a0 Un [&hellip;]<\/p>\n","protected":false},"author":2,"featured_media":0,"parent":5674,"menu_order":0,"comment_status":"closed","ping_status":"closed","template":"","meta":{"_et_pb_use_builder":"on","_et_pb_old_content":"","_et_gb_content_width":"","footnotes":""},"_links":{"self":[{"href":"https:\/\/www.rossignolbxl.be\/fr\/wp-json\/wp\/v2\/pages\/5618"}],"collection":[{"href":"https:\/\/www.rossignolbxl.be\/fr\/wp-json\/wp\/v2\/pages"}],"about":[{"href":"https:\/\/www.rossignolbxl.be\/fr\/wp-json\/wp\/v2\/types\/page"}],"author":[{"embeddable":true,"href":"https:\/\/www.rossignolbxl.be\/fr\/wp-json\/wp\/v2\/users\/2"}],"replies":[{"embeddable":true,"href":"https:\/\/www.rossignolbxl.be\/fr\/wp-json\/wp\/v2\/comments?post=5618"}],"version-history":[{"count":5,"href":"https:\/\/www.rossignolbxl.be\/fr\/wp-json\/wp\/v2\/pages\/5618\/revisions"}],"predecessor-version":[{"id":5623,"href":"https:\/\/www.rossignolbxl.be\/fr\/wp-json\/wp\/v2\/pages\/5618\/revisions\/5623"}],"up":[{"embeddable":true,"href":"https:\/\/www.rossignolbxl.be\/fr\/wp-json\/wp\/v2\/pages\/5674"}],"wp:attachment":[{"href":"https:\/\/www.rossignolbxl.be\/fr\/wp-json\/wp\/v2\/media?parent=5618"}],"curies":[{"name":"wp","href":"https:\/\/api.w.org\/{rel}","templated":true}]}}