{"id":5629,"date":"2017-08-12T12:47:42","date_gmt":"2017-08-12T12:47:42","guid":{"rendered":"https:\/\/www.rossignolbxl.be\/assurance-rc-familiale\/"},"modified":"2017-08-12T12:47:43","modified_gmt":"2017-08-12T12:47:43","slug":"assurance-rc-familiale","status":"publish","type":"page","link":"https:\/\/www.rossignolbxl.be\/fr\/particuliers\/assurance-rc-familiale\/","title":{"rendered":"Assurance RC Familiale"},"content":{"rendered":"<p>[et_pb_section bb_built=\u00a0\u00bb1&Prime; fullwidth=\u00a0\u00bbon\u00a0\u00bb specialty=\u00a0\u00bboff\u00a0\u00bb _builder_version=\u00a0\u00bb3.0.62&Prime;][et_pb_fullwidth_header _builder_version=\u00a0\u00bb3.0.62&Prime; title=\u00a0\u00bbAssurance RC Familiale\u00a0\u00bb background_image=\u00a0\u00bbhttps:\/\/www.rossignolbxl.be\/wp-content\/uploads\/2017\/07\/group-insurance.jpg\u00a0\u00bb text_orientation=\u00a0\u00bbleft\u00a0\u00bb header_fullscreen=\u00a0\u00bboff\u00a0\u00bb header_scroll_down=\u00a0\u00bboff\u00a0\u00bb image_orientation=\u00a0\u00bbcenter\u00a0\u00bb background_layout=\u00a0\u00bbdark\u00a0\u00bb content_orientation=\u00a0\u00bbcenter\u00a0\u00bb custom_button_one=\u00a0\u00bboff\u00a0\u00bb button_one_letter_spacing=\u00a0\u00bb0&Prime; button_one_icon_placement=\u00a0\u00bbright\u00a0\u00bb button_one_letter_spacing_hover=\u00a0\u00bb0&Prime; custom_button_two=\u00a0\u00bboff\u00a0\u00bb button_two_letter_spacing=\u00a0\u00bb0&Prime; button_two_icon_placement=\u00a0\u00bbright\u00a0\u00bb button_two_letter_spacing_hover=\u00a0\u00bb0&Prime; title_font_color=\u00a0\u00bb#ffffff\u00a0\u00bb custom_css_main_element=\u00a0\u00bbheight: 300px;\u00a0\u00bb custom_css_title=\u00a0\u00bbmargin-top: 40px;\u00a0\u00bb subhead=\u00a0\u00bbUn accident est vite arriv\u00e9\u00a0\u00bb \/][\/et_pb_section][et_pb_section bb_built=\u00a0\u00bb1&Prime;][et_pb_row][et_pb_column type=\u00a0\u00bb4_4&Prime;][et_pb_text _builder_version=\u00a0\u00bb3.0.62&Prime; background_layout=\u00a0\u00bblight\u00a0\u00bb text_orientation=\u00a0\u00bbleft\u00a0\u00bb border_style=\u00a0\u00bbsolid\u00a0\u00bb custom_padding=\u00a0\u00bb15px|15px|15px|15px\u00a0\u00bb custom_css_main_element=\u00a0\u00bbbox-shadow: 0 6px 20px rgba(0, 0, 0, 0.23), 0 6px 20px rgba(0, 0, 0, 0.16);||\u00a0\u00bb saved_tabs=\u00a0\u00bball\u00a0\u00bb]Un accident est vite arriv\u00e9.\u00a0L\u2019assurance responsabilit\u00e9 civile de particuliers d\u00e9dommage les tiers qui pourraient s\u2019en trouver l\u00e9s\u00e9s. Les assurances compl\u00e9mentaires couvrent \u00e9galement les personnes qui s\u2019exposent \u00e0 des risques suppl\u00e9mentaires du fait de leur hobby ou de leur activit\u00e9 accessoire sp\u00e9ciale.<\/p>\n<p>Cette fameuse responsabilit\u00e9 qui peut nous amener parfois \u00e0 devoir payer des dommages se chiffrant par centaines de milliers d\u00b4euro\u00b4s.<\/p>\n<p>c\u00b4est l\u00e0 que votre assurance entre en action: elle prend votre d\u00e9fense, assume vos frais de justice et d\u00e9dommage le l\u00e9s\u00e9 \u00e0 votre place. Des dommages dont les cons\u00e9quences financi\u00e8res ne se font gu\u00e8re attendre.<\/p>\n<p><strong>l\u00b4assurance responsabilit\u00e9 civile priv\u00e9e\u00a0garantit une couverture en cas:<\/strong><\/p>\n<ul>\n<li>de dommages corporels<\/li>\n<li>de dommages mat\u00e9riels<\/li>\n<\/ul>\n<p>D\u00e9fendre efficacement vos int\u00e9r\u00eats financiers et votre bon droit est l\u00b4affaire de votre Responsabilit\u00e9<br \/>\ncivile priv\u00e9e qui met rapidement tout en oeuvre pour vous.<\/p>\n<p>Quoi qu&rsquo;il arrive ! Et dans le monde entier !<\/p>\n<p><strong>Vous avez le choix entre 3 formules:<\/strong><\/p>\n<p>Et parce que chaque situation est diff\u00e9rente, vous pouvez opter pour une formule sur mesure:<\/p>\n<ul>\n<li>formule Famille<\/li>\n<li>formule Troisi\u00e8me \u00e2ge<\/li>\n<li>formule C\u00e9libataire<\/li>\n<\/ul>\n<p>[\/et_pb_text][et_pb_button _builder_version=\u00a0\u00bb3.0.62&Prime; button_text=\u00a0\u00bbDemandez votre devis\u00a0\u00bb button_url=\u00a0\u00bb\/fr\/contact\u00a0\u00bb url_new_window=\u00a0\u00bboff\u00a0\u00bb button_alignment=\u00a0\u00bbcenter\u00a0\u00bb background_layout=\u00a0\u00bbdark\u00a0\u00bb custom_button=\u00a0\u00bbon\u00a0\u00bb button_text_color=\u00a0\u00bb#ffffff\u00a0\u00bb button_bg_color=\u00a0\u00bb#c12e1b\u00a0\u00bb button_border_width=\u00a0\u00bb0&Prime; button_border_radius=\u00a0\u00bb0&Prime; button_letter_spacing=\u00a0\u00bb0&Prime; button_icon=\u00a0\u00bb%%30%%\u00a0\u00bb button_icon_placement=\u00a0\u00bbright\u00a0\u00bb button_on_hover=\u00a0\u00bboff\u00a0\u00bb button_letter_spacing_hover=\u00a0\u00bb0&Prime; module_class=\u00a0\u00bbofferte\u00a0\u00bb button_font=\u00a0\u00bb|||on|\u00a0\u00bb saved_tabs=\u00a0\u00bball\u00a0\u00bb global_module=\u00a0\u00bb5367&Prime; \/][\/et_pb_column][\/et_pb_row][\/et_pb_section]<\/p>\n","protected":false},"excerpt":{"rendered":"<p><div class=\"et_pb_row et_pb_row_0 et_pb_row_empty\">\n\t\t\t\t\n\t\t\t\t\n\t\t\t\t\n\t\t\t\t\n\t\t\t\t\n\t\t\t<\/div>Un accident est vite arriv\u00e9.\u00a0L\u2019assurance responsabilit\u00e9 civile de particuliers d\u00e9dommage les tiers qui pourraient s\u2019en trouver l\u00e9s\u00e9s. Les assurances compl\u00e9mentaires couvrent \u00e9galement les personnes qui s\u2019exposent \u00e0 des risques suppl\u00e9mentaires du fait de leur hobby ou de leur activit\u00e9 accessoire sp\u00e9ciale. Cette fameuse responsabilit\u00e9 qui peut nous amener parfois \u00e0 devoir payer des dommages se [&hellip;]<\/p>\n","protected":false},"author":2,"featured_media":0,"parent":5674,"menu_order":0,"comment_status":"closed","ping_status":"closed","template":"","meta":{"_et_pb_use_builder":"on","_et_pb_old_content":"","_et_gb_content_width":"","footnotes":""},"_links":{"self":[{"href":"https:\/\/www.rossignolbxl.be\/fr\/wp-json\/wp\/v2\/pages\/5629"}],"collection":[{"href":"https:\/\/www.rossignolbxl.be\/fr\/wp-json\/wp\/v2\/pages"}],"about":[{"href":"https:\/\/www.rossignolbxl.be\/fr\/wp-json\/wp\/v2\/types\/page"}],"author":[{"embeddable":true,"href":"https:\/\/www.rossignolbxl.be\/fr\/wp-json\/wp\/v2\/users\/2"}],"replies":[{"embeddable":true,"href":"https:\/\/www.rossignolbxl.be\/fr\/wp-json\/wp\/v2\/comments?post=5629"}],"version-history":[{"count":5,"href":"https:\/\/www.rossignolbxl.be\/fr\/wp-json\/wp\/v2\/pages\/5629\/revisions"}],"predecessor-version":[{"id":5634,"href":"https:\/\/www.rossignolbxl.be\/fr\/wp-json\/wp\/v2\/pages\/5629\/revisions\/5634"}],"up":[{"embeddable":true,"href":"https:\/\/www.rossignolbxl.be\/fr\/wp-json\/wp\/v2\/pages\/5674"}],"wp:attachment":[{"href":"https:\/\/www.rossignolbxl.be\/fr\/wp-json\/wp\/v2\/media?parent=5629"}],"curies":[{"name":"wp","href":"https:\/\/api.w.org\/{rel}","templated":true}]}}