{"id":5635,"date":"2017-08-12T12:48:09","date_gmt":"2017-08-12T12:48:09","guid":{"rendered":"https:\/\/www.rossignolbxl.be\/vehicules-professionels\/"},"modified":"2017-08-12T12:48:09","modified_gmt":"2017-08-12T12:48:09","slug":"vehicules-professionels","status":"publish","type":"page","link":"https:\/\/www.rossignolbxl.be\/fr\/entreprises\/vehicules-professionels\/","title":{"rendered":"V\u00e9hicules professionels"},"content":{"rendered":"<p>[et_pb_section bb_built=\u00a0\u00bb1&Prime; fullwidth=\u00a0\u00bbon\u00a0\u00bb specialty=\u00a0\u00bboff\u00a0\u00bb _builder_version=\u00a0\u00bb3.0.62&Prime;][et_pb_fullwidth_header _builder_version=\u00a0\u00bb3.0.62&Prime; title=\u00a0\u00bbV\u00e9hicules professionels\u00a0\u00bb background_image=\u00a0\u00bbhttps:\/\/www.rossignolbxl.be\/wp-content\/uploads\/2017\/07\/group-insurance.jpg\u00a0\u00bb text_orientation=\u00a0\u00bbleft\u00a0\u00bb header_fullscreen=\u00a0\u00bboff\u00a0\u00bb header_scroll_down=\u00a0\u00bboff\u00a0\u00bb image_orientation=\u00a0\u00bbcenter\u00a0\u00bb background_layout=\u00a0\u00bbdark\u00a0\u00bb content_orientation=\u00a0\u00bbcenter\u00a0\u00bb custom_button_one=\u00a0\u00bboff\u00a0\u00bb button_one_letter_spacing=\u00a0\u00bb0&Prime; button_one_icon_placement=\u00a0\u00bbright\u00a0\u00bb button_one_letter_spacing_hover=\u00a0\u00bb0&Prime; custom_button_two=\u00a0\u00bboff\u00a0\u00bb button_two_letter_spacing=\u00a0\u00bb0&Prime; button_two_icon_placement=\u00a0\u00bbright\u00a0\u00bb button_two_letter_spacing_hover=\u00a0\u00bb0&Prime; title_font_color=\u00a0\u00bb#ffffff\u00a0\u00bb custom_css_main_element=\u00a0\u00bbheight: 300px;\u00a0\u00bb custom_css_title=\u00a0\u00bbmargin-top: 40px;\u00a0\u00bb subhead=\u00a0\u00bbOutre des assurances v\u00e9hicules\u00a0individuelles, nous vous proposons la solution id\u00e9ale pour les entreprises poss\u00e9dant des v\u00e9hicules automobiles\u00a0\u00bb \/][\/et_pb_section][et_pb_section bb_built=\u00a0\u00bb1&Prime;][et_pb_row][et_pb_column type=\u00a0\u00bb4_4&Prime;][et_pb_text _builder_version=\u00a0\u00bb3.0.62&Prime; background_layout=\u00a0\u00bblight\u00a0\u00bb text_orientation=\u00a0\u00bbleft\u00a0\u00bb border_style=\u00a0\u00bbsolid\u00a0\u00bb custom_padding=\u00a0\u00bb15px|15px|15px|15px\u00a0\u00bb custom_css_main_element=\u00a0\u00bbbox-shadow: 0 6px 20px rgba(0, 0, 0, 0.23), 0 6px 20px rgba(0, 0, 0, 0.16);||\u00a0\u00bb saved_tabs=\u00a0\u00bball\u00a0\u00bb]Outre des assurances v\u00e9hicules\u00a0individuelles, nous vous proposons la solution id\u00e9ale pour les entreprises poss\u00e9dant des v\u00e9hicules automobiles: assurer plusieurs v\u00e9hicules contre les risques les plus divers, et ce, sous une seule et m\u00eame police. Laissez-vous conseiller.<\/p>\n<p>Supposons que votre parc de v\u00e9hicules se compose de huit petites voitures, de trois voitures de livraison, de deux chariots \u00e9l\u00e9vateurs et d\u00b4une limousine. Il serait logique d\u00b4assurer chacun de ces v\u00e9hicules s\u00e9par\u00e9ment. Pourquoi? d\u00b4abord, parce que les primes varient d\u00b4une cat\u00e9gorie d\u00b4assurance \u00e0 l\u00b4autre et, ensuite, parce que tous les v\u00e9hicules ne sont pas expos\u00e9s aux m\u00eames risques.<\/p>\n<p><strong>Responsabilit\u00e9 Civile (RC)<\/strong><\/p>\n<p>La loi Belge oblige tout d\u00e9tenteur d\u00b4une voiture \u00e0 souscrire une assurance responsabilit\u00e9 civile qui couvre tous les dommages corporels et mat\u00e9riels causs\u00e9 par son v\u00e9hicule. Cette assurance est un contrat type qui est identique pour toutes les compagnies d\u00b4assurances. Le service fait la diff\u00e9rence!<\/p>\n<p><strong>Protection juridique en mati\u00e8re de circulation<\/strong><\/p>\n<p>Avoir raison et rentrer dans son bon droit ne sont pas synonymes. Pour obtenir justice en tant qu&rsquo;usager de la route, il est souhaitable de faire appel \u00e0 des juristes et spcialistes chevronns.<\/p>\n<p><strong>Casco partielle<\/strong><\/p>\n<p>Avec la casco partielle, vous assurez votre v\u00e9hicule contre les dommages par vol, incendie, forces de la nature (inondation, gr\u00eale, temp\u00eate), bris de glaces, collision avec des animaux<\/p>\n<p>En choisissant cette option, vous b\u00e9n\u00e9ficiez d\u00b4une assurance \u00ab\u00a0tout compris\u00a0\u00bb avec les garanties suivantes :<\/p>\n<ul>\n<li><strong>Dommages par vol:<\/strong>\u00a0il s\u2019agit de la disparition du v\u00e9hicule assur\u00e9 par suite de vol, sa destruction ou son endommagement partiel \u00e0 l\u2019occasion d\u2019un vol ou d\u2019une tentative de vol.<\/li>\n<li><strong>Dommages par incendie<\/strong>: Il s\u2019agit de la destruction ou de l\u2019endommagement partiel du v\u00e9hicule assur\u00e9 par l\u2019incendie, l\u2019explosion, la foudre, le court-circuit et par l\u2019extinction de l\u2019incendie, \u00e0 l\u2019exception des d\u00e9g\u00e2ts caus\u00e9s par un chargement de mati\u00e8res particuli\u00e8rement inflammables ou explosibles.<\/li>\n<li><strong>Dommages par forces de la nature:\u00a0<\/strong>il faut entendre par l\u00e0 les suites directes d\u2019\u00e9boulement de rochers, de chute de pierres, de glissement de terrain, d\u2019avalanche, de pression d\u2019une masse de neige, de chute de glace ou d\u2019un amas de neige, de temp\u00eate, de gr\u00eale, de hautes eaux et d\u2019inondations.<\/li>\n<li><strong>Bris de glaces<\/strong>: il faut entendre par l\u00e0 le bris du pare-brise, du toit panoramique et des fen\u00eatres lat\u00e9rales et arri\u00e8re.<\/li>\n<li><strong>Dommages caus\u00e9s par des animaux<\/strong>: il s\u2019agit de la destruction ou l\u2019endommagement partiel du v\u00e9hicule automoteur assur\u00e9 r\u00e9sultant directement d\u2019un choc avec\u00a0du gibier, des oiseaux et d\u2019autres animaux errants<\/li>\n<\/ul>\n<p><strong>Casco compl\u00e8te<\/strong><\/p>\n<p>La casco int\u00e9grale couvre les\u00a0<strong>dommages assur\u00e9s en casco partielle<\/strong>, ainsi que ceux\u00a0<strong>caus\u00e9s au propre v\u00e9hicule\u00a0<\/strong>lors d\u00b4 une collision (m\u00eame si votre v\u00e9hicule est seul en cause), \u00e0 des projections ou des retombes de substances , \u00e0 des actes de vandalisme, dans tous les cas, les r\u00e9parations sont prises en charges.<\/p>\n<p>En choisissant cette option, vous b\u00e9n\u00e9ficiez d\u00b4une assurance \u00ab\u00a0tout compris\u00a0\u00bb avec les garanties suivantes :<\/p>\n<p><strong>Assistance 24\/24 v\u00e9hicule et personnes<\/strong><\/p>\n<p>Votre voiture ne d\u00e9marre pas? V\u00e9hicule vol\u00e9 lors de votre s\u00e9jour \u00e0 l\u00b4\u00e9tranger? Le service de d\u00e9pannage de votre Assurance Assistance 24\/24 se rendra tout de suite sur place pour vous permettre de retrouver rapidement votre mobilit\u00e9.<\/p>\n<p><strong>Assurance du conducteur<\/strong><\/p>\n<p>L\u2019assurance conducteur alloue des prestations en cas de d\u00e9c\u00e8s, d\u2019invalidit\u00e9 et d\u2019incapacit\u00e9 de travail temporaire, verse une indemnit\u00e9 d\u2019hospitalisation pendant la dur\u00e9e de l\u2019hospitalisation et prend en charge les frais de gu\u00e9rison\u00a0suite \u00e0 un accident.[\/et_pb_text][et_pb_button _builder_version=\u00a0\u00bb3.0.62&Prime; button_text=\u00a0\u00bbDemandez votre devis\u00a0\u00bb button_url=\u00a0\u00bb\/fr\/contact\u00a0\u00bb url_new_window=\u00a0\u00bboff\u00a0\u00bb button_alignment=\u00a0\u00bbcenter\u00a0\u00bb background_layout=\u00a0\u00bbdark\u00a0\u00bb custom_button=\u00a0\u00bbon\u00a0\u00bb button_text_color=\u00a0\u00bb#ffffff\u00a0\u00bb button_bg_color=\u00a0\u00bb#c12e1b\u00a0\u00bb button_border_width=\u00a0\u00bb0&Prime; button_border_radius=\u00a0\u00bb0&Prime; button_letter_spacing=\u00a0\u00bb0&Prime; button_icon=\u00a0\u00bb%%30%%\u00a0\u00bb button_icon_placement=\u00a0\u00bbright\u00a0\u00bb button_on_hover=\u00a0\u00bboff\u00a0\u00bb button_letter_spacing_hover=\u00a0\u00bb0&Prime; module_class=\u00a0\u00bbofferte\u00a0\u00bb button_font=\u00a0\u00bb|||on|\u00a0\u00bb saved_tabs=\u00a0\u00bball\u00a0\u00bb global_module=\u00a0\u00bb5367&Prime; \/][\/et_pb_column][\/et_pb_row][\/et_pb_section]<\/p>\n","protected":false},"excerpt":{"rendered":"<p><div class=\"et_pb_row et_pb_row_0 et_pb_row_empty\">\n\t\t\t\t\n\t\t\t\t\n\t\t\t\t\n\t\t\t\t\n\t\t\t\t\n\t\t\t<\/div>Outre des assurances v\u00e9hicules\u00a0individuelles, nous vous proposons la solution id\u00e9ale pour les entreprises poss\u00e9dant des v\u00e9hicules automobiles: assurer plusieurs v\u00e9hicules contre les risques les plus divers, et ce, sous une seule et m\u00eame police. Laissez-vous conseiller. Supposons que votre parc de v\u00e9hicules se compose de huit petites voitures, de trois voitures de livraison, de deux [&hellip;]<\/p>\n","protected":false},"author":2,"featured_media":0,"parent":5659,"menu_order":0,"comment_status":"closed","ping_status":"closed","template":"","meta":{"_et_pb_use_builder":"on","_et_pb_old_content":"","_et_gb_content_width":"","footnotes":""},"_links":{"self":[{"href":"https:\/\/www.rossignolbxl.be\/fr\/wp-json\/wp\/v2\/pages\/5635"}],"collection":[{"href":"https:\/\/www.rossignolbxl.be\/fr\/wp-json\/wp\/v2\/pages"}],"about":[{"href":"https:\/\/www.rossignolbxl.be\/fr\/wp-json\/wp\/v2\/types\/page"}],"author":[{"embeddable":true,"href":"https:\/\/www.rossignolbxl.be\/fr\/wp-json\/wp\/v2\/users\/2"}],"replies":[{"embeddable":true,"href":"https:\/\/www.rossignolbxl.be\/fr\/wp-json\/wp\/v2\/comments?post=5635"}],"version-history":[{"count":5,"href":"https:\/\/www.rossignolbxl.be\/fr\/wp-json\/wp\/v2\/pages\/5635\/revisions"}],"predecessor-version":[{"id":5640,"href":"https:\/\/www.rossignolbxl.be\/fr\/wp-json\/wp\/v2\/pages\/5635\/revisions\/5640"}],"up":[{"embeddable":true,"href":"https:\/\/www.rossignolbxl.be\/fr\/wp-json\/wp\/v2\/pages\/5659"}],"wp:attachment":[{"href":"https:\/\/www.rossignolbxl.be\/fr\/wp-json\/wp\/v2\/media?parent=5635"}],"curies":[{"name":"wp","href":"https:\/\/api.w.org\/{rel}","templated":true}]}}