{"id":5641,"date":"2017-08-12T12:48:28","date_gmt":"2017-08-12T12:48:28","guid":{"rendered":"https:\/\/www.rossignolbxl.be\/assurance-assistance\/"},"modified":"2017-08-12T12:48:28","modified_gmt":"2017-08-12T12:48:28","slug":"assurance-assistance","status":"publish","type":"page","link":"https:\/\/www.rossignolbxl.be\/fr\/particuliers\/assurance-assistance\/","title":{"rendered":"Assurance assistance"},"content":{"rendered":"<p>[et_pb_section bb_built=\u00a0\u00bb1&Prime; fullwidth=\u00a0\u00bbon\u00a0\u00bb specialty=\u00a0\u00bboff\u00a0\u00bb _builder_version=\u00a0\u00bb3.0.62&Prime;][et_pb_fullwidth_header _builder_version=\u00a0\u00bb3.0.62&Prime; title=\u00a0\u00bbAssurance assistance\u00a0\u00bb background_image=\u00a0\u00bbhttps:\/\/www.rossignolbxl.be\/wp-content\/uploads\/2017\/07\/group-insurance.jpg\u00a0\u00bb text_orientation=\u00a0\u00bbleft\u00a0\u00bb header_fullscreen=\u00a0\u00bboff\u00a0\u00bb header_scroll_down=\u00a0\u00bboff\u00a0\u00bb image_orientation=\u00a0\u00bbcenter\u00a0\u00bb background_layout=\u00a0\u00bbdark\u00a0\u00bb content_orientation=\u00a0\u00bbcenter\u00a0\u00bb custom_button_one=\u00a0\u00bboff\u00a0\u00bb button_one_letter_spacing=\u00a0\u00bb0&Prime; button_one_icon_placement=\u00a0\u00bbright\u00a0\u00bb button_one_letter_spacing_hover=\u00a0\u00bb0&Prime; custom_button_two=\u00a0\u00bboff\u00a0\u00bb button_two_letter_spacing=\u00a0\u00bb0&Prime; button_two_icon_placement=\u00a0\u00bbright\u00a0\u00bb button_two_letter_spacing_hover=\u00a0\u00bb0&Prime; title_font_color=\u00a0\u00bb#ffffff\u00a0\u00bb custom_css_main_element=\u00a0\u00bbheight: 300px;\u00a0\u00bb custom_css_title=\u00a0\u00bbmargin-top: 40px;\u00a0\u00bb subhead=\u00a0\u00bbNotre Assurance Assistance 24\/24 vous prot\u00e8ge o\u00f9 que vous alliez en Belgique et \u00e0 l\u00b4\u00e9tranger\u00a0\u00bb \/][\/et_pb_section][et_pb_section bb_built=\u00a0\u00bb1&Prime;][et_pb_row][et_pb_column type=\u00a0\u00bb4_4&Prime;][et_pb_text _builder_version=\u00a0\u00bb3.0.62&Prime; background_layout=\u00a0\u00bblight\u00a0\u00bb text_orientation=\u00a0\u00bbleft\u00a0\u00bb border_style=\u00a0\u00bbsolid\u00a0\u00bb custom_padding=\u00a0\u00bb15px|15px|15px|15px\u00a0\u00bb custom_css_main_element=\u00a0\u00bbbox-shadow: 0 6px 20px rgba(0, 0, 0, 0.23), 0 6px 20px rgba(0, 0, 0, 0.16);||\u00a0\u00bb saved_tabs=\u00a0\u00bball\u00a0\u00bb]Notre Assurance Assistance 24\/24 vous prot\u00e8ge o\u00f9 que vous alliez en Belgique et \u00e0 l\u00b4\u00e9tranger, ou m\u00eame chez vous \u00e0 la maison en cas de besoin. Cette assurance vous permet \u00e9galement de voyager en toute s\u00e9curit\u00e9 dans le monde entier. Que vous vous d\u00e9placiez avec votre famille ou pour affaires.<\/p>\n<p>L\u2019Assurance Assistance peut comprendre en une seule et m\u00eame police les garanties suivantes:<\/p>\n<ul>\n<li><b>l\u00b4assistance aux personnes\u00a0<\/b>: vous n\u00b4\u00eates plus en mesure de tout g\u00e9rer suite \u00e0 une maladie ou un accident \u00e0 votre domicile\u00a0?<\/li>\n<li><b>l\u00b4assistance habitation\u00a0:<\/b>\u00a0une fuite d\u00b4eau, un trousseau de clefs \u00e9gar\u00e9 ou un cambriolage, \u00e7a peut arriver. Pour que ces \u00e9v\u00e8nements ne tournent pas au cauchemar, ayez en r\u00e9serve une garantie d\u00b4intervention rapide et efficace.<\/li>\n<li><b>l\u2019assistance v\u00e9hicules:<\/b>\u00a0l\u00b4envoi de d\u00e9panneurs ou de soci\u00e9t\u00e9s charg\u00e9es d\u00b4effectuer les r\u00e9parations n\u00e9cessaires pour votre v\u00e9hicule, la prise en charge d\u00b4un v\u00e9hicule de location, le rapatriement de votre v\u00e9hicule \u00e0 votre domicile ou l\u00b4envoi d\u00b4un d\u00e9panneur chez vous en cas de panne.<\/li>\n<\/ul>\n<p>&#8230; Ainsi, vous ne voyagez jamais seul et b\u00e9n\u00e9ficiez d\u00b4une protection tr\u00e8s compl\u00e8te[\/et_pb_text][et_pb_button _builder_version=\u00a0\u00bb3.0.62&Prime; button_text=\u00a0\u00bbDemandez votre devis\u00a0\u00bb button_url=\u00a0\u00bb\/fr\/contact\u00a0\u00bb url_new_window=\u00a0\u00bboff\u00a0\u00bb button_alignment=\u00a0\u00bbcenter\u00a0\u00bb background_layout=\u00a0\u00bbdark\u00a0\u00bb custom_button=\u00a0\u00bbon\u00a0\u00bb button_text_color=\u00a0\u00bb#ffffff\u00a0\u00bb button_bg_color=\u00a0\u00bb#c12e1b\u00a0\u00bb button_border_width=\u00a0\u00bb0&Prime; button_border_radius=\u00a0\u00bb0&Prime; button_letter_spacing=\u00a0\u00bb0&Prime; button_icon=\u00a0\u00bb%%30%%\u00a0\u00bb button_icon_placement=\u00a0\u00bbright\u00a0\u00bb button_on_hover=\u00a0\u00bboff\u00a0\u00bb button_letter_spacing_hover=\u00a0\u00bb0&Prime; module_class=\u00a0\u00bbofferte\u00a0\u00bb button_font=\u00a0\u00bb|||on|\u00a0\u00bb saved_tabs=\u00a0\u00bball\u00a0\u00bb global_module=\u00a0\u00bb5367&Prime; \/][\/et_pb_column][\/et_pb_row][\/et_pb_section]<\/p>\n","protected":false},"excerpt":{"rendered":"<p><div class=\"et_pb_row et_pb_row_0 et_pb_row_empty\">\n\t\t\t\t\n\t\t\t\t\n\t\t\t\t\n\t\t\t\t\n\t\t\t\t\n\t\t\t<\/div>Notre Assurance Assistance 24\/24 vous prot\u00e8ge o\u00f9 que vous alliez en Belgique et \u00e0 l\u00b4\u00e9tranger, ou m\u00eame chez vous \u00e0 la maison en cas de besoin. Cette assurance vous permet \u00e9galement de voyager en toute s\u00e9curit\u00e9 dans le monde entier. Que vous vous d\u00e9placiez avec votre famille ou pour affaires. L\u2019Assurance Assistance peut comprendre en [&hellip;]<\/p>\n","protected":false},"author":2,"featured_media":0,"parent":5674,"menu_order":0,"comment_status":"closed","ping_status":"closed","template":"","meta":{"_et_pb_use_builder":"on","_et_pb_old_content":"","_et_gb_content_width":"","footnotes":""},"_links":{"self":[{"href":"https:\/\/www.rossignolbxl.be\/fr\/wp-json\/wp\/v2\/pages\/5641"}],"collection":[{"href":"https:\/\/www.rossignolbxl.be\/fr\/wp-json\/wp\/v2\/pages"}],"about":[{"href":"https:\/\/www.rossignolbxl.be\/fr\/wp-json\/wp\/v2\/types\/page"}],"author":[{"embeddable":true,"href":"https:\/\/www.rossignolbxl.be\/fr\/wp-json\/wp\/v2\/users\/2"}],"replies":[{"embeddable":true,"href":"https:\/\/www.rossignolbxl.be\/fr\/wp-json\/wp\/v2\/comments?post=5641"}],"version-history":[{"count":5,"href":"https:\/\/www.rossignolbxl.be\/fr\/wp-json\/wp\/v2\/pages\/5641\/revisions"}],"predecessor-version":[{"id":5646,"href":"https:\/\/www.rossignolbxl.be\/fr\/wp-json\/wp\/v2\/pages\/5641\/revisions\/5646"}],"up":[{"embeddable":true,"href":"https:\/\/www.rossignolbxl.be\/fr\/wp-json\/wp\/v2\/pages\/5674"}],"wp:attachment":[{"href":"https:\/\/www.rossignolbxl.be\/fr\/wp-json\/wp\/v2\/media?parent=5641"}],"curies":[{"name":"wp","href":"https:\/\/api.w.org\/{rel}","templated":true}]}}