{"id":5736,"date":"2018-03-28T17:57:25","date_gmt":"2018-03-28T17:57:25","guid":{"rendered":"https:\/\/www.rossignolbxl.be\/ubezpieczenie-zwiazane-z-udzielaniem-pomocy-calodobowej-tzw-assistance\/"},"modified":"2018-03-28T17:57:25","modified_gmt":"2018-03-28T17:57:25","slug":"ubezpieczenie-zwiazane-z-udzielaniem-pomocy-calodobowej-tzw-assistance","status":"publish","type":"page","link":"https:\/\/www.rossignolbxl.be\/pl\/ubezpieczenie-zwiazane-z-udzielaniem-pomocy-calodobowej-tzw-assistance\/","title":{"rendered":"UBEZPIECZENIE ZWI\u0104ZANE Z UDZIELANIEM POMOCY CA\u0141ODOBOWEJ (TZW. \u2018ASSISTANCE\u2019)"},"content":{"rendered":"<p>[et_pb_section bb_built=&#8221;1&#8243; fullwidth=&#8221;on&#8221; specialty=&#8221;off&#8221; _builder_version=&#8221;3.0.62&#8243;][et_pb_fullwidth_header _builder_version=&#8221;3.0.62&#8243; title=&#8221;UBEZPIECZENIE ZWI\u0104ZANE Z UDZIELANIEM POMOCY CA\u0141ODOBOWEJ (TZW. \u2018ASSISTANCE\u2019)&#8221; background_image=&#8221;https:\/\/www.rossignolbxl.be\/wp-content\/uploads\/2017\/07\/group-insurance.jpg&#8221; text_orientation=&#8221;left&#8221; header_fullscreen=&#8221;off&#8221; header_scroll_down=&#8221;off&#8221; image_orientation=&#8221;center&#8221; background_layout=&#8221;dark&#8221; content_orientation=&#8221;center&#8221; custom_button_one=&#8221;off&#8221; button_one_letter_spacing=&#8221;0&#8243; button_one_icon_placement=&#8221;right&#8221; button_one_letter_spacing_hover=&#8221;0&#8243; custom_button_two=&#8221;off&#8221; button_two_letter_spacing=&#8221;0&#8243; button_two_icon_placement=&#8221;right&#8221; button_two_letter_spacing_hover=&#8221;0&#8243; title_font_color=&#8221;#ffffff&#8221; custom_css_main_element=&#8221;height: 300px;&#8221; custom_css_title=&#8221;margin-top: 40px;&#8221; subhead=&#8221; &#8221; \/][\/et_pb_section][et_pb_section bb_built=&#8221;1&#8243;][et_pb_row][et_pb_column type=&#8221;4_4&#8243;][et_pb_text _builder_version=&#8221;3.0.62&#8243; background_layout=&#8221;light&#8221; text_orientation=&#8221;left&#8221; border_style=&#8221;solid&#8221; custom_padding=&#8221;15px|15px|15px|15px&#8221; custom_css_main_element=&#8221;box-shadow: 0 6px 20px rgba(0, 0, 0, 0.23), 0 6px 20px rgba(0, 0, 0, 0.16);||&#8221; saved_tabs=&#8221;all&#8221;]Nasze ubezpieczenie \u2018 Assistance 24\/24\u2019 zabezpiecza Ci\u0119 gdziekolwiek w Belgii i za granic\u0105<\/p>\n<p>Nasze ubezpieczenie Assistance 24\/24 zabezpiecza Ci\u0119 gdziekolwiek jeste\u015b,\u00a0 w Belgii i za granic\u0105, lub w razie potrzeby nawet we w\u0142asnym domu. Ubezpieczenie to pozwoli Ci tak\u017ce podr\u00f3\u017cowa\u0107 bezpiecznie po ca\u0142ym \u015bwiecie. Bez wzgl\u0119du na to czy podr\u00f3\u017cujesz z rodzin\u0105 czy w sprawach zawodowych.<\/p>\n<p>W ramach tej samej polisy, ubezpieczenie\u00a0 Assistance mo\u017ce zawiera\u0107 nast\u0119puj\u0105ce gwarancje\u00a0 :<\/p>\n<ul>\n<li><strong>pomoc osobie<\/strong>: nie jeste\u015b ju\u017c w stanie zarz\u0105dza\u0107 wszystkimi swymi sprawami z powodu choroby lub wypadku w domu\u00a0 ?<\/li>\n<li><strong>Home Assistance:<\/strong><strong> zalanie mieszkania<\/strong>, zagubienie kluczy lub w\u0142amanie, to rzeczy, kt\u00f3re niestety mog\u0105 si\u0119 przydarzy\u0107. Aby te zdarzenia nie zamieni\u0142y si\u0119 w koszmar, dobrze jest\u00a0 m\u00f3c liczy\u0107 na pomoc i interwencj\u0119. Gwarantujemy szybk\u0105 i skuteczn\u0105 reakcj\u0119.<\/li>\n<li><strong>pomoc\u00a0w przypadku problem\u00f3w z pojazdem\u00a0:<\/strong>wys\u0142anie <strong>pogotowia technicznego<\/strong> do holowania samochodu lub do przeprowadzenia koniecznej naprawy pojazdu, udost\u0119pnienie pojazdu zast\u0119pczego, przew\u00f3z samochodu do domu lub wys\u0142anie <strong>pogotowia technicznego<\/strong> do domu w przypadku awarii samochodu przed domem<\/li>\n<\/ul>\n<p>&#8230;.Ju\u017c nigdy nie b\u0119dziesz czu\u0142 si\u0119 sam w podr\u00f3\u017cy i b\u0119dziesz m\u00f3g\u0142 liczy\u0107 na pomoc w wielu dziedzinach[\/et_pb_text][et_pb_button _builder_version=&#8221;3.0.62&#8243; button_text=&#8221;https:\/\/translate.google.com\/#auto\/pl\/offerte%20vragen&#8221; button_url=&#8221;\/contact&#8221; url_new_window=&#8221;off&#8221; button_alignment=&#8221;center&#8221; background_layout=&#8221;dark&#8221; custom_button=&#8221;on&#8221; button_text_color=&#8221;#ffffff&#8221; button_bg_color=&#8221;#c12e1b&#8221; button_border_width=&#8221;0&#8243; button_border_radius=&#8221;0&#8243; button_letter_spacing=&#8221;0&#8243; button_icon=&#8221;%%30%%&#8221; button_icon_placement=&#8221;right&#8221; button_on_hover=&#8221;off&#8221; button_letter_spacing_hover=&#8221;0&#8243; module_class=&#8221;offerte&#8221; button_font=&#8221;|||on|&#8221; saved_tabs=&#8221;all&#8221; global_module=&#8221;5367&#8243; \/][\/et_pb_column][\/et_pb_row][\/et_pb_section]<\/p>\n","protected":false},"excerpt":{"rendered":"<p><div class=\"et_pb_row et_pb_row_0 et_pb_row_empty\">\n\t\t\t\t\n\t\t\t\t\n\t\t\t\t\n\t\t\t\t\n\t\t\t\t\n\t\t\t<\/div>Nasze ubezpieczenie \u2018 Assistance 24\/24\u2019 zabezpiecza Ci\u0119 gdziekolwiek w Belgii i za granic\u0105 Nasze ubezpieczenie Assistance 24\/24 zabezpiecza Ci\u0119 gdziekolwiek jeste\u015b,\u00a0 w Belgii i za granic\u0105, lub w razie potrzeby nawet we w\u0142asnym domu. Ubezpieczenie to pozwoli Ci tak\u017ce podr\u00f3\u017cowa\u0107 bezpiecznie po ca\u0142ym \u015bwiecie. Bez wzgl\u0119du na to czy podr\u00f3\u017cujesz z rodzin\u0105 czy w sprawach [&hellip;]<\/p>\n","protected":false},"author":2,"featured_media":0,"parent":0,"menu_order":0,"comment_status":"closed","ping_status":"closed","template":"","meta":{"_et_pb_use_builder":"on","_et_pb_old_content":"","_et_gb_content_width":"","footnotes":""},"_links":{"self":[{"href":"https:\/\/www.rossignolbxl.be\/pl\/wp-json\/wp\/v2\/pages\/5736"}],"collection":[{"href":"https:\/\/www.rossignolbxl.be\/pl\/wp-json\/wp\/v2\/pages"}],"about":[{"href":"https:\/\/www.rossignolbxl.be\/pl\/wp-json\/wp\/v2\/types\/page"}],"author":[{"embeddable":true,"href":"https:\/\/www.rossignolbxl.be\/pl\/wp-json\/wp\/v2\/users\/2"}],"replies":[{"embeddable":true,"href":"https:\/\/www.rossignolbxl.be\/pl\/wp-json\/wp\/v2\/comments?post=5736"}],"version-history":[{"count":4,"href":"https:\/\/www.rossignolbxl.be\/pl\/wp-json\/wp\/v2\/pages\/5736\/revisions"}],"predecessor-version":[{"id":5740,"href":"https:\/\/www.rossignolbxl.be\/pl\/wp-json\/wp\/v2\/pages\/5736\/revisions\/5740"}],"wp:attachment":[{"href":"https:\/\/www.rossignolbxl.be\/pl\/wp-json\/wp\/v2\/media?parent=5736"}],"curies":[{"name":"wp","href":"https:\/\/api.w.org\/{rel}","templated":true}]}}