{"id":5741,"date":"2018-03-28T18:05:18","date_gmt":"2018-03-28T18:05:18","guid":{"rendered":"https:\/\/www.rossignolbxl.be\/ubezpieczenie-rekreacyjnych-jednostek-plywajacych\/"},"modified":"2018-03-28T18:05:19","modified_gmt":"2018-03-28T18:05:19","slug":"ubezpieczenie-rekreacyjnych-jednostek-plywajacych","status":"publish","type":"page","link":"https:\/\/www.rossignolbxl.be\/pl\/ubezpieczenie-rekreacyjnych-jednostek-plywajacych\/","title":{"rendered":"UBEZPIECZENIE REKREACYJNYCH JEDNOSTEK P\u0141YWAJ\u0104CYCH"},"content":{"rendered":"<p>[et_pb_section bb_built=&#8221;1&#8243; fullwidth=&#8221;on&#8221; specialty=&#8221;off&#8221; _builder_version=&#8221;3.0.62&#8243;][et_pb_fullwidth_header _builder_version=&#8221;3.0.62&#8243; title=&#8221;UBEZPIECZENIE REKREACYJNYCH JEDNOSTEK P\u0141YWAJ\u0104CYCH&#8221; background_image=&#8221;https:\/\/www.rossignolbxl.be\/wp-content\/uploads\/2017\/07\/group-insurance.jpg&#8221; text_orientation=&#8221;left&#8221; header_fullscreen=&#8221;off&#8221; header_scroll_down=&#8221;off&#8221; image_orientation=&#8221;center&#8221; background_layout=&#8221;dark&#8221; content_orientation=&#8221;center&#8221; custom_button_one=&#8221;off&#8221; button_one_letter_spacing=&#8221;0&#8243; button_one_icon_placement=&#8221;right&#8221; button_one_letter_spacing_hover=&#8221;0&#8243; custom_button_two=&#8221;off&#8221; button_two_letter_spacing=&#8221;0&#8243; button_two_icon_placement=&#8221;right&#8221; button_two_letter_spacing_hover=&#8221;0&#8243; title_font_color=&#8221;#ffffff&#8221; custom_css_main_element=&#8221;height: 300px;&#8221; custom_css_title=&#8221;margin-top: 40px;&#8221; subhead=&#8221; &#8221; \/][\/et_pb_section][et_pb_section bb_built=&#8221;1&#8243;][et_pb_row][et_pb_column type=&#8221;4_4&#8243;][et_pb_text _builder_version=&#8221;3.0.62&#8243; background_layout=&#8221;light&#8221; text_orientation=&#8221;left&#8221; border_style=&#8221;solid&#8221; custom_padding=&#8221;15px|15px|15px|15px&#8221; custom_css_main_element=&#8221;box-shadow: 0 6px 20px rgba(0, 0, 0, 0.23), 0 6px 20px rgba(0, 0, 0, 0.16);||&#8221; saved_tabs=&#8221;all&#8221;]W\u0142a\u015bciwe ubezpieczenie jednostek p\u0142ywaj\u0105cych mo\u017ce by\u0107 bardzo przydatne. Bycie ubezpieczonym oznacza zwrot koszt\u00f3w w przypadku wyst\u0105pienia szkody, a zw\u0142aszcza szk\u00f3d wyrz\u0105dzonych osobom trzecim.<\/p>\n<p>\u017beglarstwo rekreacyjne to jakiekolwiek rekreacyjne prywatne korzystanie z \u0142odzi \/jachtu czy pozosta\u0142ych jednostek p\u0142ywaj\u0105cych, w celach niedochodowych. Dzi\u0119ki naszej polisie ubezpieczeniowej rekreacyjnych jednostek p\u0142ywaj\u0105cych mo\u017cesz ubezpieczy\u0107 \u0142\u00f3d\u017a, \u017cagl\u00f3wk\u0119 lub motor\u00f3wk\u0119.Oferujemy Ci formu\u0142y gwarancyjne dostosowane do Twojej \u0142odzi i Twojego sposobu u\u017cytkowania.<\/p>\n<ul>\n<li>Odpowiedzialno\u015b\u0107 cywilna: ka\u017cdy \u017ceglarz powinien by\u0107 ubezpieczony od odpowiedzialno\u015bci cywilnej w stosunku do os\u00f3b trzecich za nieumy\u015blne spowodowanie szkody i to niezale\u017cnie od wielko\u015bci statku. Ponadto, gwarancja posiadania takiego ubezpieczenia jest cz\u0119sto wymagana, by m\u00f3c zacumowa\u0107 w porcie.<\/li>\n<li>Gwarancja \u2018Auto-casco\u2019 -wa\u017cne jest, aby odpowiednio ubezpieczy\u0107 swoj\u0105 \u0142\u00f3d\u017a \u017caglow\u0105 lub motorow\u0105, poniewa\u017c nikt nie jest bezpieczny przed burz\u0105, kradzie\u017c\u0105, ogniem lub kaprysami morskiej pogody. R\u00f3wnie\u017c zg\u0142oszona do ubezpieczenia warto\u015b\u0107 \u0142odzi jest tak samo wa\u017cna jak jej miejsce w porcie. Zg\u0142oszona do ubezpieczenia warto\u015b\u0107 \u0142odzi musi by\u0107 jej rzeczywist\u0105 warto\u015bci\u0105.<\/li>\n<li>Ubezpieczony kapita\u0142 okre\u015blaj\u0105 warunki szczeg\u00f3lne, w kt\u00f3rych mo\u017cna wybra\u0107 zmniejszon\u0105 kwot\u0119 ubezpieczonego kapita\u0142u dla cel\u00f3w ubezpieczenia tylko od niekt\u00f3rych szk\u00f3d<\/li>\n<li>Indywidualna gwarancja ubezp.od wypadku na morzu: obejmuuje ubezpieczonego i osoby znajduj\u0105ce si\u0119 na pok\u0142adzie w przypadku wypadku oraz zapewnia kapita\u0142 na wypadek \u015bmierci lub niepe\u0142nosprawno\u015bci, a w niekt\u00f3rych przypadkach koszty leczenia. Kapita\u0142 max. ubezpieczony w przypadku poszczeg\u00f3lnych wypadk\u00f3w obj\u0119tych roszczeniem i kapita\u0142 ubezp.na osob\u0119 s\u0105 okre\u015blone w umowie.<\/li>\n<\/ul>\n<p>[\/et_pb_text][et_pb_button _builder_version=&#8221;3.0.62&#8243; button_text=&#8221;zapytaj o ofert\u0119&#8221; button_url=&#8221;\/contact&#8221; url_new_window=&#8221;off&#8221; button_alignment=&#8221;center&#8221; background_layout=&#8221;dark&#8221; custom_button=&#8221;on&#8221; button_text_color=&#8221;#ffffff&#8221; button_bg_color=&#8221;#c12e1b&#8221; button_border_width=&#8221;0&#8243; button_border_radius=&#8221;0&#8243; button_letter_spacing=&#8221;0&#8243; button_icon=&#8221;%%30%%&#8221; button_icon_placement=&#8221;right&#8221; button_on_hover=&#8221;off&#8221; button_letter_spacing_hover=&#8221;0&#8243; module_class=&#8221;offerte&#8221; button_font=&#8221;|||on|&#8221; saved_tabs=&#8221;all&#8221; global_module=&#8221;5367&#8243; \/][\/et_pb_column][\/et_pb_row][\/et_pb_section]<\/p>\n","protected":false},"excerpt":{"rendered":"<p><div class=\"et_pb_row et_pb_row_0 et_pb_row_empty\">\n\t\t\t\t\n\t\t\t\t\n\t\t\t\t\n\t\t\t\t\n\t\t\t\t\n\t\t\t<\/div>W\u0142a\u015bciwe ubezpieczenie jednostek p\u0142ywaj\u0105cych mo\u017ce by\u0107 bardzo przydatne. Bycie ubezpieczonym oznacza zwrot koszt\u00f3w w przypadku wyst\u0105pienia szkody, a zw\u0142aszcza szk\u00f3d wyrz\u0105dzonych osobom trzecim. \u017beglarstwo rekreacyjne to jakiekolwiek rekreacyjne prywatne korzystanie z \u0142odzi \/jachtu czy pozosta\u0142ych jednostek p\u0142ywaj\u0105cych, w celach niedochodowych. Dzi\u0119ki naszej polisie ubezpieczeniowej rekreacyjnych jednostek p\u0142ywaj\u0105cych mo\u017cesz ubezpieczy\u0107 \u0142\u00f3d\u017a, \u017cagl\u00f3wk\u0119 lub motor\u00f3wk\u0119.Oferujemy Ci formu\u0142y [&hellip;]<\/p>\n","protected":false},"author":2,"featured_media":0,"parent":0,"menu_order":0,"comment_status":"closed","ping_status":"closed","template":"","meta":{"_et_pb_use_builder":"on","_et_pb_old_content":"","_et_gb_content_width":"","footnotes":""},"_links":{"self":[{"href":"https:\/\/www.rossignolbxl.be\/pl\/wp-json\/wp\/v2\/pages\/5741"}],"collection":[{"href":"https:\/\/www.rossignolbxl.be\/pl\/wp-json\/wp\/v2\/pages"}],"about":[{"href":"https:\/\/www.rossignolbxl.be\/pl\/wp-json\/wp\/v2\/types\/page"}],"author":[{"embeddable":true,"href":"https:\/\/www.rossignolbxl.be\/pl\/wp-json\/wp\/v2\/users\/2"}],"replies":[{"embeddable":true,"href":"https:\/\/www.rossignolbxl.be\/pl\/wp-json\/wp\/v2\/comments?post=5741"}],"version-history":[{"count":4,"href":"https:\/\/www.rossignolbxl.be\/pl\/wp-json\/wp\/v2\/pages\/5741\/revisions"}],"predecessor-version":[{"id":5745,"href":"https:\/\/www.rossignolbxl.be\/pl\/wp-json\/wp\/v2\/pages\/5741\/revisions\/5745"}],"wp:attachment":[{"href":"https:\/\/www.rossignolbxl.be\/pl\/wp-json\/wp\/v2\/media?parent=5741"}],"curies":[{"name":"wp","href":"https:\/\/api.w.org\/{rel}","templated":true}]}}