{"id":5747,"date":"2018-03-28T18:07:30","date_gmt":"2018-03-28T18:07:30","guid":{"rendered":"https:\/\/www.rossignolbxl.be\/ubezpieczenie-kredytu\/"},"modified":"2018-03-28T18:07:31","modified_gmt":"2018-03-28T18:07:31","slug":"ubezpieczenie-kredytu","status":"publish","type":"page","link":"https:\/\/www.rossignolbxl.be\/pl\/ubezpieczenie-kredytu\/","title":{"rendered":"UBEZPIECZENIE KREDYTU"},"content":{"rendered":"<p>[et_pb_section bb_built=&#8221;1&#8243; fullwidth=&#8221;on&#8221; specialty=&#8221;off&#8221; _builder_version=&#8221;3.0.62&#8243;][et_pb_fullwidth_header _builder_version=&#8221;3.0.62&#8243; title=&#8221;UBEZPIECZENIE KREDYTU &#8221; background_image=&#8221;https:\/\/www.rossignolbxl.be\/wp-content\/uploads\/2017\/07\/group-insurance.jpg&#8221; text_orientation=&#8221;left&#8221; header_fullscreen=&#8221;off&#8221; header_scroll_down=&#8221;off&#8221; image_orientation=&#8221;center&#8221; background_layout=&#8221;dark&#8221; content_orientation=&#8221;center&#8221; custom_button_one=&#8221;off&#8221; button_one_letter_spacing=&#8221;0&#8243; button_one_icon_placement=&#8221;right&#8221; button_one_letter_spacing_hover=&#8221;0&#8243; custom_button_two=&#8221;off&#8221; button_two_letter_spacing=&#8221;0&#8243; button_two_icon_placement=&#8221;right&#8221; button_two_letter_spacing_hover=&#8221;0&#8243; title_font_color=&#8221;#ffffff&#8221; custom_css_main_element=&#8221;height: 300px;&#8221; custom_css_title=&#8221;margin-top: 40px;&#8221; \/][\/et_pb_section][et_pb_section bb_built=&#8221;1&#8243;][et_pb_row][et_pb_column type=&#8221;4_4&#8243;][et_pb_text _builder_version=&#8221;3.0.62&#8243; background_layout=&#8221;light&#8221; text_orientation=&#8221;left&#8221; border_style=&#8221;solid&#8221; custom_padding=&#8221;15px|15px|15px|15px&#8221; custom_css_main_element=&#8221;box-shadow: 0 6px 20px rgba(0, 0, 0, 0.23), 0 6px 20px rgba(0, 0, 0, 0.16);||&#8221; saved_tabs=&#8221;all&#8221;]Ubezpieczenie kredytu jest szczeg\u00f3ln\u0105 form\u0105 ubezpieczenia, kt\u00f3ra zabezpiecza przedsi\u0119biorsta lub banki przed niewywi\u0105zaniem si\u0119 ze zobowi\u0105za\u0144 kredytobiorcy, z nast\u0119puj\u0105cych powod\u00f3w:<\/p>\n<ul>\n<li>powod\u00f3w zale\u017cnych od d\u0142u\u017cnika (niewyp\u0142acalno\u015b\u0107)<\/li>\n<li>powod\u00f3w zewn\u0119trznych takich jak ograniczenia (w szczeg\u00f3lno\u015bci zwi\u0105zane z ryzykiem politycznym w umowach eksportowych obejmuj\u0105cych kredyt klienta). W tym przypadku ubezpieczenie kredytu jest jednym z element\u00f3w zabezpieczenia eksportu.<\/li>\n<\/ul>\n<p>[\/et_pb_text][et_pb_button _builder_version=&#8221;3.0.62&#8243; button_text=&#8221;zapytaj o ofert\u0119&#8221; button_url=&#8221;\/contact&#8221; url_new_window=&#8221;off&#8221; button_alignment=&#8221;center&#8221; background_layout=&#8221;dark&#8221; custom_button=&#8221;on&#8221; button_text_color=&#8221;#ffffff&#8221; button_bg_color=&#8221;#c12e1b&#8221; button_border_width=&#8221;0&#8243; button_border_radius=&#8221;0&#8243; button_letter_spacing=&#8221;0&#8243; button_icon=&#8221;%%30%%&#8221; button_icon_placement=&#8221;right&#8221; button_on_hover=&#8221;off&#8221; button_letter_spacing_hover=&#8221;0&#8243; module_class=&#8221;offerte&#8221; button_font=&#8221;|||on|&#8221; saved_tabs=&#8221;all&#8221; global_module=&#8221;5367&#8243; \/][\/et_pb_column][\/et_pb_row][\/et_pb_section]<\/p>\n","protected":false},"excerpt":{"rendered":"<p><div class=\"et_pb_row et_pb_row_0 et_pb_row_empty\">\n\t\t\t\t\n\t\t\t\t\n\t\t\t\t\n\t\t\t\t\n\t\t\t\t\n\t\t\t<\/div>Ubezpieczenie kredytu jest szczeg\u00f3ln\u0105 form\u0105 ubezpieczenia, kt\u00f3ra zabezpiecza przedsi\u0119biorsta lub banki przed niewywi\u0105zaniem si\u0119 ze zobowi\u0105za\u0144 kredytobiorcy, z nast\u0119puj\u0105cych powod\u00f3w: powod\u00f3w zale\u017cnych od d\u0142u\u017cnika (niewyp\u0142acalno\u015b\u0107) powod\u00f3w zewn\u0119trznych takich jak ograniczenia (w szczeg\u00f3lno\u015bci zwi\u0105zane z ryzykiem politycznym w umowach eksportowych obejmuj\u0105cych kredyt klienta). W tym przypadku ubezpieczenie kredytu jest jednym z element\u00f3w zabezpieczenia eksportu.<\/p>\n","protected":false},"author":2,"featured_media":0,"parent":0,"menu_order":0,"comment_status":"closed","ping_status":"closed","template":"","meta":{"_et_pb_use_builder":"on","_et_pb_old_content":"","_et_gb_content_width":"","footnotes":""},"_links":{"self":[{"href":"https:\/\/www.rossignolbxl.be\/pl\/wp-json\/wp\/v2\/pages\/5747"}],"collection":[{"href":"https:\/\/www.rossignolbxl.be\/pl\/wp-json\/wp\/v2\/pages"}],"about":[{"href":"https:\/\/www.rossignolbxl.be\/pl\/wp-json\/wp\/v2\/types\/page"}],"author":[{"embeddable":true,"href":"https:\/\/www.rossignolbxl.be\/pl\/wp-json\/wp\/v2\/users\/2"}],"replies":[{"embeddable":true,"href":"https:\/\/www.rossignolbxl.be\/pl\/wp-json\/wp\/v2\/comments?post=5747"}],"version-history":[{"count":3,"href":"https:\/\/www.rossignolbxl.be\/pl\/wp-json\/wp\/v2\/pages\/5747\/revisions"}],"predecessor-version":[{"id":5750,"href":"https:\/\/www.rossignolbxl.be\/pl\/wp-json\/wp\/v2\/pages\/5747\/revisions\/5750"}],"wp:attachment":[{"href":"https:\/\/www.rossignolbxl.be\/pl\/wp-json\/wp\/v2\/media?parent=5747"}],"curies":[{"name":"wp","href":"https:\/\/api.w.org\/{rel}","templated":true}]}}