{"id":5754,"date":"2018-03-28T18:11:21","date_gmt":"2018-03-28T18:11:21","guid":{"rendered":"https:\/\/www.rossignolbxl.be\/ubezpieczenie-na-wypadek-hospitalizacji\/"},"modified":"2018-03-28T18:11:21","modified_gmt":"2018-03-28T18:11:21","slug":"ubezpieczenie-na-wypadek-hospitalizacji","status":"publish","type":"page","link":"https:\/\/www.rossignolbxl.be\/pl\/ubezpieczenie-na-wypadek-hospitalizacji\/","title":{"rendered":"UBEZPIECZENIE NA WYPADEK HOSPITALIZACJI"},"content":{"rendered":"<p>[et_pb_section bb_built=&#8221;1&#8243; fullwidth=&#8221;on&#8221; specialty=&#8221;off&#8221; _builder_version=&#8221;3.0.62&#8243;][et_pb_fullwidth_header _builder_version=&#8221;3.0.62&#8243; title=&#8221;UBEZPIECZENIE NA WYPADEK HOSPITALIZACJI&#8221; background_image=&#8221;https:\/\/www.rossignolbxl.be\/wp-content\/uploads\/2017\/07\/group-insurance.jpg&#8221; text_orientation=&#8221;left&#8221; header_fullscreen=&#8221;off&#8221; header_scroll_down=&#8221;off&#8221; image_orientation=&#8221;center&#8221; background_layout=&#8221;dark&#8221; content_orientation=&#8221;center&#8221; custom_button_one=&#8221;off&#8221; button_one_letter_spacing=&#8221;0&#8243; button_one_icon_placement=&#8221;right&#8221; button_one_letter_spacing_hover=&#8221;0&#8243; custom_button_two=&#8221;off&#8221; button_two_letter_spacing=&#8221;0&#8243; button_two_icon_placement=&#8221;right&#8221; button_two_letter_spacing_hover=&#8221;0&#8243; title_font_color=&#8221;#ffffff&#8221; custom_css_main_element=&#8221;height: 300px;&#8221; custom_css_title=&#8221;margin-top: 40px;&#8221; \/][\/et_pb_section][et_pb_section bb_built=&#8221;1&#8243;][et_pb_row][et_pb_column type=&#8221;4_4&#8243;][et_pb_text _builder_version=&#8221;3.0.62&#8243; background_layout=&#8221;light&#8221; text_orientation=&#8221;left&#8221; border_style=&#8221;solid&#8221; custom_padding=&#8221;15px|15px|15px|15px&#8221; custom_css_main_element=&#8221;box-shadow: 0 6px 20px rgba(0, 0, 0, 0.23), 0 6px 20px rgba(0, 0, 0, 0.16);||&#8221; saved_tabs=&#8221;all&#8221;]Operacja, pilna hospitalizacja, leczenie. Czy zastanawia\u0142e\u015b si\u0119 kiedy\u015b, ile to mo\u017ce kosztowa\u0107? Chyba, \u017ce masz ubezpieczenie na wypadek hospitalizacji. A poniewa\u017c mo\u017ce si\u0119 to zdarzy\u0107 ka\u017cdemu, ubezpieczenie to jest absolutn\u0105 konieczno\u015bci\u0105.<\/p>\n<p>Hospitalizacja i brak ubezpieczenia to podw\u00f3jne nieszcz\u0119\u015bcie.<\/p>\n<p>Dzi\u0119ki ubezpieczeniu na wypadek hospitalizacji mo\u017cesz spa\u0107 spokojnie: obejmuje ono ryzyko hospitalizacji na skutek choroby, wypadku i porodu z powik\u0142aniami.<\/p>\n<p>Ile kosztuje leczenie szpitalne [hospitalizacja]? Przyk\u0142ad:<\/p>\n<p>36-letni m\u0119\u017cczyzna jest hospitalizowany przez pi\u0119\u0107dziesi\u0105t dni po ci\u0119\u017ckim wypadku. Kwota, kt\u00f3r\u0105 musi pokry\u0107 sam pacjent to 8 903,44 EUR. Oto \u00a0faktura:<\/p>\n<p>&nbsp;<\/p>\n<table width=\"717\">\n<tbody>\n<tr>\n<td width=\"126\"><strong>Koszta<\/strong><\/td>\n<td width=\"172\"><strong>Refundacja z funduszu zdrowia\u00a0(\u201emutuelle\u201d)<\/strong><\/td>\n<td width=\"166\"><strong>Wk\u0142ad w\u0142asny pacjenta\u00a0<\/strong><\/td>\n<\/tr>\n<tr>\n<td width=\"126\"><strong>pobyt w szpitalu<\/strong><\/td>\n<td width=\"172\">11.283,95 EUR<\/td>\n<td width=\"166\">2.623,95 EUR<\/td>\n<\/tr>\n<tr>\n<td width=\"126\"><strong>leki\u00a0<\/strong><\/td>\n<td width=\"172\">865,27 EUR<\/td>\n<td width=\"166\">822,26 EUR<\/td>\n<\/tr>\n<tr>\n<td width=\"126\"><strong>honoraria lekarskie<\/strong><\/td>\n<td width=\"172\">8.253,81 EUR<\/td>\n<td width=\"166\">5.457,81 EUR<\/td>\n<\/tr>\n<tr>\n<td width=\"126\"><strong>razem<\/strong><\/td>\n<td width=\"172\">20.403,05 EUR<\/td>\n<td width=\"166\">8.903,44 EUR<\/td>\n<\/tr>\n<\/tbody>\n<\/table>\n<p>&nbsp;<\/p>\n<p><strong>Dzi\u0119ki <\/strong>ubezpieczeniu<strong> otrzymujesz zwrot koszt\u00f3w:<\/strong><\/p>\n<p><strong>\u00a0<\/strong><\/p>\n<ul>\n<li><strong> pe\u0142ny zwrot koszt\u00f3w hospitalizacji,<\/strong><\/li>\n<li><strong> bez ogranicze\u0144 dotycz\u0105cych kwoty lub czasu trwania pobytu w szpitalu,<\/strong><\/li>\n<li><strong> tzw. &#8222;dzienna hospitalizacja&#8221; podlega r\u00f3wnie\u017c ubezpieczeniu,<\/strong><\/li>\n<li><strong> koszty leczenia ambulatoryjnego, kt\u00f3re maj\u0105 bezpo\u015bredni zwi\u0105zek z przyczyn\u0105 hospitalizacji podlegaj\u0105 r\u00f3wnie\u017c ubezpieczeniu &#8211; na miesi\u0105c przed i 3 miesi\u0105ce po hospitalizacji,<\/strong><\/li>\n<li><strong> koszty transportu do szpitala w nag\u0142ym przypadku, <\/strong><\/li>\n<li><strong> gwarancja &#8222;powa\u017cne choroby&#8221; obejmuje ponad 26 chor\u00f3b. Niniejsza gwarancja zapewnia zwrot wszystkich wydatk\u00f3w ambulatoryjnych niezb\u0119dnych z medycznego punktu widzeni,a a kt\u00f3re s\u0105 bezpo\u015brednio zwi\u0105zane z jedn\u0105 z powa\u017cnych chor\u00f3b,<\/strong><\/li>\n<li><strong> ubezpieczenie dzia\u0142a na ca\u0142ym \u015bwiecie,<\/strong><\/li>\n<li><strong> twoja umowa \u201eHospitalizacja\u201d jest umow\u0105 na ca\u0142e \u017cycie. Ubezpieczony pozostaje cz\u0142onkiem ubezpieczenia tak d\u0142ugo, jak chce. Firma ubezpieczeniowa nie wypowie umowy, je\u015bli pogorszy si\u0119 stan zdrowia klienta lub po wyp\u0142acie koszt\u00f3w leczenia,<\/strong><\/li>\n<li><strong> szybki zwrot koszt\u00f3w,<\/strong><\/li>\n<li><strong> bardzo korzystna stawka i ulgi dla ubezpieczenia ca\u0142ej rodziny <\/strong><\/li>\n<\/ul>\n<p>&nbsp;[\/et_pb_text][et_pb_button _builder_version=&#8221;3.0.62&#8243; button_text=&#8221;zapytaj o ofert\u0119&#8221; button_url=&#8221;\/contact&#8221; url_new_window=&#8221;off&#8221; button_alignment=&#8221;center&#8221; background_layout=&#8221;dark&#8221; custom_button=&#8221;on&#8221; button_text_color=&#8221;#ffffff&#8221; button_bg_color=&#8221;#c12e1b&#8221; button_border_width=&#8221;0&#8243; button_border_radius=&#8221;0&#8243; button_letter_spacing=&#8221;0&#8243; button_icon=&#8221;%%30%%&#8221; button_icon_placement=&#8221;right&#8221; button_on_hover=&#8221;off&#8221; button_letter_spacing_hover=&#8221;0&#8243; module_class=&#8221;offerte&#8221; button_font=&#8221;|||on|&#8221; saved_tabs=&#8221;all&#8221; global_module=&#8221;5367&#8243; \/][\/et_pb_column][\/et_pb_row][\/et_pb_section]<\/p>\n","protected":false},"excerpt":{"rendered":"<p><div class=\"et_pb_row et_pb_row_0 et_pb_row_empty\">\n\t\t\t\t\n\t\t\t\t\n\t\t\t\t\n\t\t\t\t\n\t\t\t\t\n\t\t\t<\/div>Operacja, pilna hospitalizacja, leczenie. Czy zastanawia\u0142e\u015b si\u0119 kiedy\u015b, ile to mo\u017ce kosztowa\u0107? Chyba, \u017ce masz ubezpieczenie na wypadek hospitalizacji. A poniewa\u017c mo\u017ce si\u0119 to zdarzy\u0107 ka\u017cdemu, ubezpieczenie to jest absolutn\u0105 konieczno\u015bci\u0105. Hospitalizacja i brak ubezpieczenia to podw\u00f3jne nieszcz\u0119\u015bcie. Dzi\u0119ki ubezpieczeniu na wypadek hospitalizacji mo\u017cesz spa\u0107 spokojnie: obejmuje ono ryzyko hospitalizacji na skutek choroby, wypadku i [&hellip;]<\/p>\n","protected":false},"author":2,"featured_media":0,"parent":0,"menu_order":0,"comment_status":"closed","ping_status":"closed","template":"","meta":{"_et_pb_use_builder":"on","_et_pb_old_content":"","_et_gb_content_width":"","footnotes":""},"_links":{"self":[{"href":"https:\/\/www.rossignolbxl.be\/pl\/wp-json\/wp\/v2\/pages\/5754"}],"collection":[{"href":"https:\/\/www.rossignolbxl.be\/pl\/wp-json\/wp\/v2\/pages"}],"about":[{"href":"https:\/\/www.rossignolbxl.be\/pl\/wp-json\/wp\/v2\/types\/page"}],"author":[{"embeddable":true,"href":"https:\/\/www.rossignolbxl.be\/pl\/wp-json\/wp\/v2\/users\/2"}],"replies":[{"embeddable":true,"href":"https:\/\/www.rossignolbxl.be\/pl\/wp-json\/wp\/v2\/comments?post=5754"}],"version-history":[{"count":3,"href":"https:\/\/www.rossignolbxl.be\/pl\/wp-json\/wp\/v2\/pages\/5754\/revisions"}],"predecessor-version":[{"id":5757,"href":"https:\/\/www.rossignolbxl.be\/pl\/wp-json\/wp\/v2\/pages\/5754\/revisions\/5757"}],"wp:attachment":[{"href":"https:\/\/www.rossignolbxl.be\/pl\/wp-json\/wp\/v2\/media?parent=5754"}],"curies":[{"name":"wp","href":"https:\/\/api.w.org\/{rel}","templated":true}]}}