{"id":5759,"date":"2018-03-28T18:13:11","date_gmt":"2018-03-28T18:13:11","guid":{"rendered":"https:\/\/www.rossignolbxl.be\/ubezpieczenie-na-wypadek-hospitalizacji-dla-przedsiebiorstw\/"},"modified":"2018-03-28T18:16:41","modified_gmt":"2018-03-28T18:16:41","slug":"ubezpieczenie-na-wypadek-hospitalizacji-dla-przedsiebiorstw","status":"publish","type":"page","link":"https:\/\/www.rossignolbxl.be\/pl\/ubezpieczenie-na-wypadek-hospitalizacji-dla-przedsiebiorstw\/","title":{"rendered":"UBEZPIECZENIE OD OGNIA I INNYCH ZDARZE\u0143 LOSOWYCH DLA PRZEDSI\u0118BIORSTW (W TYM M\u015aP)"},"content":{"rendered":"<p>[et_pb_section bb_built=&#8221;1&#8243; fullwidth=&#8221;on&#8221; specialty=&#8221;off&#8221; _builder_version=&#8221;3.0.62&#8243;][et_pb_fullwidth_header _builder_version=&#8221;3.0.62&#8243; title=&#8221;UBEZPIECZENIE OD OGNIA I INNYCH ZDARZE\u0143 LOSOWYCH DLA PRZEDSI\u0118BIORSTW (W TYM M\u015aP)&#8221; background_image=&#8221;https:\/\/www.rossignolbxl.be\/wp-content\/uploads\/2017\/07\/group-insurance.jpg&#8221; text_orientation=&#8221;left&#8221; header_fullscreen=&#8221;off&#8221; header_scroll_down=&#8221;off&#8221; image_orientation=&#8221;center&#8221; background_layout=&#8221;dark&#8221; content_orientation=&#8221;center&#8221; custom_button_one=&#8221;off&#8221; button_one_letter_spacing=&#8221;0&#8243; button_one_icon_placement=&#8221;right&#8221; button_one_letter_spacing_hover=&#8221;0&#8243; custom_button_two=&#8221;off&#8221; button_two_letter_spacing=&#8221;0&#8243; button_two_icon_placement=&#8221;right&#8221; button_two_letter_spacing_hover=&#8221;0&#8243; title_font_color=&#8221;#ffffff&#8221; custom_css_main_element=&#8221;height: 300px;&#8221; custom_css_title=&#8221;margin-top: 40px;&#8221; \/][\/et_pb_section][et_pb_section bb_built=&#8221;1&#8243;][et_pb_row][et_pb_column type=&#8221;4_4&#8243;][et_pb_text _builder_version=&#8221;3.0.62&#8243; background_layout=&#8221;light&#8221; text_orientation=&#8221;left&#8221; border_style=&#8221;solid&#8221; custom_padding=&#8221;15px|15px|15px|15px&#8221; custom_css_main_element=&#8221;box-shadow: 0 6px 20px rgba(0, 0, 0, 0.23), 0 6px 20px rgba(0, 0, 0, 0.16);||&#8221; saved_tabs=&#8221;all&#8221;]Szkody wskutek po\u017caru, czasem znaczne, dotycz\u0105 nie tylko pomieszcze\u0144, kt\u00f3re zajmujesz jako w\u0142a\u015bciciel lub dzier\u017cawca, ale tak\u017ce ich zawarto\u015bci (sprz\u0119t s\u0142u\u017cbowy, towary).<\/p>\n<p>Co obejmuje to ubezpieczenie?<\/p>\n<p>Chroni twoje nieruchomo\u015bci i lokale, zapasy surowc\u00f3w i gotowe produkty, twoje lub powierzone mienie, w rzeczywisto\u015bci chroni tw\u00f3j biznes przed najbardziej znanymi zagro\u017ceniami:<\/p>\n<p>&#8211; ogie\u0144; eksplozja (gaz), implozja (komputery &#8230;); dym z ogniem lub bez; i uszkodzenia elektryczne;<\/p>\n<p>&#8211; konsekwencje uderzenia pioruna i spi\u0119cia elektrycznego w budynkach ubezpieczych, a tak\u017ce na pod\u0142\u0105czonych do niego instalacjach elektrycznych;<\/p>\n<p>&#8211; szkody po zalaniu<\/p>\n<p>&#8211; burza i wichura, grad, \u015bnieg;<\/p>\n<p>&#8211; kradzie\u017c, wandalizm;<\/p>\n<p>&#8211; st\u0142uczenie oszklonych powierzchni i wybicie szyb;<\/p>\n<p>ale tak\u017ce przeciwko mniej oczywistym zagro\u017ceniom<\/p>\n<p>&#8211; Ubytek lub wyciek p\u0142ynu;<\/p>\n<p>&#8211; Inne zdarzenia (<strong>zawalenie si\u0119<\/strong> &#8230;).<\/p>\n<p>Ponadto ogie\u0144 mo\u017ce rozprzestrzenia\u0107 si\u0119, powoduj\u0105c znaczne szkody w s\u0105siednich budynkach. Ubezpieczenie od ognia obejmuje r\u00f3wnie\u017c te szkody, za kt\u00f3re mo\u017cesz by\u0107 odpowiedzialny i za kt\u00f3re by\u0142by\u015b poci\u0105gni\u0119ty do odpowiedzialno\u015bci.<\/p>\n<p>Pytania zadawane przez ubezpieczyciela:<\/p>\n<p>Opr\u00f3cz bardziej og\u00f3lnych pyta\u0144 dotycz\u0105cych twojej dzia\u0142alno\u015bci, powierzchni lokalu i rodzaju mienia, kt\u00f3re ma podlega\u0107 ubezpieczeniu, tw\u00f3j ubezpieczyciel zapyta o elementy, kt\u00f3re mog\u0105 stanowi\u0107 czynniki zwi\u0119kszaj\u0105ce ryzyko po\u017caru.<\/p>\n<p>&#8211; czy przechowujesz du\u017ce ilo\u015bci \u0142atwopalnych materia\u0142\u00f3w?<\/p>\n<p>&#8211; czy niekt\u00f3re elementy konstrukcji w twoim budynku zosta\u0142y wykonane z materia\u0142\u00f3w wra\u017cliwych?<\/p>\n<p>&#8211; czy w budynku jest wiele opakowa\u0144: drewno (karton \/ papier), plastik, polistyren &#8230;?<\/p>\n<p>&#8211; czy lokale twojej firmy znajduj\u0105 si\u0119 w pobli\u017cu firmy o wysokim ryzyku po\u017caru (stacja benzynowa, fabryka materia\u0142\u00f3w wybuchowych &#8230;)?<\/p>\n<p>Z drugiej strony obecno\u015b\u0107 urz\u0105dze\u0144 do prewencyjnej ochrony przeciwpo\u017carowej, takich jak czujniki ognia, dymu i ciep\u0142a, urz\u0105dzenia\u0144 zraszaj\u0105ce, kt\u00f3re zmniejszaj\u0105 prawdopodobie\u0144stwo wyst\u0105pienia lub skutk\u00f3w po\u017caru, zostanie pozytywnie uwzgl\u0119dnione przez ubezpieczyciela przy zawarciu umowy.<\/p>\n<p><u>Zapobieganie<\/u><\/p>\n<p>Je\u015bli w przeciwie\u0144stwie do innych zabezpiecze\u0144, ubezpieczyciel nie narzuca \u015brodk\u00f3w zapobiegaj\u0105cych wybuchowi po\u017caru, wa\u017cne wydaje si\u0119 przypomnienie pewnych zdroworozs\u0105dkowych \u015brodk\u00f3w, kt\u00f3re zmniejszaj\u0105 ryzyko prawdopodobie\u0144stwa wyst\u0105pienia po\u017caru lub zmniejszenia wielko\u015bci szkody:<\/p>\n<p>&#8211; regularnie kontroluj swoje instalacje gazowe i elektryczne;<\/p>\n<p>&#8211; unikaj przeci\u0105\u017cania obwod\u00f3w na tym samym gnie\u017adzie;<\/p>\n<p>&#8211; unikaj materia\u0142\u00f3w \u0142atwopalnych przy izolacji, dekoracji lub wyposa\u017ceniu;<\/p>\n<p>&#8211; zaopatrzyj si\u0119 w odpowiedni\u0105 ga\u015bnic\u0119, sprawd\u017a i konserwuj j\u0105 oraz upewnij si\u0119, \u017ce Ty i tw\u00f3j personel wiecie, jak jej u\u017cywa\u0107. Na koniec, aby unikn\u0105\u0107 problem\u00f3w po katastrofie, z\u0142\u00f3\u017c w sejfie dowody zakupu i warto\u015bci nieruchomo\u015bci lub przeka\u017c je do przechowania kopie osobom trzecim.<\/p>\n<p>&nbsp;<\/p>\n<p>UWAGA! Po po\u017carze \u015bredni okres odbudowy i wznowienia dzia\u0142alno\u015bci mo\u017ce trwa\u0107 ponad kilka miesi\u0119cy, co powoduje ca\u0142kowite lub cz\u0119\u015bciowe zmniejszenie obrot\u00f3w, czyli straty operacyjne. Oferujemy zatem dodatkow\u0105 gwarancj\u0119 zapewniaj\u0105c\u0105 odszkodowanie odpowiadaj\u0105ce dochodowi, kt\u00f3ry firma osi\u0105gn\u0119\u0142aby, gdyby po\u017car nie nast\u0105pi\u0142 .[\/et_pb_text][et_pb_button _builder_version=&#8221;3.0.62&#8243; button_text=&#8221;zapytaj o ofert\u0119&#8221; button_url=&#8221;\/contact&#8221; url_new_window=&#8221;off&#8221; button_alignment=&#8221;center&#8221; background_layout=&#8221;dark&#8221; custom_button=&#8221;on&#8221; button_text_color=&#8221;#ffffff&#8221; button_bg_color=&#8221;#c12e1b&#8221; button_border_width=&#8221;0&#8243; button_border_radius=&#8221;0&#8243; button_letter_spacing=&#8221;0&#8243; button_icon=&#8221;%%30%%&#8221; button_icon_placement=&#8221;right&#8221; button_on_hover=&#8221;off&#8221; button_letter_spacing_hover=&#8221;0&#8243; module_class=&#8221;offerte&#8221; button_font=&#8221;|||on|&#8221; saved_tabs=&#8221;all&#8221; global_module=&#8221;5367&#8243; \/][\/et_pb_column][\/et_pb_row][\/et_pb_section]<\/p>\n","protected":false},"excerpt":{"rendered":"<p><div class=\"et_pb_row et_pb_row_0 et_pb_row_empty\">\n\t\t\t\t\n\t\t\t\t\n\t\t\t\t\n\t\t\t\t\n\t\t\t\t\n\t\t\t<\/div>Szkody wskutek po\u017caru, czasem znaczne, dotycz\u0105 nie tylko pomieszcze\u0144, kt\u00f3re zajmujesz jako w\u0142a\u015bciciel lub dzier\u017cawca, ale tak\u017ce ich zawarto\u015bci (sprz\u0119t s\u0142u\u017cbowy, towary). Co obejmuje to ubezpieczenie? Chroni twoje nieruchomo\u015bci i lokale, zapasy surowc\u00f3w i gotowe produkty, twoje lub powierzone mienie, w rzeczywisto\u015bci chroni tw\u00f3j biznes przed najbardziej znanymi zagro\u017ceniami: &#8211; ogie\u0144; eksplozja (gaz), implozja (komputery [&hellip;]<\/p>\n","protected":false},"author":2,"featured_media":0,"parent":0,"menu_order":0,"comment_status":"closed","ping_status":"closed","template":"","meta":{"_et_pb_use_builder":"on","_et_pb_old_content":"","_et_gb_content_width":"","footnotes":""},"_links":{"self":[{"href":"https:\/\/www.rossignolbxl.be\/pl\/wp-json\/wp\/v2\/pages\/5759"}],"collection":[{"href":"https:\/\/www.rossignolbxl.be\/pl\/wp-json\/wp\/v2\/pages"}],"about":[{"href":"https:\/\/www.rossignolbxl.be\/pl\/wp-json\/wp\/v2\/types\/page"}],"author":[{"embeddable":true,"href":"https:\/\/www.rossignolbxl.be\/pl\/wp-json\/wp\/v2\/users\/2"}],"replies":[{"embeddable":true,"href":"https:\/\/www.rossignolbxl.be\/pl\/wp-json\/wp\/v2\/comments?post=5759"}],"version-history":[{"count":6,"href":"https:\/\/www.rossignolbxl.be\/pl\/wp-json\/wp\/v2\/pages\/5759\/revisions"}],"predecessor-version":[{"id":5765,"href":"https:\/\/www.rossignolbxl.be\/pl\/wp-json\/wp\/v2\/pages\/5759\/revisions\/5765"}],"wp:attachment":[{"href":"https:\/\/www.rossignolbxl.be\/pl\/wp-json\/wp\/v2\/media?parent=5759"}],"curies":[{"name":"wp","href":"https:\/\/api.w.org\/{rel}","templated":true}]}}