{"id":5774,"date":"2018-03-28T18:20:46","date_gmt":"2018-03-28T18:20:46","guid":{"rendered":"https:\/\/www.rossignolbxl.be\/ubezpieczenie-pogrzebowe\/"},"modified":"2018-03-28T18:20:46","modified_gmt":"2018-03-28T18:20:46","slug":"ubezpieczenie-pogrzebowe","status":"publish","type":"page","link":"https:\/\/www.rossignolbxl.be\/pl\/ubezpieczenie-pogrzebowe\/","title":{"rendered":"UBEZPIECZENIE POGRZEBOWE"},"content":{"rendered":"<p>[et_pb_section bb_built=&#8221;1&#8243; fullwidth=&#8221;on&#8221; specialty=&#8221;off&#8221; _builder_version=&#8221;3.0.62&#8243;][et_pb_fullwidth_header _builder_version=&#8221;3.0.62&#8243; title=&#8221;UBEZPIECZENIE POGRZEBOWE&#8221; background_image=&#8221;https:\/\/www.rossignolbxl.be\/wp-content\/uploads\/2017\/07\/group-insurance.jpg&#8221; text_orientation=&#8221;left&#8221; header_fullscreen=&#8221;off&#8221; header_scroll_down=&#8221;off&#8221; image_orientation=&#8221;center&#8221; background_layout=&#8221;dark&#8221; content_orientation=&#8221;center&#8221; custom_button_one=&#8221;off&#8221; button_one_letter_spacing=&#8221;0&#8243; button_one_icon_placement=&#8221;right&#8221; button_one_letter_spacing_hover=&#8221;0&#8243; custom_button_two=&#8221;off&#8221; button_two_letter_spacing=&#8221;0&#8243; button_two_icon_placement=&#8221;right&#8221; button_two_letter_spacing_hover=&#8221;0&#8243; title_font_color=&#8221;#ffffff&#8221; custom_css_main_element=&#8221;height: 300px;&#8221; custom_css_title=&#8221;margin-top: 40px;&#8221; subhead=&#8221; &#8221; \/][\/et_pb_section][et_pb_section bb_built=&#8221;1&#8243;][et_pb_row][et_pb_column type=&#8221;4_4&#8243;][et_pb_text _builder_version=&#8221;3.0.62&#8243; background_layout=&#8221;light&#8221; text_orientation=&#8221;left&#8221; border_style=&#8221;solid&#8221; custom_padding=&#8221;15px|15px|15px|15px&#8221; custom_css_main_element=&#8221;box-shadow: 0 6px 20px rgba(0, 0, 0, 0.23), 0 6px 20px rgba(0, 0, 0, 0.16);||&#8221; saved_tabs=&#8221;all&#8221;]\u017byjesz spokojnie, kiedy wszystko jest zaplanowane.<\/p>\n<p>Ubezpieczenie pogrzebowe to pewno\u015b\u0107, \u017ce kapita\u0142 zostanie wyp\u0142acony w momencie twego odej\u015bcia.<\/p>\n<p>Sam wskazujesz beneficjent\u00f3w tego kapita\u0142u.<\/p>\n<p>Korzy\u015bci<\/p>\n<ul>\n<li>Podej\u015bcie proste i bez niespodzianek<\/li>\n<li>Nie ma kwestionariusza dot. zdrowia lub badania lekarskiego.<\/li>\n<li>Sk\u0142adki s\u0105 p\u0142atne miesi\u0119cznie<\/li>\n<\/ul>\n<p>&nbsp;<\/p>\n<p>Zwi\u0119kszony kapita\u0142 w razie wypadku.<\/p>\n<p>Wypadek zawsze mo\u017ce si\u0119 zdarzy\u0107, a konsekwencje finansowe cz\u0119sto dotykaj\u0105 Twoich bliskich<\/p>\n<p>Wsparcie dla bliskich<\/p>\n<p>Twoi bliscy mog\u0105 liczy\u0107 na wsparcie telefoniczne, kt\u00f3re u\u0142atwi im podj\u0119cie odpowiednich krok\u00f3w (formalno\u015bci administracyjne, porady dotycz\u0105ce organizacji pogrzebu), a tak\u017ce zwrot nieprzewidzianych wydatk\u00f3w (przew\u00f3z cia\u0142a).[\/et_pb_text][et_pb_button _builder_version=&#8221;3.0.62&#8243; button_text=&#8221;zapytaj o ofert\u0119&#8221; button_url=&#8221;\/contact&#8221; url_new_window=&#8221;off&#8221; button_alignment=&#8221;center&#8221; background_layout=&#8221;dark&#8221; custom_button=&#8221;on&#8221; button_text_color=&#8221;#ffffff&#8221; button_bg_color=&#8221;#c12e1b&#8221; button_border_width=&#8221;0&#8243; button_border_radius=&#8221;0&#8243; button_letter_spacing=&#8221;0&#8243; button_icon=&#8221;%%30%%&#8221; button_icon_placement=&#8221;right&#8221; button_on_hover=&#8221;off&#8221; button_letter_spacing_hover=&#8221;0&#8243; module_class=&#8221;offerte&#8221; button_font=&#8221;|||on|&#8221; saved_tabs=&#8221;all&#8221; global_module=&#8221;5367&#8243; \/][\/et_pb_column][\/et_pb_row][\/et_pb_section]<\/p>\n","protected":false},"excerpt":{"rendered":"<p><div class=\"et_pb_row et_pb_row_0 et_pb_row_empty\">\n\t\t\t\t\n\t\t\t\t\n\t\t\t\t\n\t\t\t\t\n\t\t\t\t\n\t\t\t<\/div>\u017byjesz spokojnie, kiedy wszystko jest zaplanowane. Ubezpieczenie pogrzebowe to pewno\u015b\u0107, \u017ce kapita\u0142 zostanie wyp\u0142acony w momencie twego odej\u015bcia. Sam wskazujesz beneficjent\u00f3w tego kapita\u0142u. Korzy\u015bci Podej\u015bcie proste i bez niespodzianek Nie ma kwestionariusza dot. zdrowia lub badania lekarskiego. Sk\u0142adki s\u0105 p\u0142atne miesi\u0119cznie &nbsp; Zwi\u0119kszony kapita\u0142 w razie wypadku. Wypadek zawsze mo\u017ce si\u0119 zdarzy\u0107, a konsekwencje finansowe [&hellip;]<\/p>\n","protected":false},"author":2,"featured_media":0,"parent":0,"menu_order":0,"comment_status":"closed","ping_status":"closed","template":"","meta":{"_et_pb_use_builder":"on","_et_pb_old_content":"","_et_gb_content_width":"","footnotes":""},"_links":{"self":[{"href":"https:\/\/www.rossignolbxl.be\/pl\/wp-json\/wp\/v2\/pages\/5774"}],"collection":[{"href":"https:\/\/www.rossignolbxl.be\/pl\/wp-json\/wp\/v2\/pages"}],"about":[{"href":"https:\/\/www.rossignolbxl.be\/pl\/wp-json\/wp\/v2\/types\/page"}],"author":[{"embeddable":true,"href":"https:\/\/www.rossignolbxl.be\/pl\/wp-json\/wp\/v2\/users\/2"}],"replies":[{"embeddable":true,"href":"https:\/\/www.rossignolbxl.be\/pl\/wp-json\/wp\/v2\/comments?post=5774"}],"version-history":[{"count":4,"href":"https:\/\/www.rossignolbxl.be\/pl\/wp-json\/wp\/v2\/pages\/5774\/revisions"}],"predecessor-version":[{"id":5778,"href":"https:\/\/www.rossignolbxl.be\/pl\/wp-json\/wp\/v2\/pages\/5774\/revisions\/5778"}],"wp:attachment":[{"href":"https:\/\/www.rossignolbxl.be\/pl\/wp-json\/wp\/v2\/media?parent=5774"}],"curies":[{"name":"wp","href":"https:\/\/api.w.org\/{rel}","templated":true}]}}