{"id":5779,"date":"2018-03-28T18:22:05","date_gmt":"2018-03-28T18:22:05","guid":{"rendered":"https:\/\/www.rossignolbxl.be\/ubezpieczenie-od-odpowiedzialnosci-cywilnej-w-zyciu-prywatnym\/"},"modified":"2018-03-28T18:22:06","modified_gmt":"2018-03-28T18:22:06","slug":"ubezpieczenie-od-odpowiedzialnosci-cywilnej-w-zyciu-prywatnym","status":"publish","type":"page","link":"https:\/\/www.rossignolbxl.be\/pl\/ubezpieczenie-od-odpowiedzialnosci-cywilnej-w-zyciu-prywatnym\/","title":{"rendered":"UBEZPIECZENIE OD ODPOWIEDZIALNO\u015aCI CYWILNEJ W \u017bYCIU PRYWATNYM"},"content":{"rendered":"<p>[et_pb_section bb_built=&#8221;1&#8243; fullwidth=&#8221;on&#8221; specialty=&#8221;off&#8221; _builder_version=&#8221;3.0.62&#8243;][et_pb_fullwidth_header _builder_version=&#8221;3.0.62&#8243; title=&#8221;UBEZPIECZENIE OD ODPOWIEDZIALNO\u015aCI CYWILNEJ W \u017bYCIU PRYWATNYM&#8221; background_image=&#8221;https:\/\/www.rossignolbxl.be\/wp-content\/uploads\/2017\/07\/group-insurance.jpg&#8221; text_orientation=&#8221;left&#8221; header_fullscreen=&#8221;off&#8221; header_scroll_down=&#8221;off&#8221; image_orientation=&#8221;center&#8221; background_layout=&#8221;dark&#8221; content_orientation=&#8221;center&#8221; custom_button_one=&#8221;off&#8221; button_one_letter_spacing=&#8221;0&#8243; button_one_icon_placement=&#8221;right&#8221; button_one_letter_spacing_hover=&#8221;0&#8243; custom_button_two=&#8221;off&#8221; button_two_letter_spacing=&#8221;0&#8243; button_two_icon_placement=&#8221;right&#8221; button_two_letter_spacing_hover=&#8221;0&#8243; title_font_color=&#8221;#ffffff&#8221; custom_css_main_element=&#8221;height: 300px;&#8221; custom_css_title=&#8221;margin-top: 40px;&#8221; subhead=&#8221; (OBEJMUJ\u0104CE CZ\u0141ONK\u00d3W RODZINY)&#8221; \/][\/et_pb_section][et_pb_section bb_built=&#8221;1&#8243;][et_pb_row][et_pb_column type=&#8221;4_4&#8243;][et_pb_text _builder_version=&#8221;3.0.62&#8243; background_layout=&#8221;light&#8221; text_orientation=&#8221;left&#8221; border_style=&#8221;solid&#8221; custom_padding=&#8221;15px|15px|15px|15px&#8221; custom_css_main_element=&#8221;box-shadow: 0 6px 20px rgba(0, 0, 0, 0.23), 0 6px 20px rgba(0, 0, 0, 0.16);||&#8221; saved_tabs=&#8221;all&#8221;]Wypadki (z definicji) \u00a0zdarzaj\u0105 si\u0119 niespodziewanie.<\/p>\n<p>Ubezpieczenie od odpowiedzialno\u015bci cywilnej wyp\u0142aca odszkodowanie osobom trzecim, kt\u00f3re mog\u0105 ponie\u015b\u0107 szkod\u0119. Ubezpieczenie dodatkowe obejmuje r\u00f3wnie\u017c osoby nara\u017cone na dodatkowe ryzyko z powodu swojego hobby lub szczeg\u00f3lnej dzia\u0142alno\u015bci dodatkowej.<\/p>\n<p>Ta s\u0142ynna odpowiedzialno\u015b\u0107 cywilna mo\u017ce czasem prowadzi\u0107 do odszkodowania w wysoko\u015bci setek tysi\u0119cy euro.<\/p>\n<p>I to tutaj zaczyna dzia\u0142a\u0107 twoje ubezpieczenie: chroni ci\u0119, bior\u0105c na siebie koszty prawne i rekompensuje poszkodowanemu poniesione straty w Twoim imieniu; szkody, kt\u00f3rych skutk\u00f3w finansowych nawet si\u0119 nie spodziewasz.<\/p>\n<p>Ubezpieczenie od odpowiedzialno\u015bci cywilnej dzia\u0142a w przypadkach:<\/p>\n<ul>\n<li>obra\u017cenia cia\u0142a<\/li>\n<li>uszkodzenie mienia<\/li>\n<\/ul>\n<p>Skutecznie broni Twoich interes\u00f3w finansowych i praw. Szybko podejmuje wszelkie kroki, by wesprze\u0107 Ci\u0119 w sytuacji, w jakiej si\u0119 znalaz\u0142e\u015b.<\/p>\n<p>Cokolwiek si\u0119 stanie! I na ca\u0142ym \u015bwiecie!<\/p>\n<p>Masz do wyboru trzy formu\u0142y:<\/p>\n<p>A poniewa\u017c ka\u017cda sytuacja jest inna, mo\u017cesz wybra\u0107 formu\u0142\u0119 \u201eszyt\u0105 na miar\u0119\u201d:<\/p>\n<ul>\n<li>Formu\u0142a rodzinna<\/li>\n<li>Formu\u0142a dla Seniora<\/li>\n<li>Formu\u0142a jednoosobowa<\/li>\n<\/ul>\n<p>[\/et_pb_text][et_pb_button _builder_version=&#8221;3.0.62&#8243; button_text=&#8221;zapytaj o ofert\u0119&#8221; button_url=&#8221;\/contact&#8221; url_new_window=&#8221;off&#8221; button_alignment=&#8221;center&#8221; background_layout=&#8221;dark&#8221; custom_button=&#8221;on&#8221; button_text_color=&#8221;#ffffff&#8221; button_bg_color=&#8221;#c12e1b&#8221; button_border_width=&#8221;0&#8243; button_border_radius=&#8221;0&#8243; button_letter_spacing=&#8221;0&#8243; button_icon=&#8221;%%30%%&#8221; button_icon_placement=&#8221;right&#8221; button_on_hover=&#8221;off&#8221; button_letter_spacing_hover=&#8221;0&#8243; module_class=&#8221;offerte&#8221; button_font=&#8221;|||on|&#8221; saved_tabs=&#8221;all&#8221; global_module=&#8221;5367&#8243; \/][\/et_pb_column][\/et_pb_row][\/et_pb_section]<\/p>\n","protected":false},"excerpt":{"rendered":"<p><div class=\"et_pb_row et_pb_row_0 et_pb_row_empty\">\n\t\t\t\t\n\t\t\t\t\n\t\t\t\t\n\t\t\t\t\n\t\t\t\t\n\t\t\t<\/div>Wypadki (z definicji) \u00a0zdarzaj\u0105 si\u0119 niespodziewanie. Ubezpieczenie od odpowiedzialno\u015bci cywilnej wyp\u0142aca odszkodowanie osobom trzecim, kt\u00f3re mog\u0105 ponie\u015b\u0107 szkod\u0119. Ubezpieczenie dodatkowe obejmuje r\u00f3wnie\u017c osoby nara\u017cone na dodatkowe ryzyko z powodu swojego hobby lub szczeg\u00f3lnej dzia\u0142alno\u015bci dodatkowej. Ta s\u0142ynna odpowiedzialno\u015b\u0107 cywilna mo\u017ce czasem prowadzi\u0107 do odszkodowania w wysoko\u015bci setek tysi\u0119cy euro. I to tutaj zaczyna dzia\u0142a\u0107 twoje [&hellip;]<\/p>\n","protected":false},"author":2,"featured_media":0,"parent":0,"menu_order":0,"comment_status":"closed","ping_status":"closed","template":"","meta":{"_et_pb_use_builder":"on","_et_pb_old_content":"","_et_gb_content_width":"","footnotes":""},"_links":{"self":[{"href":"https:\/\/www.rossignolbxl.be\/pl\/wp-json\/wp\/v2\/pages\/5779"}],"collection":[{"href":"https:\/\/www.rossignolbxl.be\/pl\/wp-json\/wp\/v2\/pages"}],"about":[{"href":"https:\/\/www.rossignolbxl.be\/pl\/wp-json\/wp\/v2\/types\/page"}],"author":[{"embeddable":true,"href":"https:\/\/www.rossignolbxl.be\/pl\/wp-json\/wp\/v2\/users\/2"}],"replies":[{"embeddable":true,"href":"https:\/\/www.rossignolbxl.be\/pl\/wp-json\/wp\/v2\/comments?post=5779"}],"version-history":[{"count":4,"href":"https:\/\/www.rossignolbxl.be\/pl\/wp-json\/wp\/v2\/pages\/5779\/revisions"}],"predecessor-version":[{"id":5783,"href":"https:\/\/www.rossignolbxl.be\/pl\/wp-json\/wp\/v2\/pages\/5779\/revisions\/5783"}],"wp:attachment":[{"href":"https:\/\/www.rossignolbxl.be\/pl\/wp-json\/wp\/v2\/media?parent=5779"}],"curies":[{"name":"wp","href":"https:\/\/api.w.org\/{rel}","templated":true}]}}