{"id":5785,"date":"2018-03-28T18:24:04","date_gmt":"2018-03-28T18:24:04","guid":{"rendered":"https:\/\/www.rossignolbxl.be\/ubezpieczenie-od-odpowiedzialnosci-cywilnej-zwiazanej-z-dzialalnoscia-gospodarcza\/"},"modified":"2018-03-28T18:24:05","modified_gmt":"2018-03-28T18:24:05","slug":"ubezpieczenie-od-odpowiedzialnosci-cywilnej-zwiazanej-z-dzialalnoscia-gospodarcza","status":"publish","type":"page","link":"https:\/\/www.rossignolbxl.be\/pl\/ubezpieczenie-od-odpowiedzialnosci-cywilnej-zwiazanej-z-dzialalnoscia-gospodarcza\/","title":{"rendered":"UBEZPIECZENIE OD ODPOWIEDZIALNO\u015aCI CYWILNEJ ZWI\u0104ZANEJ Z DZIA\u0141ALNO\u015aCI\u0104 GOSPODARCZ\u0104"},"content":{"rendered":"<p>[et_pb_section bb_built=&#8221;1&#8243; fullwidth=&#8221;on&#8221; specialty=&#8221;off&#8221; _builder_version=&#8221;3.0.62&#8243;][et_pb_fullwidth_header _builder_version=&#8221;3.0.62&#8243; title=&#8221;UBEZPIECZENIE OD ODPOWIEDZIALNO\u015aCI CYWILNEJ ZWI\u0104ZANEJ Z DZIA\u0141ALNO\u015aCI\u0104 GOSPODARCZ\u0104&#8221; background_image=&#8221;https:\/\/www.rossignolbxl.be\/wp-content\/uploads\/2017\/07\/group-insurance.jpg&#8221; text_orientation=&#8221;left&#8221; header_fullscreen=&#8221;off&#8221; header_scroll_down=&#8221;off&#8221; image_orientation=&#8221;center&#8221; background_layout=&#8221;dark&#8221; content_orientation=&#8221;center&#8221; custom_button_one=&#8221;off&#8221; button_one_letter_spacing=&#8221;0&#8243; button_one_icon_placement=&#8221;right&#8221; button_one_letter_spacing_hover=&#8221;0&#8243; custom_button_two=&#8221;off&#8221; button_two_letter_spacing=&#8221;0&#8243; button_two_icon_placement=&#8221;right&#8221; button_two_letter_spacing_hover=&#8221;0&#8243; title_font_color=&#8221;#ffffff&#8221; custom_css_main_element=&#8221;height: 300px;&#8221; custom_css_title=&#8221;margin-top: 40px;&#8221; \/][\/et_pb_section][et_pb_section bb_built=&#8221;1&#8243;][et_pb_row][et_pb_column type=&#8221;4_4&#8243;][et_pb_text _builder_version=&#8221;3.0.62&#8243; background_layout=&#8221;light&#8221; text_orientation=&#8221;left&#8221; border_style=&#8221;solid&#8221; custom_padding=&#8221;15px|15px|15px|15px&#8221; custom_css_main_element=&#8221;box-shadow: 0 6px 20px rgba(0, 0, 0, 0.23), 0 6px 20px rgba(0, 0, 0, 0.16);||&#8221; saved_tabs=&#8221;all&#8221;]Jako w\u0142a\u015bciciel firmy jeste\u015b odpowiedzialny za szkody wyrz\u0105dzone przez Ciebie jak i Tw\u00f3j personel, z powodu u\u017cytego sprz\u0119tu, a tak\u017ce przedmiot\u00f3w, kt\u00f3re produkujesz, sprzedajesz, naprawiasz,.. Klient, kt\u00f3ry po\u015blizgn\u0105\u0142 si\u0119 w twoim sklepie i zwichn\u0105\u0142 nog\u0119, zatru\u0142 si\u0119 sprzedawanym \u00a0w twoim sklepie produktem spo\u017cywczym, to niekt\u00f3re przyk\u0142ady przypadk\u00f3w, za kt\u00f3re mo\u017ce sz zosta\u0107 poci\u0105gni\u0119ty do odpowiedzialno\u015bci.<\/p>\n<p>Podczas gdy wi\u0119kszo\u015b\u0107 tych wypadk\u00f3w nie ma dramatycznych konsekwencji, niekt\u00f3re z nich, ze wzgl\u0119du na powa\u017cne skutki, kt\u00f3re mog\u0105 spowodowa\u0107, zagra\u017caj\u0105 stabilno\u015bci ekonomicznej firmy, bior\u0105c pod uwag\u0119 wysoko\u015b\u0107 odszkodowania, kt\u00f3re mia\u0142by\u015b zap\u0142aci\u0107 poszkodowanym ( przyk\u0142ad: \u017ale zainstalowany kocio\u0142, kt\u00f3ry spowodowa\u0142 zatrucie tlenkiem w\u0119gla i \u015bmier\u0107 klienta i jego dzieci).<\/p>\n<p>Zatem ubezpieczenie od odpowiedzialno\u015bci cywilnej tak samo jak ubezpieczenie mieszkaniowe od ognia i innych zdarze\u0144 losowych, s\u0105 nieodzown\u0105 gwarancj\u0105 spokojnego \u017cycia.<\/p>\n<p>Polisa, kt\u00f3rej przedmiotem jest ubezpieczenie wielorakiego ryzyka oferuje przewa\u017cnie dwie gwarancje odpowiedzialno\u015bci cywilnej.<\/p>\n<ol>\n<li>Gwarancja odpowiedzialno\u015bci cywilnej w zakresie dzia\u0142alno\u015bci zawodowej,<\/li>\n<\/ol>\n<p><strong>kt\u00f3ra obejmuje ubezpieczenie od odpowiedzialno\u015bci cywilnej<\/strong> <strong>zwi\u0105zanej z dzia\u0142alno\u015bci\u0105 gospodarcz\u0105, to ubezpieczenie od szk\u00f3d wyrz\u0105dzonych osobom trzecim wskutek wypadku, w tym szk\u00f3d poniesionych przez klient\u00f3w w ramach prowadzonej przez Ciebie dzia\u0142alno\u015bci. Dok\u0142adniej, ubezpieczyciel zwraca koszta konsekwencji uszkodze\u0144 cia\u0142a, szk\u00f3d materialnych i niematerialnych, kt\u00f3re Ty lub inna osoba wykonuj\u0105ca prac\u0119 czy bior\u0105ca udzia\u0142 w dzia\u0142alno\u015bci firmy (praktykanci, pracownicy, wolontariusze &#8230;) mog\u0105 wyrz\u0105dzi\u0107 innym (klientom lub nie).<\/strong><\/p>\n<p><strong>\u00a0<\/strong><\/p>\n<ol start=\"2\">\n<li><strong>Odpowiedzialno\u015b\u0107 cywilna po dostawie lub instalacji<\/strong><\/li>\n<\/ol>\n<p>Twoja dzia\u0142alno\u015b\u0107 obejmuje instalacj\u0119, napraw\u0119 i konserwacj\u0119 mienia i nieruchomo\u015bci nale\u017c\u0105cych do Twoich klient\u00f3w. W zale\u017cno\u015bci od potrzeb ubezpieczyciel zaoferuje ci konkretne gwarancje odpowiedzialno\u015bci cywilnej.[\/et_pb_text][et_pb_button _builder_version=&#8221;3.0.62&#8243; button_text=&#8221;zapytaj o ofert\u0119&#8221; button_url=&#8221;\/contact&#8221; url_new_window=&#8221;off&#8221; button_alignment=&#8221;center&#8221; background_layout=&#8221;dark&#8221; custom_button=&#8221;on&#8221; button_text_color=&#8221;#ffffff&#8221; button_bg_color=&#8221;#c12e1b&#8221; button_border_width=&#8221;0&#8243; button_border_radius=&#8221;0&#8243; button_letter_spacing=&#8221;0&#8243; button_icon=&#8221;%%30%%&#8221; button_icon_placement=&#8221;right&#8221; button_on_hover=&#8221;off&#8221; button_letter_spacing_hover=&#8221;0&#8243; module_class=&#8221;offerte&#8221; button_font=&#8221;|||on|&#8221; saved_tabs=&#8221;all&#8221; global_module=&#8221;5367&#8243; \/][\/et_pb_column][\/et_pb_row][\/et_pb_section]<\/p>\n","protected":false},"excerpt":{"rendered":"<p><div class=\"et_pb_row et_pb_row_0 et_pb_row_empty\">\n\t\t\t\t\n\t\t\t\t\n\t\t\t\t\n\t\t\t\t\n\t\t\t\t\n\t\t\t<\/div>Jako w\u0142a\u015bciciel firmy jeste\u015b odpowiedzialny za szkody wyrz\u0105dzone przez Ciebie jak i Tw\u00f3j personel, z powodu u\u017cytego sprz\u0119tu, a tak\u017ce przedmiot\u00f3w, kt\u00f3re produkujesz, sprzedajesz, naprawiasz,.. Klient, kt\u00f3ry po\u015blizgn\u0105\u0142 si\u0119 w twoim sklepie i zwichn\u0105\u0142 nog\u0119, zatru\u0142 si\u0119 sprzedawanym \u00a0w twoim sklepie produktem spo\u017cywczym, to niekt\u00f3re przyk\u0142ady przypadk\u00f3w, za kt\u00f3re mo\u017ce sz zosta\u0107 poci\u0105gni\u0119ty do odpowiedzialno\u015bci. [&hellip;]<\/p>\n","protected":false},"author":2,"featured_media":0,"parent":0,"menu_order":0,"comment_status":"closed","ping_status":"closed","template":"","meta":{"_et_pb_use_builder":"on","_et_pb_old_content":"","_et_gb_content_width":"","footnotes":""},"_links":{"self":[{"href":"https:\/\/www.rossignolbxl.be\/pl\/wp-json\/wp\/v2\/pages\/5785"}],"collection":[{"href":"https:\/\/www.rossignolbxl.be\/pl\/wp-json\/wp\/v2\/pages"}],"about":[{"href":"https:\/\/www.rossignolbxl.be\/pl\/wp-json\/wp\/v2\/types\/page"}],"author":[{"embeddable":true,"href":"https:\/\/www.rossignolbxl.be\/pl\/wp-json\/wp\/v2\/users\/2"}],"replies":[{"embeddable":true,"href":"https:\/\/www.rossignolbxl.be\/pl\/wp-json\/wp\/v2\/comments?post=5785"}],"version-history":[{"count":3,"href":"https:\/\/www.rossignolbxl.be\/pl\/wp-json\/wp\/v2\/pages\/5785\/revisions"}],"predecessor-version":[{"id":5788,"href":"https:\/\/www.rossignolbxl.be\/pl\/wp-json\/wp\/v2\/pages\/5785\/revisions\/5788"}],"wp:attachment":[{"href":"https:\/\/www.rossignolbxl.be\/pl\/wp-json\/wp\/v2\/media?parent=5785"}],"curies":[{"name":"wp","href":"https:\/\/api.w.org\/{rel}","templated":true}]}}