{"id":5793,"date":"2018-03-28T18:26:46","date_gmt":"2018-03-28T18:26:46","guid":{"rendered":"https:\/\/www.rossignolbxl.be\/ubezpieczenie-na-zycie\/"},"modified":"2018-03-28T18:26:47","modified_gmt":"2018-03-28T18:26:47","slug":"ubezpieczenie-na-zycie","status":"publish","type":"page","link":"https:\/\/www.rossignolbxl.be\/pl\/ubezpieczenie-na-zycie\/","title":{"rendered":"UBEZPIECZENIE NA \u017bYCIE"},"content":{"rendered":"<p>[et_pb_section bb_built=&#8221;1&#8243; fullwidth=&#8221;on&#8221; specialty=&#8221;off&#8221; _builder_version=&#8221;3.0.62&#8243;][et_pb_fullwidth_header _builder_version=&#8221;3.0.62&#8243; title=&#8221;UBEZPIECZENIE NA \u017bYCIE&#8221; background_image=&#8221;https:\/\/www.rossignolbxl.be\/wp-content\/uploads\/2017\/07\/group-insurance.jpg&#8221; text_orientation=&#8221;left&#8221; header_fullscreen=&#8221;off&#8221; header_scroll_down=&#8221;off&#8221; image_orientation=&#8221;center&#8221; background_layout=&#8221;dark&#8221; content_orientation=&#8221;center&#8221; custom_button_one=&#8221;off&#8221; button_one_letter_spacing=&#8221;0&#8243; button_one_icon_placement=&#8221;right&#8221; button_one_letter_spacing_hover=&#8221;0&#8243; custom_button_two=&#8221;off&#8221; button_two_letter_spacing=&#8221;0&#8243; button_two_icon_placement=&#8221;right&#8221; button_two_letter_spacing_hover=&#8221;0&#8243; title_font_color=&#8221;#ffffff&#8221; custom_css_main_element=&#8221;height: 300px;&#8221; custom_css_title=&#8221;margin-top: 40px;&#8221; \/][\/et_pb_section][et_pb_section bb_built=&#8221;1&#8243;][et_pb_row][et_pb_column type=&#8221;4_4&#8243;][et_pb_text _builder_version=&#8221;3.0.62&#8243; background_layout=&#8221;light&#8221; text_orientation=&#8221;left&#8221; border_style=&#8221;solid&#8221; custom_padding=&#8221;15px|15px|15px|15px&#8221; custom_css_main_element=&#8221;box-shadow: 0 6px 20px rgba(0, 0, 0, 0.23), 0 6px 20px rgba(0, 0, 0, 0.16);||&#8221; saved_tabs=&#8221;all&#8221;]Zgromadzenie docelow ego i bezpiecznego kapita\u0142u<\/p>\n<p>Ubezpieczenie na \u017cycie s\u0142u\u017cy zar\u00f3wno zgromadzeniu oszcz\u0119dno\u015bci przeznaczonych na emerytur\u0119 i oszcz\u0119dno\u015bci na du\u017ce inwestycje, jak i sfinansowaniu studi\u00f3w dzieci, bezpiecznie i spokojnie.<\/p>\n<p>P\u0142ac\u0105c regularne sk\u0142adki, budujesz kapita\u0142 oszcz\u0119dno\u015bciowy z gwarantowan\u0105 stop\u0105 procentow\u0105, kt\u00f3ry otrzymasz w wybranym momencie. W przypadku niezdolno\u015bci do generowania dochodu, korzystasz z mo\u017cliwo\u015bci zwrotu wp\u0142aconych sk\u0142adek. W przypadku \u015bmierci, zwi\u0119kszone pokrycie ryzyka zapewnia oszcz\u0119dno\u015bci w jakiejkolwiek chwili.<\/p>\n<p>Mo\u017cesz wykupi\u0107 ubezpieczenie w zakresie systemu ubezpieczenia emerytalnego na \u017cycie (Emerytalny plan oszcz\u0119dno\u015bciowy \/ d\u0142ugoterminowy programam oszcz\u0119dzania) lub w systemie<\/p>\n<p>Wyp\u0142aty<\/p>\n<p>W przypadku do\u017cycia okre\u015blonego wieku (na ko\u0144cu umowy): \u00a0otrzymujesz sum\u0119 kapita\u0142u oszcz\u0119dno\u015bciowego i premi\u0119. W przypadku \u015bmierci beneficjent otrzymuje naliczone odsetki skumulowane w czasie \u015bwiadczenia, uzgodnione w chwili podpisania umowy, a zgromadzona premia jest natychmiast wyp\u0142acana beneficjentom.<\/p>\n<p>W przypadku \u017cycia<\/p>\n<p><strong>Korzy\u015bci z ubezpieczenia na \u017cycie: skuteczne narz\u0119dzie planowania maj\u0105tkowego i spadkowego. Mechanizm zastrze\u017cenia maj\u0105tku dla innych pozwala subskrybentowi zap\u0142aci\u0107 premi\u0119 firmie ubezpieczeniowej, kt\u00f3ra zobowi\u0105zuje si\u0119 przekaza\u0107 po \u015bmierci ubezpieczonego, zwaloryzowany (powi\u0119kszony) kapita\u0142 na rzecz wskazanego przez subskrybenta beneficjenta.<\/strong><\/p>\n<p><strong>Inwestycja &#8222;\u00e0 la carte&#8221;: kapita\u0142 pozostaje stale dost\u0119pny i zarz\u0105dzany jest zgodnie z celami subskrybenta. W ten spos\u00f3b subskrybent kontroluje cz\u0119stotliwo\u015b\u0107 i kwot\u0119 swoich p\u0142atno\u015bci.<\/strong><\/p>\n<p><strong>\u00a0<\/strong><\/p>\n<p><strong>W dowolnym momencie:<\/strong><\/p>\n<p><strong>Kapita\u0142 jest dost\u0119pny, poprzez cz\u0119\u015bciowe lub ca\u0142kowite odst\u0105pienie od umowy;<\/strong><\/p>\n<p><strong>Mo\u017cliwe jest przeniesienie mi\u0119dzy funduszami, po\u015br\u00f3d wielu r\u00f3\u017cnych form wsparcia finansowego;<\/strong><\/p>\n<p><strong>Umowa mo\u017ce zosta\u0107 zastawiona w celu uzyskania kredytu.<\/strong><\/p>\n<p><strong>Swoboda i elastyczno\u015b\u0107 klauzuli beneficjenta.<\/strong><\/p>\n<p><strong>Umowa ubezpieczenia na \u017cycie pozwala na du\u017c\u0105 swobod\u0119 w wyznaczaniu beneficjenta umowy, w zwi\u0105zku z czym klauzula beneficjenta umowy ubezpieczenia na \u017cycie, kt\u00f3r\u0105 mo\u017cna w dowolnym momencie zmieni\u0107, umo\u017cliwia m.in.<\/strong><\/p>\n<ul>\n<li><strong><br \/>\n<\/strong> wyznaczenie bezpo\u015bredniego spadkobiercy lub osoby trzeciej (z poszanowaniem zasad dost\u0119pnych kwot);<\/li>\n<li>podzia\u0142 pomi\u0119dzy r\u00f3\u017cnymi spadkobiercami, gdy istnieje mienie ruchome i sk\u0142adniki maj\u0105tku przedsi\u0119biorstwa do sprawiedliwego podzia\u0142u ;<\/li>\n<li>wyznaczenie wielu beneficjent\u00f3w (np. &#8222;Moje dzieci w r\u00f3wnych cz\u0119\u015bciach&#8221;);<\/li>\n<li>wyznaczenie kolejnych beneficjent\u00f3w (np. &#8222;Moje dzieci, a je\u015bli nie one to wnuki&#8221;);<\/li>\n<li>odroczenie wyp\u0142aty kapita\u0142u (dla dziecka gdy osi\u0105gnie 21 lat);<\/li>\n<li>podzielenie kapita\u0142u w chwili zapadalno\u015bci wyp\u0142aty(\u017cona &#8211; wieczyste u\u017cytkowanie, syn \u2013 posiadanie nieruchomo\u015bci bez mo\u017cliwo\u015bci u\u017cytkowania -nuda propietas).<\/li>\n<\/ul>\n<p>[\/et_pb_text][et_pb_button _builder_version=&#8221;3.0.62&#8243; button_text=&#8221;zapytaj o ofert\u0119&#8221; button_url=&#8221;zapytaj o ofert\u0119&#8221; url_new_window=&#8221;off&#8221; button_alignment=&#8221;center&#8221; background_layout=&#8221;dark&#8221; custom_button=&#8221;on&#8221; button_text_color=&#8221;#ffffff&#8221; button_bg_color=&#8221;#c12e1b&#8221; button_border_width=&#8221;0&#8243; button_border_radius=&#8221;0&#8243; button_letter_spacing=&#8221;0&#8243; button_icon=&#8221;%%30%%&#8221; button_icon_placement=&#8221;right&#8221; button_on_hover=&#8221;off&#8221; button_letter_spacing_hover=&#8221;0&#8243; module_class=&#8221;offerte&#8221; button_font=&#8221;|||on|&#8221; saved_tabs=&#8221;all&#8221; global_module=&#8221;5367&#8243; \/][\/et_pb_column][\/et_pb_row][\/et_pb_section]<\/p>\n","protected":false},"excerpt":{"rendered":"<p><div class=\"et_pb_row et_pb_row_0 et_pb_row_empty\">\n\t\t\t\t\n\t\t\t\t\n\t\t\t\t\n\t\t\t\t\n\t\t\t\t\n\t\t\t<\/div>Zgromadzenie docelow ego i bezpiecznego kapita\u0142u Ubezpieczenie na \u017cycie s\u0142u\u017cy zar\u00f3wno zgromadzeniu oszcz\u0119dno\u015bci przeznaczonych na emerytur\u0119 i oszcz\u0119dno\u015bci na du\u017ce inwestycje, jak i sfinansowaniu studi\u00f3w dzieci, bezpiecznie i spokojnie. P\u0142ac\u0105c regularne sk\u0142adki, budujesz kapita\u0142 oszcz\u0119dno\u015bciowy z gwarantowan\u0105 stop\u0105 procentow\u0105, kt\u00f3ry otrzymasz w wybranym momencie. W przypadku niezdolno\u015bci do generowania dochodu, korzystasz z mo\u017cliwo\u015bci zwrotu wp\u0142aconych [&hellip;]<\/p>\n","protected":false},"author":2,"featured_media":0,"parent":0,"menu_order":0,"comment_status":"closed","ping_status":"closed","template":"","meta":{"_et_pb_use_builder":"on","_et_pb_old_content":"","_et_gb_content_width":"","footnotes":""},"_links":{"self":[{"href":"https:\/\/www.rossignolbxl.be\/pl\/wp-json\/wp\/v2\/pages\/5793"}],"collection":[{"href":"https:\/\/www.rossignolbxl.be\/pl\/wp-json\/wp\/v2\/pages"}],"about":[{"href":"https:\/\/www.rossignolbxl.be\/pl\/wp-json\/wp\/v2\/types\/page"}],"author":[{"embeddable":true,"href":"https:\/\/www.rossignolbxl.be\/pl\/wp-json\/wp\/v2\/users\/2"}],"replies":[{"embeddable":true,"href":"https:\/\/www.rossignolbxl.be\/pl\/wp-json\/wp\/v2\/comments?post=5793"}],"version-history":[{"count":4,"href":"https:\/\/www.rossignolbxl.be\/pl\/wp-json\/wp\/v2\/pages\/5793\/revisions"}],"predecessor-version":[{"id":5797,"href":"https:\/\/www.rossignolbxl.be\/pl\/wp-json\/wp\/v2\/pages\/5793\/revisions\/5797"}],"wp:attachment":[{"href":"https:\/\/www.rossignolbxl.be\/pl\/wp-json\/wp\/v2\/media?parent=5793"}],"curies":[{"name":"wp","href":"https:\/\/api.w.org\/{rel}","templated":true}]}}