{"id":5798,"date":"2018-03-28T18:28:46","date_gmt":"2018-03-28T18:28:46","guid":{"rendered":"https:\/\/www.rossignolbxl.be\/ubezpieczenie-samochodowe\/"},"modified":"2018-03-28T18:28:47","modified_gmt":"2018-03-28T18:28:47","slug":"ubezpieczenie-samochodowe","status":"publish","type":"page","link":"https:\/\/www.rossignolbxl.be\/pl\/ubezpieczenie-samochodowe\/","title":{"rendered":"UBEZPIECZENIE SAMOCHODOWE"},"content":{"rendered":"<p>[et_pb_section bb_built=&#8221;1&#8243; fullwidth=&#8221;on&#8221; specialty=&#8221;off&#8221; _builder_version=&#8221;3.0.62&#8243;][et_pb_fullwidth_header _builder_version=&#8221;3.0.62&#8243; title=&#8221;UBEZPIECZENIE SAMOCHODOWE&#8221; background_image=&#8221;https:\/\/www.rossignolbxl.be\/wp-content\/uploads\/2017\/07\/autoverzekering.png&#8221; text_orientation=&#8221;left&#8221; header_fullscreen=&#8221;off&#8221; header_scroll_down=&#8221;off&#8221; image_orientation=&#8221;center&#8221; background_layout=&#8221;dark&#8221; content_orientation=&#8221;center&#8221; custom_button_one=&#8221;off&#8221; button_one_letter_spacing=&#8221;0&#8243; button_one_icon_placement=&#8221;right&#8221; button_one_letter_spacing_hover=&#8221;0&#8243; custom_button_two=&#8221;off&#8221; button_two_letter_spacing=&#8221;0&#8243; button_two_icon_placement=&#8221;right&#8221; button_two_letter_spacing_hover=&#8221;0&#8243; title_font_color=&#8221;#ffffff&#8221; custom_css_main_element=&#8221;height: 300px;&#8221; custom_css_title=&#8221;margin-top: 40px;&#8221; subhead=&#8221;(UBEZPIECZENIA KOMUNIKACYJNE)&#8221; \/][\/et_pb_section][et_pb_section bb_built=&#8221;1&#8243;][et_pb_row _builder_version=&#8221;3.0.62&#8243; background_position_1=&#8221;top_left&#8221; background_repeat_1=&#8221;no-repeat&#8221; background_position_2=&#8221;top_left&#8221; background_repeat_2=&#8221;no-repeat&#8221;][et_pb_column type=&#8221;2_3&#8243;][et_pb_text _builder_version=&#8221;3.0.62&#8243; background_layout=&#8221;light&#8221; text_orientation=&#8221;left&#8221; border_style=&#8221;solid&#8221; custom_padding=&#8221;15px|15px||15px&#8221; custom_css_main_element=&#8221;box-shadow: 0 6px 20px rgba(0, 0, 0, 0.23), 0 6px 20px rgba(0, 0, 0, 0.16);||&#8221;]Gad\u017cetowe opcje dla Twojego samochodu? Nie ma takiej opcji!<\/p>\n<p>Sam wybierasz gwarancje i us\u0142ugi, kt\u00f3re Ci odpowiadaj\u0105. Przedstawimy Ci ofert\u0119, kt\u00f3ra pozwoli po\u0142\u0105czy\u0107 wiele gwarancji i wybra\u0107 ubezpieczenie, kt\u00f3re najbardziej Ci odpowiada.<\/p>\n<p>Niekt\u00f3re gwarancje podlegaj\u0105 franszyzie, kt\u00f3rej wysoko\u015b\u0107 r\u00f3\u017cni si\u0119 w zale\u017cno\u015bci od rodzaju ubezpieczenia samochodu, dostosowanego jednocze\u015bnie do Twoich potrzeb i do Twojego pojazdu.<\/p>\n<p>W zwi\u0105zku z tym oferujemy Ci najkorzystniejsze stawki bez wzgl\u0119du na wybran\u0105 formu\u0142\u0119.[\/et_pb_text][\/et_pb_column][et_pb_column type=&#8221;1_3&#8243;][et_pb_button _builder_version=&#8221;3.0.62&#8243; button_text=&#8221;zapytaj o ofert\u0119&#8221; button_url=&#8221;\/contact&#8221; url_new_window=&#8221;off&#8221; button_alignment=&#8221;center&#8221; background_layout=&#8221;dark&#8221; custom_button=&#8221;on&#8221; button_text_color=&#8221;#ffffff&#8221; button_bg_color=&#8221;#c12e1b&#8221; button_border_width=&#8221;0&#8243; button_border_radius=&#8221;0&#8243; button_letter_spacing=&#8221;0&#8243; button_icon=&#8221;%%30%%&#8221; button_icon_placement=&#8221;right&#8221; button_on_hover=&#8221;off&#8221; button_letter_spacing_hover=&#8221;0&#8243; module_class=&#8221;offerte&#8221; button_font=&#8221;|||on|&#8221; saved_tabs=&#8221;all&#8221; global_module=&#8221;5367&#8243; \/][\/et_pb_column][\/et_pb_row][et_pb_row _builder_version=&#8221;3.0.62&#8243; background_position_1=&#8221;top_left&#8221; background_repeat_1=&#8221;no-repeat&#8221; custom_margin=&#8221;50px|||&#8221;][et_pb_column type=&#8221;4_4&#8243;][et_pb_text _builder_version=&#8221;3.0.62&#8243; background_layout=&#8221;light&#8221; text_orientation=&#8221;left&#8221; border_style=&#8221;solid&#8221;]&nbsp;[\/et_pb_text][et_pb_button _builder_version=&#8221;3.0.62&#8243; button_text=&#8221; &#8221; button_url=&#8221;\/contact&#8221; url_new_window=&#8221;off&#8221; button_alignment=&#8221;center&#8221; background_layout=&#8221;dark&#8221; custom_button=&#8221;on&#8221; button_text_color=&#8221;#ffffff&#8221; button_bg_color=&#8221;#c12e1b&#8221; button_border_width=&#8221;0&#8243; button_border_radius=&#8221;0&#8243; button_letter_spacing=&#8221;0&#8243; button_icon=&#8221;%%30%%&#8221; button_icon_placement=&#8221;right&#8221; button_on_hover=&#8221;off&#8221; button_letter_spacing_hover=&#8221;0&#8243; module_class=&#8221;offerte&#8221; button_font=&#8221;|||on|&#8221; saved_tabs=&#8221;all&#8221; global_module=&#8221;5367&#8243; \/][\/et_pb_column][\/et_pb_row][\/et_pb_section]<\/p>\n","protected":false},"excerpt":{"rendered":"<p>Gad\u017cetowe opcje dla Twojego samochodu? Nie ma takiej opcji! Sam wybierasz gwarancje i us\u0142ugi, kt\u00f3re Ci odpowiadaj\u0105. Przedstawimy Ci ofert\u0119, kt\u00f3ra pozwoli po\u0142\u0105czy\u0107 wiele gwarancji i wybra\u0107 ubezpieczenie, kt\u00f3re najbardziej Ci odpowiada. Niekt\u00f3re gwarancje podlegaj\u0105 franszyzie, kt\u00f3rej wysoko\u015b\u0107 r\u00f3\u017cni si\u0119 w zale\u017cno\u015bci od rodzaju ubezpieczenia samochodu, dostosowanego jednocze\u015bnie do Twoich potrzeb i do Twojego pojazdu. [&hellip;]<\/p>\n","protected":false},"author":2,"featured_media":0,"parent":0,"menu_order":0,"comment_status":"closed","ping_status":"closed","template":"","meta":{"_et_pb_use_builder":"on","_et_pb_old_content":"","_et_gb_content_width":"","footnotes":""},"_links":{"self":[{"href":"https:\/\/www.rossignolbxl.be\/pl\/wp-json\/wp\/v2\/pages\/5798"}],"collection":[{"href":"https:\/\/www.rossignolbxl.be\/pl\/wp-json\/wp\/v2\/pages"}],"about":[{"href":"https:\/\/www.rossignolbxl.be\/pl\/wp-json\/wp\/v2\/types\/page"}],"author":[{"embeddable":true,"href":"https:\/\/www.rossignolbxl.be\/pl\/wp-json\/wp\/v2\/users\/2"}],"replies":[{"embeddable":true,"href":"https:\/\/www.rossignolbxl.be\/pl\/wp-json\/wp\/v2\/comments?post=5798"}],"version-history":[{"count":6,"href":"https:\/\/www.rossignolbxl.be\/pl\/wp-json\/wp\/v2\/pages\/5798\/revisions"}],"predecessor-version":[{"id":5805,"href":"https:\/\/www.rossignolbxl.be\/pl\/wp-json\/wp\/v2\/pages\/5798\/revisions\/5805"}],"wp:attachment":[{"href":"https:\/\/www.rossignolbxl.be\/pl\/wp-json\/wp\/v2\/media?parent=5798"}],"curies":[{"name":"wp","href":"https:\/\/api.w.org\/{rel}","templated":true}]}}