{"id":5816,"date":"2018-03-28T18:33:36","date_gmt":"2018-03-28T18:33:36","guid":{"rendered":"https:\/\/www.rossignolbxl.be\/nasza-firma-czyli-kim-jestesmy\/"},"modified":"2018-03-28T18:33:36","modified_gmt":"2018-03-28T18:33:36","slug":"nasza-firma-czyli-kim-jestesmy","status":"publish","type":"page","link":"https:\/\/www.rossignolbxl.be\/pl\/nasza-firma-czyli-kim-jestesmy\/","title":{"rendered":"NASZA FIRMA CZYLI KIM JESTE\u015aMY"},"content":{"rendered":"<p>[et_pb_section bb_built=&#8221;1&#8243; fullwidth=&#8221;on&#8221; specialty=&#8221;off&#8221; _builder_version=&#8221;3.0.62&#8243;][et_pb_fullwidth_header _builder_version=&#8221;3.0.62&#8243; title=&#8221;NASZA FIRMA CZYLI KIM JESTE\u015aMY&#8221; background_image=&#8221;https:\/\/www.rossignolbxl.be\/wp-content\/uploads\/2017\/07\/group-insurance.jpg&#8221; text_orientation=&#8221;left&#8221; header_fullscreen=&#8221;off&#8221; header_scroll_down=&#8221;off&#8221; image_orientation=&#8221;center&#8221; background_layout=&#8221;dark&#8221; content_orientation=&#8221;center&#8221; custom_button_one=&#8221;off&#8221; button_one_letter_spacing=&#8221;0&#8243; button_one_icon_placement=&#8221;right&#8221; button_one_letter_spacing_hover=&#8221;0&#8243; custom_button_two=&#8221;off&#8221; button_two_letter_spacing=&#8221;0&#8243; button_two_icon_placement=&#8221;right&#8221; button_two_letter_spacing_hover=&#8221;0&#8243; title_font_color=&#8221;#ffffff&#8221; custom_css_main_element=&#8221;height: 300px;&#8221; custom_css_title=&#8221;margin-top: 40px;&#8221; background_position=&#8221;top_left&#8221; background_repeat=&#8221;repeat&#8221; background_size=&#8221;initial&#8221; \/][\/et_pb_section][et_pb_section bb_built=&#8221;1&#8243;][et_pb_row][et_pb_column type=&#8221;4_4&#8243;][et_pb_text _builder_version=&#8221;3.0.62&#8243; background_layout=&#8221;light&#8221; text_orientation=&#8221;left&#8221; border_style=&#8221;solid&#8221;]<\/p>\n<h3><strong>SPeCjALIzacja<\/strong><\/h3>\n<p>Dzi\u0119ki wieloletniemu do\u015bwiadczeniu nasze biuro specjalizuje si\u0119 w ubezpieczeniach os\u00f3b prowadz\u0105cych dzia\u0142alno\u015b\u0107 na w\u0142asny rachunek, ubezpieczeniach dla ma\u0142ych i \u015brednich przedsi\u0119biorstw, du\u017cych przedsi\u0119biorstw prowadz\u0105cych dzia\u0142alno\u015b\u0107 gospodarcz\u0105 i wsp\u00f3lnot mieszkaniowych.<\/p>\n<p>Ten typ klienteli wymaga szczeg\u00f3lnej uwagi i konkretnej wiedzy z zakresu ubezpiecze\u0144, prawa i prewencji.<\/p>\n<p>&nbsp;<\/p>\n<h3><strong>us\u0142ugi<\/strong><\/h3>\n<p>&nbsp;<\/p>\n<p>Najwi\u0119ksze towarzystwa ubezpieczeniowe w Belgii obdarzaj\u0105 nas zaufaniem, zar\u00f3wno przy podpisywaniu um\u00f3w ubezpieczeniowych, jak i przy likwidacji szk\u00f3d i wyp\u0142acie odszkodowa\u0144. Jest to korzy\u015b\u0107 dla klienta, zar\u00f3wno pod wzgl\u0119dem mo\u017cliwo\u015bci p\u0142atno\u015bci premii, jak i szybkiego odszkodowania w przypadku przedstawienia roszczenia.[\/et_pb_text][\/et_pb_column][\/et_pb_row][\/et_pb_section]<\/p>\n","protected":false},"excerpt":{"rendered":"<p><div class=\"et_pb_row et_pb_row_0 et_pb_row_empty\">\n\t\t\t\t\n\t\t\t\t\n\t\t\t\t\n\t\t\t\t\n\t\t\t\t\n\t\t\t<\/div>SPeCjALIzacja Dzi\u0119ki wieloletniemu do\u015bwiadczeniu nasze biuro specjalizuje si\u0119 w ubezpieczeniach os\u00f3b prowadz\u0105cych dzia\u0142alno\u015b\u0107 na w\u0142asny rachunek, ubezpieczeniach dla ma\u0142ych i \u015brednich przedsi\u0119biorstw, du\u017cych przedsi\u0119biorstw prowadz\u0105cych dzia\u0142alno\u015b\u0107 gospodarcz\u0105 i wsp\u00f3lnot mieszkaniowych. Ten typ klienteli wymaga szczeg\u00f3lnej uwagi i konkretnej wiedzy z zakresu ubezpiecze\u0144, prawa i prewencji. &nbsp; us\u0142ugi &nbsp; Najwi\u0119ksze towarzystwa ubezpieczeniowe w Belgii obdarzaj\u0105 nas [&hellip;]<\/p>\n","protected":false},"author":2,"featured_media":0,"parent":0,"menu_order":0,"comment_status":"closed","ping_status":"closed","template":"","meta":{"_et_pb_use_builder":"on","_et_pb_old_content":"","_et_gb_content_width":"","footnotes":""},"_links":{"self":[{"href":"https:\/\/www.rossignolbxl.be\/pl\/wp-json\/wp\/v2\/pages\/5816"}],"collection":[{"href":"https:\/\/www.rossignolbxl.be\/pl\/wp-json\/wp\/v2\/pages"}],"about":[{"href":"https:\/\/www.rossignolbxl.be\/pl\/wp-json\/wp\/v2\/types\/page"}],"author":[{"embeddable":true,"href":"https:\/\/www.rossignolbxl.be\/pl\/wp-json\/wp\/v2\/users\/2"}],"replies":[{"embeddable":true,"href":"https:\/\/www.rossignolbxl.be\/pl\/wp-json\/wp\/v2\/comments?post=5816"}],"version-history":[{"count":2,"href":"https:\/\/www.rossignolbxl.be\/pl\/wp-json\/wp\/v2\/pages\/5816\/revisions"}],"predecessor-version":[{"id":5818,"href":"https:\/\/www.rossignolbxl.be\/pl\/wp-json\/wp\/v2\/pages\/5816\/revisions\/5818"}],"wp:attachment":[{"href":"https:\/\/www.rossignolbxl.be\/pl\/wp-json\/wp\/v2\/media?parent=5816"}],"curies":[{"name":"wp","href":"https:\/\/api.w.org\/{rel}","templated":true}]}}